{"id":5207,"date":"2025-10-29T13:08:39","date_gmt":"2025-10-29T13:08:39","guid":{"rendered":"https:\/\/agenciausphot.com\/uze\/produto\/berloque-separador-tik-tok\/"},"modified":"2025-11-04T20:37:18","modified_gmt":"2025-11-04T20:37:18","slug":"berloque-separador-tik-tok","status":"publish","type":"product","link":"https:\/\/agenciausphot.com\/uze\/produto\/berloque-separador-tik-tok\/","title":{"rendered":"Berloque separador tik tok"},"content":{"rendered":"<h3 data-start=\"107\" data-end=\"133\">Detalhes do Produto:<\/h3>\n<p data-start=\"134\" data-end=\"425\">Berloque separador em <strong data-start=\"156\" data-end=\"178\">Prata 925 leg\u00edtima<\/strong>, inspirado no \u00edcone do <strong data-start=\"202\" data-end=\"212\">TikTok<\/strong>, a rede social que conquistou o mundo com m\u00fasica, criatividade e tend\u00eancias. Uma joia moderna e divertida, perfeita para personalizar pulseiras de quem ama o universo digital, dan\u00e7a, moda e conte\u00fados criativos.<\/p>\n<p data-start=\"427\" data-end=\"550\">As pratas 925 possuem <strong data-start=\"449\" data-end=\"471\">garantia vital\u00edcia<\/strong>, reconhecidas por sua resist\u00eancia, durabilidade e excelente custo-benef\u00edcio.<\/p>\n<hr data-start=\"552\" data-end=\"555\">\n<h3 data-start=\"557\" data-end=\"589\">Especifica\u00e7\u00f5es do produto:<\/h3>\n<ul data-start=\"590\" data-end=\"962\">\n<li data-start=\"590\" data-end=\"631\">\n<p data-start=\"592\" data-end=\"631\"><strong data-start=\"592\" data-end=\"603\">Modelo:<\/strong> Berloque Separador TikTok<\/p>\n<\/li>\n<li data-start=\"632\" data-end=\"681\">\n<p data-start=\"634\" data-end=\"681\"><strong data-start=\"634\" data-end=\"646\">Formato:<\/strong> Cil\u00edndrico com s\u00edmbolo do TikTok<\/p>\n<\/li>\n<li data-start=\"682\" data-end=\"718\">\n<p data-start=\"684\" data-end=\"718\"><strong data-start=\"684\" data-end=\"697\">Material:<\/strong> Prata 925 leg\u00edtima<\/p>\n<\/li>\n<li data-start=\"719\" data-end=\"811\">\n<p data-start=\"721\" data-end=\"811\"><strong data-start=\"721\" data-end=\"736\">Acabamento:<\/strong> Polido brilhante + detalhes esmaltados coloridos (varia conforme modelo)<\/p>\n<\/li>\n<li data-start=\"812\" data-end=\"850\">\n<p data-start=\"814\" data-end=\"850\"><strong data-start=\"814\" data-end=\"825\">Fun\u00e7\u00e3o:<\/strong> Separador de berloques<\/p>\n<\/li>\n<li data-start=\"851\" data-end=\"936\">\n<p data-start=\"853\" data-end=\"936\"><strong data-start=\"853\" data-end=\"873\">Compatibilidade:<\/strong> Pulseiras estilo europeu (Pandora, Life, Morana e similares)<\/p>\n<\/li>\n<li data-start=\"937\" data-end=\"962\">\n<p data-start=\"939\" data-end=\"962\"><strong data-start=\"939\" data-end=\"948\">Peso:<\/strong> Aprox. 1,8g<\/p>\n<\/li>\n<\/ul>\n<hr data-start=\"964\" data-end=\"967\">\n<h3 data-start=\"969\" data-end=\"984\">Garantia:<\/h3>\n<p data-start=\"985\" data-end=\"1239\">Todos os berloques em <strong data-start=\"1007\" data-end=\"1020\">Prata 925<\/strong> acompanham <strong data-start=\"1032\" data-end=\"1076\">Certificado de Garantia de Autenticidade<\/strong>, assegurando a <strong data-start=\"1092\" data-end=\"1110\">dura\u00e7\u00e3o eterna<\/strong> do material. Diferente das bijuterias, pe\u00e7as em Prata 925 preservam brilho e valor por toda a vida, assim como o <strong data-start=\"1224\" data-end=\"1236\">Ouro 18k<\/strong>.<\/p>\n","protected":false},"excerpt":{"rendered":"<p>Detalhes do Produto: Berloque separador em Prata 925 leg\u00edtima, inspirado no \u00edcone do TikTok, a rede social que conquistou o mundo com m\u00fasica, criatividade e&#8230;<\/p>\n","protected":false},"featured_media":5205,"comment_status":"open","ping_status":"closed","template":"","meta":[],"etheme_brands":[],"product_brand":[],"product_cat":[127],"product_tag":[133],"class_list":{"0":"post-5207","1":"product","2":"type-product","3":"status-publish","4":"has-post-thumbnail","6":"product_cat-categoriaberloques","7":"product_tag-uze-pratas","9":"first","10":"instock","11":"shipping-taxable","12":"purchasable","13":"product-type-simple"},"_links":{"self":[{"href":"https:\/\/agenciausphot.com\/uze\/wp-json\/wp\/v2\/product\/5207","targetHints":{"allow":["GET"]}}],"collection":[{"href":"https:\/\/agenciausphot.com\/uze\/wp-json\/wp\/v2\/product"}],"about":[{"href":"https:\/\/agenciausphot.com\/uze\/wp-json\/wp\/v2\/types\/product"}],"replies":[{"embeddable":true,"href":"https:\/\/agenciausphot.com\/uze\/wp-json\/wp\/v2\/comments?post=5207"}],"version-history":[{"count":1,"href":"https:\/\/agenciausphot.com\/uze\/wp-json\/wp\/v2\/product\/5207\/revisions"}],"predecessor-version":[{"id":6077,"href":"https:\/\/agenciausphot.com\/uze\/wp-json\/wp\/v2\/product\/5207\/revisions\/6077"}],"wp:featuredmedia":[{"embeddable":true,"href":"https:\/\/agenciausphot.com\/uze\/wp-json\/wp\/v2\/media\/5205"}],"wp:attachment":[{"href":"https:\/\/agenciausphot.com\/uze\/wp-json\/wp\/v2\/media?parent=5207"}],"wp:term":[{"taxonomy":"brand","embeddable":true,"href":"https:\/\/agenciausphot.com\/uze\/wp-json\/wp\/v2\/etheme_brands?post=5207"},{"taxonomy":"product_brand","embeddable":true,"href":"https:\/\/agenciausphot.com\/uze\/wp-json\/wp\/v2\/product_brand?post=5207"},{"taxonomy":"product_cat","embeddable":true,"href":"https:\/\/agenciausphot.com\/uze\/wp-json\/wp\/v2\/product_cat?post=5207"},{"taxonomy":"product_tag","embeddable":true,"href":"https:\/\/agenciausphot.com\/uze\/wp-json\/wp\/v2\/product_tag?post=5207"}],"curies":[{"name":"wp","href":"https:\/\/api.w.org\/{rel}","templated":true}]}}