{"id":5202,"date":"2025-10-29T13:08:35","date_gmt":"2025-10-29T13:08:35","guid":{"rendered":"https:\/\/agenciausphot.com\/uze\/produto\/berloque-separador-nossa-senhora\/"},"modified":"2025-11-18T14:06:20","modified_gmt":"2025-11-18T14:06:20","slug":"berloque-separador-nossa-senhora","status":"publish","type":"product","link":"https:\/\/agenciausphot.com\/uze\/produto\/berloque-separador-nossa-senhora\/","title":{"rendered":"Berloque separador nossa senhora"},"content":{"rendered":"<h3 data-start=\"114\" data-end=\"140\">Detalhes do Produto:<\/h3>\n<p data-start=\"141\" data-end=\"407\">Berloque separador em <strong data-start=\"163\" data-end=\"185\">Prata 925 leg\u00edtima<\/strong>, com design delicado da <strong data-start=\"210\" data-end=\"227\">Nossa Senhora<\/strong>, s\u00edmbolo de f\u00e9, devo\u00e7\u00e3o e prote\u00e7\u00e3o. Uma joia espiritual e significativa, ideal para organizar berloques na pulseira enquanto transmite religiosidade e eleg\u00e2ncia em cada detalhe.<\/p>\n<p data-start=\"409\" data-end=\"532\">As pratas 925 possuem <strong data-start=\"431\" data-end=\"453\">garantia vital\u00edcia<\/strong>, reconhecidas por sua resist\u00eancia, durabilidade e excelente custo-benef\u00edcio.<\/p>\n<hr data-start=\"534\" data-end=\"537\">\n<h3 data-start=\"539\" data-end=\"571\">Especifica\u00e7\u00f5es do produto:<\/h3>\n<ul data-start=\"572\" data-end=\"969\">\n<li data-start=\"572\" data-end=\"620\">\n<p data-start=\"574\" data-end=\"620\"><strong data-start=\"574\" data-end=\"585\">Modelo:<\/strong> Berloque Separador Nossa Senhora<\/p>\n<\/li>\n<li data-start=\"621\" data-end=\"721\">\n<p data-start=\"623\" data-end=\"721\"><strong data-start=\"623\" data-end=\"635\">Formato:<\/strong> Cil\u00edndrico com detalhe de Nossa Senhora (varia\u00e7\u00f5es lisas, cravejadas ou esmaltadas)<\/p>\n<\/li>\n<li data-start=\"722\" data-end=\"758\">\n<p data-start=\"724\" data-end=\"758\"><strong data-start=\"724\" data-end=\"737\">Material:<\/strong> Prata 925 leg\u00edtima<\/p>\n<\/li>\n<li data-start=\"759\" data-end=\"818\">\n<p data-start=\"761\" data-end=\"818\"><strong data-start=\"761\" data-end=\"776\">Acabamento:<\/strong> Polido brilhante + detalhes trabalhados<\/p>\n<\/li>\n<li data-start=\"819\" data-end=\"857\">\n<p data-start=\"821\" data-end=\"857\"><strong data-start=\"821\" data-end=\"832\">Fun\u00e7\u00e3o:<\/strong> Separador de berloques<\/p>\n<\/li>\n<li data-start=\"858\" data-end=\"943\">\n<p data-start=\"860\" data-end=\"943\"><strong data-start=\"860\" data-end=\"880\">Compatibilidade:<\/strong> Pulseiras estilo europeu (Pandora, Life, Morana e similares)<\/p>\n<\/li>\n<li data-start=\"944\" data-end=\"969\">\n<p data-start=\"946\" data-end=\"969\"><strong data-start=\"946\" data-end=\"955\">Peso:<\/strong> Aprox. 1,8g<\/p>\n<\/li>\n<\/ul>\n<hr data-start=\"971\" data-end=\"974\">\n<h3 data-start=\"976\" data-end=\"991\">Garantia:<\/h3>\n<p data-start=\"992\" data-end=\"1246\">Todos os berloques em <strong data-start=\"1014\" data-end=\"1027\">Prata 925<\/strong> acompanham <strong data-start=\"1039\" data-end=\"1083\">Certificado de Garantia de Autenticidade<\/strong>, assegurando a <strong data-start=\"1099\" data-end=\"1117\">dura\u00e7\u00e3o eterna<\/strong> do material. Diferente das bijuterias, pe\u00e7as em Prata 925 preservam brilho e valor por toda a vida, assim como o <strong data-start=\"1231\" data-end=\"1243\">Ouro 18k<\/strong>.<\/p>\n","protected":false},"excerpt":{"rendered":"<p>Detalhes do Produto: Berloque separador em Prata 925 leg\u00edtima, com design delicado da Nossa Senhora, s\u00edmbolo de f\u00e9, devo\u00e7\u00e3o e prote\u00e7\u00e3o. Uma joia espiritual e&#8230;<\/p>\n","protected":false},"featured_media":5201,"comment_status":"open","ping_status":"closed","template":"","meta":[],"etheme_brands":[],"product_brand":[],"product_cat":[127],"product_tag":[133],"class_list":{"0":"post-5202","1":"product","2":"type-product","3":"status-publish","4":"has-post-thumbnail","6":"product_cat-categoriaberloques","7":"product_tag-uze-pratas","9":"first","10":"instock","11":"shipping-taxable","12":"purchasable","13":"product-type-simple"},"_links":{"self":[{"href":"https:\/\/agenciausphot.com\/uze\/wp-json\/wp\/v2\/product\/5202","targetHints":{"allow":["GET"]}}],"collection":[{"href":"https:\/\/agenciausphot.com\/uze\/wp-json\/wp\/v2\/product"}],"about":[{"href":"https:\/\/agenciausphot.com\/uze\/wp-json\/wp\/v2\/types\/product"}],"replies":[{"embeddable":true,"href":"https:\/\/agenciausphot.com\/uze\/wp-json\/wp\/v2\/comments?post=5202"}],"version-history":[{"count":1,"href":"https:\/\/agenciausphot.com\/uze\/wp-json\/wp\/v2\/product\/5202\/revisions"}],"predecessor-version":[{"id":6075,"href":"https:\/\/agenciausphot.com\/uze\/wp-json\/wp\/v2\/product\/5202\/revisions\/6075"}],"wp:featuredmedia":[{"embeddable":true,"href":"https:\/\/agenciausphot.com\/uze\/wp-json\/wp\/v2\/media\/5201"}],"wp:attachment":[{"href":"https:\/\/agenciausphot.com\/uze\/wp-json\/wp\/v2\/media?parent=5202"}],"wp:term":[{"taxonomy":"brand","embeddable":true,"href":"https:\/\/agenciausphot.com\/uze\/wp-json\/wp\/v2\/etheme_brands?post=5202"},{"taxonomy":"product_brand","embeddable":true,"href":"https:\/\/agenciausphot.com\/uze\/wp-json\/wp\/v2\/product_brand?post=5202"},{"taxonomy":"product_cat","embeddable":true,"href":"https:\/\/agenciausphot.com\/uze\/wp-json\/wp\/v2\/product_cat?post=5202"},{"taxonomy":"product_tag","embeddable":true,"href":"https:\/\/agenciausphot.com\/uze\/wp-json\/wp\/v2\/product_tag?post=5202"}],"curies":[{"name":"wp","href":"https:\/\/api.w.org\/{rel}","templated":true}]}}