{"id":5200,"date":"2025-10-29T13:08:34","date_gmt":"2025-10-29T13:08:34","guid":{"rendered":"https:\/\/agenciausphot.com\/uze\/produto\/berloque-separador-coracao-menino\/"},"modified":"2025-11-04T20:37:16","modified_gmt":"2025-11-04T20:37:16","slug":"berloque-separador-coracao-menino","status":"publish","type":"product","link":"https:\/\/agenciausphot.com\/uze\/produto\/berloque-separador-coracao-menino\/","title":{"rendered":"Berloque separador cora\u00e7\u00e3o menino"},"content":{"rendered":"<h3 data-start=\"121\" data-end=\"147\">Detalhes do Produto:<\/h3>\n<p data-start=\"148\" data-end=\"473\">Berloque separador em <strong data-start=\"170\" data-end=\"192\">Prata 925 leg\u00edtima<\/strong>, com design delicado em formato de <strong data-start=\"228\" data-end=\"239\">cora\u00e7\u00e3o<\/strong> adornado por um <strong data-start=\"256\" data-end=\"277\">menino estilizado<\/strong>, simbolizando amor, maternidade e la\u00e7os familiares. Uma joia significativa e encantadora, perfeita para homenagear filhos, sobrinhos ou netos, tornando a pulseira ainda mais afetiva e especial.<\/p>\n<p data-start=\"475\" data-end=\"598\">As pratas 925 possuem <strong data-start=\"497\" data-end=\"519\">garantia vital\u00edcia<\/strong>, reconhecidas por sua resist\u00eancia, durabilidade e excelente custo-benef\u00edcio.<\/p>\n<hr data-start=\"600\" data-end=\"603\">\n<h3 data-start=\"605\" data-end=\"637\">Especifica\u00e7\u00f5es do produto:<\/h3>\n<ul data-start=\"638\" data-end=\"1036\">\n<li data-start=\"638\" data-end=\"687\">\n<p data-start=\"640\" data-end=\"687\"><strong data-start=\"640\" data-end=\"651\">Modelo:<\/strong> Berloque Separador Cora\u00e7\u00e3o Menino<\/p>\n<\/li>\n<li data-start=\"688\" data-end=\"750\">\n<p data-start=\"690\" data-end=\"750\"><strong data-start=\"690\" data-end=\"702\">Formato:<\/strong> Cora\u00e7\u00e3o vazado\/detalhado com figura de menino<\/p>\n<\/li>\n<li data-start=\"751\" data-end=\"787\">\n<p data-start=\"753\" data-end=\"787\"><strong data-start=\"753\" data-end=\"766\">Material:<\/strong> Prata 925 leg\u00edtima<\/p>\n<\/li>\n<li data-start=\"788\" data-end=\"885\">\n<p data-start=\"790\" data-end=\"885\"><strong data-start=\"790\" data-end=\"805\">Acabamento:<\/strong> Polido brilhante (podendo ter detalhes esmaltados ou cravejados em zirc\u00f4nias)<\/p>\n<\/li>\n<li data-start=\"886\" data-end=\"924\">\n<p data-start=\"888\" data-end=\"924\"><strong data-start=\"888\" data-end=\"899\">Fun\u00e7\u00e3o:<\/strong> Separador de berloques<\/p>\n<\/li>\n<li data-start=\"925\" data-end=\"1010\">\n<p data-start=\"927\" data-end=\"1010\"><strong data-start=\"927\" data-end=\"947\">Compatibilidade:<\/strong> Pulseiras estilo europeu (Pandora, Life, Morana e similares)<\/p>\n<\/li>\n<li data-start=\"1011\" data-end=\"1036\">\n<p data-start=\"1013\" data-end=\"1036\"><strong data-start=\"1013\" data-end=\"1022\">Peso:<\/strong> Aprox. 1,8g<\/p>\n<\/li>\n<\/ul>\n<hr data-start=\"1038\" data-end=\"1041\">\n<h3 data-start=\"1043\" data-end=\"1058\">Garantia:<\/h3>\n<p data-start=\"1059\" data-end=\"1313\">Todos os berloques em <strong data-start=\"1081\" data-end=\"1094\">Prata 925<\/strong> acompanham <strong data-start=\"1106\" data-end=\"1150\">Certificado de Garantia de Autenticidade<\/strong>, assegurando a <strong data-start=\"1166\" data-end=\"1184\">dura\u00e7\u00e3o eterna<\/strong> do material. Diferente das bijuterias, pe\u00e7as em Prata 925 preservam brilho e valor por toda a vida, assim como o <strong data-start=\"1298\" data-end=\"1310\">Ouro 18k<\/strong>.<\/p>\n","protected":false},"excerpt":{"rendered":"<p>Detalhes do Produto: Berloque separador em Prata 925 leg\u00edtima, com design delicado em formato de cora\u00e7\u00e3o adornado por um menino estilizado, simbolizando amor, maternidade e&#8230;<\/p>\n","protected":false},"featured_media":5199,"comment_status":"open","ping_status":"closed","template":"","meta":[],"etheme_brands":[],"product_brand":[],"product_cat":[127],"product_tag":[133],"class_list":{"0":"post-5200","1":"product","2":"type-product","3":"status-publish","4":"has-post-thumbnail","6":"product_cat-categoriaberloques","7":"product_tag-uze-pratas","9":"first","10":"instock","11":"shipping-taxable","12":"purchasable","13":"product-type-simple"},"_links":{"self":[{"href":"https:\/\/agenciausphot.com\/uze\/wp-json\/wp\/v2\/product\/5200","targetHints":{"allow":["GET"]}}],"collection":[{"href":"https:\/\/agenciausphot.com\/uze\/wp-json\/wp\/v2\/product"}],"about":[{"href":"https:\/\/agenciausphot.com\/uze\/wp-json\/wp\/v2\/types\/product"}],"replies":[{"embeddable":true,"href":"https:\/\/agenciausphot.com\/uze\/wp-json\/wp\/v2\/comments?post=5200"}],"version-history":[{"count":1,"href":"https:\/\/agenciausphot.com\/uze\/wp-json\/wp\/v2\/product\/5200\/revisions"}],"predecessor-version":[{"id":6074,"href":"https:\/\/agenciausphot.com\/uze\/wp-json\/wp\/v2\/product\/5200\/revisions\/6074"}],"wp:featuredmedia":[{"embeddable":true,"href":"https:\/\/agenciausphot.com\/uze\/wp-json\/wp\/v2\/media\/5199"}],"wp:attachment":[{"href":"https:\/\/agenciausphot.com\/uze\/wp-json\/wp\/v2\/media?parent=5200"}],"wp:term":[{"taxonomy":"brand","embeddable":true,"href":"https:\/\/agenciausphot.com\/uze\/wp-json\/wp\/v2\/etheme_brands?post=5200"},{"taxonomy":"product_brand","embeddable":true,"href":"https:\/\/agenciausphot.com\/uze\/wp-json\/wp\/v2\/product_brand?post=5200"},{"taxonomy":"product_cat","embeddable":true,"href":"https:\/\/agenciausphot.com\/uze\/wp-json\/wp\/v2\/product_cat?post=5200"},{"taxonomy":"product_tag","embeddable":true,"href":"https:\/\/agenciausphot.com\/uze\/wp-json\/wp\/v2\/product_tag?post=5200"}],"curies":[{"name":"wp","href":"https:\/\/api.w.org\/{rel}","templated":true}]}}