{"id":5187,"date":"2025-10-29T13:08:23","date_gmt":"2025-10-29T13:08:23","guid":{"rendered":"https:\/\/agenciausphot.com\/uze\/produto\/berloque-separador-coracoes-vazados\/"},"modified":"2025-11-04T20:37:13","modified_gmt":"2025-11-04T20:37:13","slug":"berloque-separador-coracoes-vazados","status":"publish","type":"product","link":"https:\/\/agenciausphot.com\/uze\/produto\/berloque-separador-coracoes-vazados\/","title":{"rendered":"Berloque separador cora\u00e7\u00f5es vazados"},"content":{"rendered":"<h3 data-start=\"117\" data-end=\"143\">Detalhes do Produto:<\/h3>\n<p data-start=\"144\" data-end=\"429\">Berloque separador em <strong data-start=\"166\" data-end=\"188\">Prata 925 leg\u00edtima<\/strong>, com design delicado de <strong data-start=\"213\" data-end=\"233\">cora\u00e7\u00f5es vazados<\/strong> ao redor da pe\u00e7a, simbolizando amor, uni\u00e3o e afeto. Uma joia vers\u00e1til e encantadora, perfeita para organizar berloques na pulseira e ao mesmo tempo acrescentar romantismo e eleg\u00e2ncia ao visual.<\/p>\n<p data-start=\"431\" data-end=\"554\">As pratas 925 possuem <strong data-start=\"453\" data-end=\"475\">garantia vital\u00edcia<\/strong>, reconhecidas por sua resist\u00eancia, durabilidade e excelente custo-benef\u00edcio.<\/p>\n<hr data-start=\"556\" data-end=\"559\">\n<h3 data-start=\"561\" data-end=\"593\">Especifica\u00e7\u00f5es do produto:<\/h3>\n<ul data-start=\"594\" data-end=\"983\">\n<li data-start=\"594\" data-end=\"645\">\n<p data-start=\"596\" data-end=\"645\"><strong data-start=\"596\" data-end=\"607\">Modelo:<\/strong> Berloque Separador Cora\u00e7\u00f5es Vazados<\/p>\n<\/li>\n<li data-start=\"646\" data-end=\"694\">\n<p data-start=\"648\" data-end=\"694\"><strong data-start=\"648\" data-end=\"660\">Formato:<\/strong> Cil\u00edndrico com cora\u00e7\u00f5es vazados<\/p>\n<\/li>\n<li data-start=\"695\" data-end=\"731\">\n<p data-start=\"697\" data-end=\"731\"><strong data-start=\"697\" data-end=\"710\">Material:<\/strong> Prata 925 leg\u00edtima<\/p>\n<\/li>\n<li data-start=\"732\" data-end=\"825\">\n<p data-start=\"734\" data-end=\"825\"><strong data-start=\"734\" data-end=\"749\">Acabamento:<\/strong> Polido brilhante (podendo ter varia\u00e7\u00f5es lisas ou com detalhes cravejados)<\/p>\n<\/li>\n<li data-start=\"826\" data-end=\"864\">\n<p data-start=\"828\" data-end=\"864\"><strong data-start=\"828\" data-end=\"839\">Fun\u00e7\u00e3o:<\/strong> Separador de berloques<\/p>\n<\/li>\n<li data-start=\"865\" data-end=\"950\">\n<p data-start=\"867\" data-end=\"950\"><strong data-start=\"867\" data-end=\"887\">Compatibilidade:<\/strong> Pulseiras estilo europeu (Pandora, Life, Morana e similares)<\/p>\n<\/li>\n<li data-start=\"951\" data-end=\"983\">\n<p data-start=\"953\" data-end=\"983\"><strong data-start=\"953\" data-end=\"962\">Peso:<\/strong> Aprox. 1,5g \u2013 1,8g<\/p>\n<\/li>\n<\/ul>\n<hr data-start=\"985\" data-end=\"988\">\n<h3 data-start=\"990\" data-end=\"1005\">Garantia:<\/h3>\n<p data-start=\"1006\" data-end=\"1260\">Todos os berloques em <strong data-start=\"1028\" data-end=\"1041\">Prata 925<\/strong> acompanham <strong data-start=\"1053\" data-end=\"1097\">Certificado de Garantia de Autenticidade<\/strong>, assegurando a <strong data-start=\"1113\" data-end=\"1131\">dura\u00e7\u00e3o eterna<\/strong> do material. Diferente das bijuterias, pe\u00e7as em Prata 925 preservam brilho e valor por toda a vida, assim como o <strong data-start=\"1245\" data-end=\"1257\">Ouro 18k<\/strong>.<\/p>\n","protected":false},"excerpt":{"rendered":"<p>Detalhes do Produto: Berloque separador em Prata 925 leg\u00edtima, com design delicado de cora\u00e7\u00f5es vazados ao redor da pe\u00e7a, simbolizando amor, uni\u00e3o e afeto. Uma&#8230;<\/p>\n","protected":false},"featured_media":5185,"comment_status":"open","ping_status":"closed","template":"","meta":[],"etheme_brands":[],"product_brand":[],"product_cat":[127],"product_tag":[133],"class_list":{"0":"post-5187","1":"product","2":"type-product","3":"status-publish","4":"has-post-thumbnail","6":"product_cat-categoriaberloques","7":"product_tag-uze-pratas","9":"first","10":"instock","11":"shipping-taxable","12":"purchasable","13":"product-type-simple"},"_links":{"self":[{"href":"https:\/\/agenciausphot.com\/uze\/wp-json\/wp\/v2\/product\/5187","targetHints":{"allow":["GET"]}}],"collection":[{"href":"https:\/\/agenciausphot.com\/uze\/wp-json\/wp\/v2\/product"}],"about":[{"href":"https:\/\/agenciausphot.com\/uze\/wp-json\/wp\/v2\/types\/product"}],"replies":[{"embeddable":true,"href":"https:\/\/agenciausphot.com\/uze\/wp-json\/wp\/v2\/comments?post=5187"}],"version-history":[{"count":1,"href":"https:\/\/agenciausphot.com\/uze\/wp-json\/wp\/v2\/product\/5187\/revisions"}],"predecessor-version":[{"id":6069,"href":"https:\/\/agenciausphot.com\/uze\/wp-json\/wp\/v2\/product\/5187\/revisions\/6069"}],"wp:featuredmedia":[{"embeddable":true,"href":"https:\/\/agenciausphot.com\/uze\/wp-json\/wp\/v2\/media\/5185"}],"wp:attachment":[{"href":"https:\/\/agenciausphot.com\/uze\/wp-json\/wp\/v2\/media?parent=5187"}],"wp:term":[{"taxonomy":"brand","embeddable":true,"href":"https:\/\/agenciausphot.com\/uze\/wp-json\/wp\/v2\/etheme_brands?post=5187"},{"taxonomy":"product_brand","embeddable":true,"href":"https:\/\/agenciausphot.com\/uze\/wp-json\/wp\/v2\/product_brand?post=5187"},{"taxonomy":"product_cat","embeddable":true,"href":"https:\/\/agenciausphot.com\/uze\/wp-json\/wp\/v2\/product_cat?post=5187"},{"taxonomy":"product_tag","embeddable":true,"href":"https:\/\/agenciausphot.com\/uze\/wp-json\/wp\/v2\/product_tag?post=5187"}],"curies":[{"name":"wp","href":"https:\/\/api.w.org\/{rel}","templated":true}]}}