{"id":5184,"date":"2025-10-29T13:08:20","date_gmt":"2025-10-29T13:08:20","guid":{"rendered":"https:\/\/agenciausphot.com\/uze\/produto\/berloque-separador-coracao-arvore\/"},"modified":"2025-11-04T20:37:12","modified_gmt":"2025-11-04T20:37:12","slug":"berloque-separador-coracao-arvore","status":"publish","type":"product","link":"https:\/\/agenciausphot.com\/uze\/produto\/berloque-separador-coracao-arvore\/","title":{"rendered":"Berloque separador cora\u00e7\u0101o arvore"},"content":{"rendered":"<h3 data-start=\"129\" data-end=\"155\">Detalhes do Produto:<\/h3>\n<p data-start=\"156\" data-end=\"510\">Berloque separador em <strong data-start=\"178\" data-end=\"200\">Prata 925 leg\u00edtima<\/strong>, com design delicado em formato de <strong data-start=\"236\" data-end=\"254\">cora\u00e7\u00e3o vazado<\/strong> que traz em seu interior a simb\u00f3lica <strong data-start=\"292\" data-end=\"310\">\u00c1rvore da Vida<\/strong>. Uma pe\u00e7a cheia de espiritualidade e significado, representando amor, equil\u00edbrio e renova\u00e7\u00e3o. Ideal para organizar berloques na pulseira e ao mesmo tempo adicionar beleza e simbologia \u00e0 composi\u00e7\u00e3o.<\/p>\n<p data-start=\"512\" data-end=\"635\">As pratas 925 possuem <strong data-start=\"534\" data-end=\"556\">garantia vital\u00edcia<\/strong>, reconhecidas por sua resist\u00eancia, durabilidade e excelente custo-benef\u00edcio.<\/p>\n<hr data-start=\"637\" data-end=\"640\">\n<h3 data-start=\"642\" data-end=\"674\">Especifica\u00e7\u00f5es do produto:<\/h3>\n<ul data-start=\"675\" data-end=\"1062\">\n<li data-start=\"675\" data-end=\"732\">\n<p data-start=\"677\" data-end=\"732\"><strong data-start=\"677\" data-end=\"688\">Modelo:<\/strong> Berloque Separador Cora\u00e7\u00e3o \u00c1rvore da Vida<\/p>\n<\/li>\n<li data-start=\"733\" data-end=\"788\">\n<p data-start=\"735\" data-end=\"788\"><strong data-start=\"735\" data-end=\"747\">Formato:<\/strong> Cora\u00e7\u00e3o com \u00e1rvore detalhada no centro<\/p>\n<\/li>\n<li data-start=\"789\" data-end=\"825\">\n<p data-start=\"791\" data-end=\"825\"><strong data-start=\"791\" data-end=\"804\">Material:<\/strong> Prata 925 leg\u00edtima<\/p>\n<\/li>\n<li data-start=\"826\" data-end=\"911\">\n<p data-start=\"828\" data-end=\"911\"><strong data-start=\"828\" data-end=\"843\">Acabamento:<\/strong> Polido brilhante (com varia\u00e7\u00f5es lisas ou cravejadas em zirc\u00f4nias)<\/p>\n<\/li>\n<li data-start=\"912\" data-end=\"950\">\n<p data-start=\"914\" data-end=\"950\"><strong data-start=\"914\" data-end=\"925\">Fun\u00e7\u00e3o:<\/strong> Separador de berloques<\/p>\n<\/li>\n<li data-start=\"951\" data-end=\"1036\">\n<p data-start=\"953\" data-end=\"1036\"><strong data-start=\"953\" data-end=\"973\">Compatibilidade:<\/strong> Pulseiras estilo europeu (Pandora, Life, Morana e similares)<\/p>\n<\/li>\n<li data-start=\"1037\" data-end=\"1062\">\n<p data-start=\"1039\" data-end=\"1062\"><strong data-start=\"1039\" data-end=\"1048\">Peso:<\/strong> Aprox. 1,8g<\/p>\n<\/li>\n<\/ul>\n<hr data-start=\"1064\" data-end=\"1067\">\n<h3 data-start=\"1069\" data-end=\"1084\">Garantia:<\/h3>\n<p data-start=\"1085\" data-end=\"1339\">Todos os berloques em <strong data-start=\"1107\" data-end=\"1120\">Prata 925<\/strong> acompanham <strong data-start=\"1132\" data-end=\"1176\">Certificado de Garantia de Autenticidade<\/strong>, assegurando a <strong data-start=\"1192\" data-end=\"1210\">dura\u00e7\u00e3o eterna<\/strong> do material. Diferente das bijuterias, pe\u00e7as em Prata 925 preservam brilho e valor por toda a vida, assim como o <strong data-start=\"1324\" data-end=\"1336\">Ouro 18k<\/strong>.<\/p>\n","protected":false},"excerpt":{"rendered":"<p>Detalhes do Produto: Berloque separador em Prata 925 leg\u00edtima, com design delicado em formato de cora\u00e7\u00e3o vazado que traz em seu interior a simb\u00f3lica \u00c1rvore&#8230;<\/p>\n","protected":false},"featured_media":5183,"comment_status":"open","ping_status":"closed","template":"","meta":[],"etheme_brands":[],"product_brand":[],"product_cat":[127],"product_tag":[133],"class_list":{"0":"post-5184","1":"product","2":"type-product","3":"status-publish","4":"has-post-thumbnail","6":"product_cat-categoriaberloques","7":"product_tag-uze-pratas","9":"first","10":"instock","11":"shipping-taxable","12":"purchasable","13":"product-type-simple"},"_links":{"self":[{"href":"https:\/\/agenciausphot.com\/uze\/wp-json\/wp\/v2\/product\/5184","targetHints":{"allow":["GET"]}}],"collection":[{"href":"https:\/\/agenciausphot.com\/uze\/wp-json\/wp\/v2\/product"}],"about":[{"href":"https:\/\/agenciausphot.com\/uze\/wp-json\/wp\/v2\/types\/product"}],"replies":[{"embeddable":true,"href":"https:\/\/agenciausphot.com\/uze\/wp-json\/wp\/v2\/comments?post=5184"}],"version-history":[{"count":1,"href":"https:\/\/agenciausphot.com\/uze\/wp-json\/wp\/v2\/product\/5184\/revisions"}],"predecessor-version":[{"id":6068,"href":"https:\/\/agenciausphot.com\/uze\/wp-json\/wp\/v2\/product\/5184\/revisions\/6068"}],"wp:featuredmedia":[{"embeddable":true,"href":"https:\/\/agenciausphot.com\/uze\/wp-json\/wp\/v2\/media\/5183"}],"wp:attachment":[{"href":"https:\/\/agenciausphot.com\/uze\/wp-json\/wp\/v2\/media?parent=5184"}],"wp:term":[{"taxonomy":"brand","embeddable":true,"href":"https:\/\/agenciausphot.com\/uze\/wp-json\/wp\/v2\/etheme_brands?post=5184"},{"taxonomy":"product_brand","embeddable":true,"href":"https:\/\/agenciausphot.com\/uze\/wp-json\/wp\/v2\/product_brand?post=5184"},{"taxonomy":"product_cat","embeddable":true,"href":"https:\/\/agenciausphot.com\/uze\/wp-json\/wp\/v2\/product_cat?post=5184"},{"taxonomy":"product_tag","embeddable":true,"href":"https:\/\/agenciausphot.com\/uze\/wp-json\/wp\/v2\/product_tag?post=5184"}],"curies":[{"name":"wp","href":"https:\/\/api.w.org\/{rel}","templated":true}]}}