{"id":5182,"date":"2025-10-29T13:08:19","date_gmt":"2025-10-29T13:08:19","guid":{"rendered":"https:\/\/agenciausphot.com\/uze\/produto\/berloque-separador-coracao-vazado-com-borboleta\/"},"modified":"2025-11-04T20:37:11","modified_gmt":"2025-11-04T20:37:11","slug":"berloque-separador-coracao-vazado-com-borboleta","status":"publish","type":"product","link":"https:\/\/agenciausphot.com\/uze\/produto\/berloque-separador-coracao-vazado-com-borboleta\/","title":{"rendered":"Berloque separador cora\u00e7\u00e3o vazado com borboleta"},"content":{"rendered":"<h3 data-start=\"131\" data-end=\"157\">Detalhes do Produto:<\/h3>\n<p data-start=\"158\" data-end=\"473\">Berloque separador em <strong data-start=\"180\" data-end=\"202\">Prata 925 leg\u00edtima<\/strong>, com design encantador de <strong data-start=\"229\" data-end=\"247\">cora\u00e7\u00e3o vazado<\/strong>, adornado por uma delicada <strong data-start=\"275\" data-end=\"288\">borboleta<\/strong>, simbolizando amor, leveza e transforma\u00e7\u00e3o. Uma joia charmosa e cheia de significado, ideal para organizar berloques na pulseira enquanto acrescenta beleza e romantismo \u00e0 composi\u00e7\u00e3o.<\/p>\n<p data-start=\"475\" data-end=\"598\">As pratas 925 possuem <strong data-start=\"497\" data-end=\"519\">garantia vital\u00edcia<\/strong>, reconhecidas por sua resist\u00eancia, durabilidade e excelente custo-benef\u00edcio.<\/p>\n<hr data-start=\"600\" data-end=\"603\">\n<h3 data-start=\"605\" data-end=\"637\">Especifica\u00e7\u00f5es do produto:<\/h3>\n<ul data-start=\"638\" data-end=\"1047\">\n<li data-start=\"638\" data-end=\"701\">\n<p data-start=\"640\" data-end=\"701\"><strong data-start=\"640\" data-end=\"651\">Modelo:<\/strong> Berloque Separador Cora\u00e7\u00e3o Vazado com Borboleta<\/p>\n<\/li>\n<li data-start=\"702\" data-end=\"758\">\n<p data-start=\"704\" data-end=\"758\"><strong data-start=\"704\" data-end=\"716\">Formato:<\/strong> Cora\u00e7\u00e3o vazado com detalhe de borboleta<\/p>\n<\/li>\n<li data-start=\"759\" data-end=\"795\">\n<p data-start=\"761\" data-end=\"795\"><strong data-start=\"761\" data-end=\"774\">Material:<\/strong> Prata 925 leg\u00edtima<\/p>\n<\/li>\n<li data-start=\"796\" data-end=\"896\">\n<p data-start=\"798\" data-end=\"896\"><strong data-start=\"798\" data-end=\"813\">Acabamento:<\/strong> Polido brilhante (podendo ter detalhes cravejados em zirc\u00f4nias, conforme modelo)<\/p>\n<\/li>\n<li data-start=\"897\" data-end=\"935\">\n<p data-start=\"899\" data-end=\"935\"><strong data-start=\"899\" data-end=\"910\">Fun\u00e7\u00e3o:<\/strong> Separador de berloques<\/p>\n<\/li>\n<li data-start=\"936\" data-end=\"1021\">\n<p data-start=\"938\" data-end=\"1021\"><strong data-start=\"938\" data-end=\"958\">Compatibilidade:<\/strong> Pulseiras estilo europeu (Pandora, Life, Morana e similares)<\/p>\n<\/li>\n<li data-start=\"1022\" data-end=\"1047\">\n<p data-start=\"1024\" data-end=\"1047\"><strong data-start=\"1024\" data-end=\"1033\">Peso:<\/strong> Aprox. 1,8g<\/p>\n<\/li>\n<\/ul>\n<hr data-start=\"1049\" data-end=\"1052\">\n<h3 data-start=\"1054\" data-end=\"1069\">Garantia:<\/h3>\n<p data-start=\"1070\" data-end=\"1324\">Todos os berloques em <strong data-start=\"1092\" data-end=\"1105\">Prata 925<\/strong> acompanham <strong data-start=\"1117\" data-end=\"1161\">Certificado de Garantia de Autenticidade<\/strong>, assegurando a <strong data-start=\"1177\" data-end=\"1195\">dura\u00e7\u00e3o eterna<\/strong> do material. Diferente das bijuterias, pe\u00e7as em Prata 925 preservam brilho e valor por toda a vida, assim como o <strong data-start=\"1309\" data-end=\"1321\">Ouro 18k<\/strong>.<\/p>\n","protected":false},"excerpt":{"rendered":"<p>Detalhes do Produto: Berloque separador em Prata 925 leg\u00edtima, com design encantador de cora\u00e7\u00e3o vazado, adornado por uma delicada borboleta, simbolizando amor, leveza e transforma\u00e7\u00e3o&#8230;.<\/p>\n","protected":false},"featured_media":5181,"comment_status":"open","ping_status":"closed","template":"","meta":[],"etheme_brands":[],"product_brand":[],"product_cat":[127],"product_tag":[133],"class_list":{"0":"post-5182","1":"product","2":"type-product","3":"status-publish","4":"has-post-thumbnail","6":"product_cat-categoriaberloques","7":"product_tag-uze-pratas","9":"first","10":"instock","11":"shipping-taxable","12":"purchasable","13":"product-type-simple"},"_links":{"self":[{"href":"https:\/\/agenciausphot.com\/uze\/wp-json\/wp\/v2\/product\/5182","targetHints":{"allow":["GET"]}}],"collection":[{"href":"https:\/\/agenciausphot.com\/uze\/wp-json\/wp\/v2\/product"}],"about":[{"href":"https:\/\/agenciausphot.com\/uze\/wp-json\/wp\/v2\/types\/product"}],"replies":[{"embeddable":true,"href":"https:\/\/agenciausphot.com\/uze\/wp-json\/wp\/v2\/comments?post=5182"}],"version-history":[{"count":1,"href":"https:\/\/agenciausphot.com\/uze\/wp-json\/wp\/v2\/product\/5182\/revisions"}],"predecessor-version":[{"id":6067,"href":"https:\/\/agenciausphot.com\/uze\/wp-json\/wp\/v2\/product\/5182\/revisions\/6067"}],"wp:featuredmedia":[{"embeddable":true,"href":"https:\/\/agenciausphot.com\/uze\/wp-json\/wp\/v2\/media\/5181"}],"wp:attachment":[{"href":"https:\/\/agenciausphot.com\/uze\/wp-json\/wp\/v2\/media?parent=5182"}],"wp:term":[{"taxonomy":"brand","embeddable":true,"href":"https:\/\/agenciausphot.com\/uze\/wp-json\/wp\/v2\/etheme_brands?post=5182"},{"taxonomy":"product_brand","embeddable":true,"href":"https:\/\/agenciausphot.com\/uze\/wp-json\/wp\/v2\/product_brand?post=5182"},{"taxonomy":"product_cat","embeddable":true,"href":"https:\/\/agenciausphot.com\/uze\/wp-json\/wp\/v2\/product_cat?post=5182"},{"taxonomy":"product_tag","embeddable":true,"href":"https:\/\/agenciausphot.com\/uze\/wp-json\/wp\/v2\/product_tag?post=5182"}],"curies":[{"name":"wp","href":"https:\/\/api.w.org\/{rel}","templated":true}]}}