{"id":5173,"date":"2025-10-29T13:08:12","date_gmt":"2025-10-29T13:08:12","guid":{"rendered":"https:\/\/agenciausphot.com\/uze\/produto\/berloque-instragam\/"},"modified":"2025-11-04T20:37:08","modified_gmt":"2025-11-04T20:37:08","slug":"berloque-instragam","status":"publish","type":"product","link":"https:\/\/agenciausphot.com\/uze\/produto\/berloque-instragam\/","title":{"rendered":"Berloque instragam"},"content":{"rendered":"<h3 data-start=\"100\" data-end=\"126\">Detalhes do Produto:<\/h3>\n<p data-start=\"127\" data-end=\"415\">Berloque em <strong data-start=\"139\" data-end=\"161\">Prata 925 leg\u00edtima<\/strong>, inspirado no \u00edcone do <strong data-start=\"185\" data-end=\"198\">Instagram<\/strong>, a rede social que conecta pessoas e hist\u00f3rias ao redor do mundo. Uma pe\u00e7a moderna e descolada, perfeita para quem ama fotografia, lifestyle digital e deseja eternizar sua paix\u00e3o pelo universo online em suas joias.<\/p>\n<p data-start=\"417\" data-end=\"540\">As pratas 925 possuem <strong data-start=\"439\" data-end=\"461\">garantia vital\u00edcia<\/strong>, reconhecidas por sua resist\u00eancia, durabilidade e excelente custo-benef\u00edcio.<\/p>\n<hr data-start=\"542\" data-end=\"545\">\n<h3 data-start=\"547\" data-end=\"579\">Especifica\u00e7\u00f5es do produto:<\/h3>\n<ul data-start=\"580\" data-end=\"913\">\n<li data-start=\"580\" data-end=\"614\">\n<p data-start=\"582\" data-end=\"614\"><strong data-start=\"582\" data-end=\"593\">Modelo:<\/strong> Berloque Instagram<\/p>\n<\/li>\n<li data-start=\"615\" data-end=\"671\">\n<p data-start=\"617\" data-end=\"671\"><strong data-start=\"617\" data-end=\"629\">Formato:<\/strong> \u00cdcone estilizado da c\u00e2mera do Instagram<\/p>\n<\/li>\n<li data-start=\"672\" data-end=\"708\">\n<p data-start=\"674\" data-end=\"708\"><strong data-start=\"674\" data-end=\"687\">Material:<\/strong> Prata 925 leg\u00edtima<\/p>\n<\/li>\n<li data-start=\"709\" data-end=\"801\">\n<p data-start=\"711\" data-end=\"801\"><strong data-start=\"711\" data-end=\"726\">Acabamento:<\/strong> Polido brilhante + detalhes esmaltados coloridos (varia conforme modelo)<\/p>\n<\/li>\n<li data-start=\"802\" data-end=\"887\">\n<p data-start=\"804\" data-end=\"887\"><strong data-start=\"804\" data-end=\"824\">Compatibilidade:<\/strong> Pulseiras estilo europeu (Pandora, Life, Morana e similares)<\/p>\n<\/li>\n<li data-start=\"888\" data-end=\"913\">\n<p data-start=\"890\" data-end=\"913\"><strong data-start=\"890\" data-end=\"899\">Peso:<\/strong> Aprox. 2,0g<\/p>\n<\/li>\n<\/ul>\n<hr data-start=\"915\" data-end=\"918\">\n<h3 data-start=\"920\" data-end=\"935\">Garantia:<\/h3>\n<p data-start=\"936\" data-end=\"1190\">Todos os berloques em <strong data-start=\"958\" data-end=\"971\">Prata 925<\/strong> acompanham <strong data-start=\"983\" data-end=\"1027\">Certificado de Garantia de Autenticidade<\/strong>, assegurando a <strong data-start=\"1043\" data-end=\"1061\">dura\u00e7\u00e3o eterna<\/strong> do material. Diferente das bijuterias, pe\u00e7as em Prata 925 preservam brilho e valor por toda a vida, assim como o <strong data-start=\"1175\" data-end=\"1187\">Ouro 18k<\/strong>.<\/p>\n","protected":false},"excerpt":{"rendered":"<p>Detalhes do Produto: Berloque em Prata 925 leg\u00edtima, inspirado no \u00edcone do Instagram, a rede social que conecta pessoas e hist\u00f3rias ao redor do mundo&#8230;.<\/p>\n","protected":false},"featured_media":5172,"comment_status":"open","ping_status":"closed","template":"","meta":[],"etheme_brands":[],"product_brand":[],"product_cat":[127],"product_tag":[133],"class_list":{"0":"post-5173","1":"product","2":"type-product","3":"status-publish","4":"has-post-thumbnail","6":"product_cat-categoriaberloques","7":"product_tag-uze-pratas","9":"first","10":"instock","11":"shipping-taxable","12":"purchasable","13":"product-type-simple"},"_links":{"self":[{"href":"https:\/\/agenciausphot.com\/uze\/wp-json\/wp\/v2\/product\/5173","targetHints":{"allow":["GET"]}}],"collection":[{"href":"https:\/\/agenciausphot.com\/uze\/wp-json\/wp\/v2\/product"}],"about":[{"href":"https:\/\/agenciausphot.com\/uze\/wp-json\/wp\/v2\/types\/product"}],"replies":[{"embeddable":true,"href":"https:\/\/agenciausphot.com\/uze\/wp-json\/wp\/v2\/comments?post=5173"}],"version-history":[{"count":1,"href":"https:\/\/agenciausphot.com\/uze\/wp-json\/wp\/v2\/product\/5173\/revisions"}],"predecessor-version":[{"id":6063,"href":"https:\/\/agenciausphot.com\/uze\/wp-json\/wp\/v2\/product\/5173\/revisions\/6063"}],"wp:featuredmedia":[{"embeddable":true,"href":"https:\/\/agenciausphot.com\/uze\/wp-json\/wp\/v2\/media\/5172"}],"wp:attachment":[{"href":"https:\/\/agenciausphot.com\/uze\/wp-json\/wp\/v2\/media?parent=5173"}],"wp:term":[{"taxonomy":"brand","embeddable":true,"href":"https:\/\/agenciausphot.com\/uze\/wp-json\/wp\/v2\/etheme_brands?post=5173"},{"taxonomy":"product_brand","embeddable":true,"href":"https:\/\/agenciausphot.com\/uze\/wp-json\/wp\/v2\/product_brand?post=5173"},{"taxonomy":"product_cat","embeddable":true,"href":"https:\/\/agenciausphot.com\/uze\/wp-json\/wp\/v2\/product_cat?post=5173"},{"taxonomy":"product_tag","embeddable":true,"href":"https:\/\/agenciausphot.com\/uze\/wp-json\/wp\/v2\/product_tag?post=5173"}],"curies":[{"name":"wp","href":"https:\/\/api.w.org\/{rel}","templated":true}]}}