{"id":5152,"date":"2025-10-29T13:07:58","date_gmt":"2025-10-29T13:07:58","guid":{"rendered":"https:\/\/agenciausphot.com\/uze\/produto\/berloque-pingente-tampa-heineken\/"},"modified":"2025-11-04T20:37:02","modified_gmt":"2025-11-04T20:37:02","slug":"berloque-pingente-tampa-heineken","status":"publish","type":"product","link":"https:\/\/agenciausphot.com\/uze\/produto\/berloque-pingente-tampa-heineken\/","title":{"rendered":"Berloque pingente tampa heineken"},"content":{"rendered":"<h3 data-start=\"114\" data-end=\"140\">Detalhes do Produto:<\/h3>\n<p data-start=\"141\" data-end=\"484\">Berloque em <strong data-start=\"153\" data-end=\"175\">Prata 925 leg\u00edtima<\/strong>, em formato de <strong data-start=\"191\" data-end=\"227\">tampa de cerveja estilo Heineken<\/strong>, um acess\u00f3rio divertido e cheio de personalidade. Representa momentos de descontra\u00e7\u00e3o, celebra\u00e7\u00e3o e alegria entre amigos. Uma joia criativa e moderna, perfeita para personalizar pulseiras e destacar o estilo aut\u00eantico de quem aprecia pe\u00e7as diferenciadas.<\/p>\n<p data-start=\"486\" data-end=\"609\">As pratas 925 possuem <strong data-start=\"508\" data-end=\"530\">garantia vital\u00edcia<\/strong>, reconhecidas por sua resist\u00eancia, durabilidade e excelente custo-benef\u00edcio.<\/p>\n<hr data-start=\"611\" data-end=\"614\">\n<h3 data-start=\"616\" data-end=\"648\">Especifica\u00e7\u00f5es do produto:<\/h3>\n<ul data-start=\"649\" data-end=\"1014\">\n<li data-start=\"649\" data-end=\"699\">\n<p data-start=\"651\" data-end=\"699\"><strong data-start=\"651\" data-end=\"662\">Modelo:<\/strong> Berloque Pingente Tampa de Cerveja<\/p>\n<\/li>\n<li data-start=\"700\" data-end=\"765\">\n<p data-start=\"702\" data-end=\"765\"><strong data-start=\"702\" data-end=\"714\">Formato:<\/strong> Tampa redonda estilizada (inspirada em Heineken)<\/p>\n<\/li>\n<li data-start=\"766\" data-end=\"802\">\n<p data-start=\"768\" data-end=\"802\"><strong data-start=\"768\" data-end=\"781\">Material:<\/strong> Prata 925 leg\u00edtima<\/p>\n<\/li>\n<li data-start=\"803\" data-end=\"902\">\n<p data-start=\"805\" data-end=\"902\"><strong data-start=\"805\" data-end=\"820\">Acabamento:<\/strong> Polido brilhante + detalhes esmaltados verdes\/vermelhos (varia conforme modelo)<\/p>\n<\/li>\n<li data-start=\"903\" data-end=\"988\">\n<p data-start=\"905\" data-end=\"988\"><strong data-start=\"905\" data-end=\"925\">Compatibilidade:<\/strong> Pulseiras estilo europeu (Pandora, Life, Morana e similares)<\/p>\n<\/li>\n<li data-start=\"989\" data-end=\"1014\">\n<p data-start=\"991\" data-end=\"1014\"><strong data-start=\"991\" data-end=\"1000\">Peso:<\/strong> Aprox. 2,0g<\/p>\n<\/li>\n<\/ul>\n<hr data-start=\"1016\" data-end=\"1019\">\n<h3 data-start=\"1021\" data-end=\"1036\">Garantia:<\/h3>\n<p data-start=\"1037\" data-end=\"1291\">Todos os berloques em <strong data-start=\"1059\" data-end=\"1072\">Prata 925<\/strong> acompanham <strong data-start=\"1084\" data-end=\"1128\">Certificado de Garantia de Autenticidade<\/strong>, assegurando a <strong data-start=\"1144\" data-end=\"1162\">dura\u00e7\u00e3o eterna<\/strong> do material. Diferente das bijuterias, pe\u00e7as em Prata 925 preservam brilho e valor por toda a vida, assim como o <strong data-start=\"1276\" data-end=\"1288\">Ouro 18k<\/strong>.<\/p>\n","protected":false},"excerpt":{"rendered":"<p>Detalhes do Produto: Berloque em Prata 925 leg\u00edtima, em formato de tampa de cerveja estilo Heineken, um acess\u00f3rio divertido e cheio de personalidade. Representa momentos&#8230;<\/p>\n","protected":false},"featured_media":5151,"comment_status":"open","ping_status":"closed","template":"","meta":[],"etheme_brands":[],"product_brand":[],"product_cat":[127],"product_tag":[133],"class_list":{"0":"post-5152","1":"product","2":"type-product","3":"status-publish","4":"has-post-thumbnail","6":"product_cat-categoriaberloques","7":"product_tag-uze-pratas","9":"first","10":"instock","11":"shipping-taxable","12":"purchasable","13":"product-type-simple"},"_links":{"self":[{"href":"https:\/\/agenciausphot.com\/uze\/wp-json\/wp\/v2\/product\/5152","targetHints":{"allow":["GET"]}}],"collection":[{"href":"https:\/\/agenciausphot.com\/uze\/wp-json\/wp\/v2\/product"}],"about":[{"href":"https:\/\/agenciausphot.com\/uze\/wp-json\/wp\/v2\/types\/product"}],"replies":[{"embeddable":true,"href":"https:\/\/agenciausphot.com\/uze\/wp-json\/wp\/v2\/comments?post=5152"}],"version-history":[{"count":1,"href":"https:\/\/agenciausphot.com\/uze\/wp-json\/wp\/v2\/product\/5152\/revisions"}],"predecessor-version":[{"id":6053,"href":"https:\/\/agenciausphot.com\/uze\/wp-json\/wp\/v2\/product\/5152\/revisions\/6053"}],"wp:featuredmedia":[{"embeddable":true,"href":"https:\/\/agenciausphot.com\/uze\/wp-json\/wp\/v2\/media\/5151"}],"wp:attachment":[{"href":"https:\/\/agenciausphot.com\/uze\/wp-json\/wp\/v2\/media?parent=5152"}],"wp:term":[{"taxonomy":"brand","embeddable":true,"href":"https:\/\/agenciausphot.com\/uze\/wp-json\/wp\/v2\/etheme_brands?post=5152"},{"taxonomy":"product_brand","embeddable":true,"href":"https:\/\/agenciausphot.com\/uze\/wp-json\/wp\/v2\/product_brand?post=5152"},{"taxonomy":"product_cat","embeddable":true,"href":"https:\/\/agenciausphot.com\/uze\/wp-json\/wp\/v2\/product_cat?post=5152"},{"taxonomy":"product_tag","embeddable":true,"href":"https:\/\/agenciausphot.com\/uze\/wp-json\/wp\/v2\/product_tag?post=5152"}],"curies":[{"name":"wp","href":"https:\/\/api.w.org\/{rel}","templated":true}]}}