{"id":5150,"date":"2025-10-29T13:07:56","date_gmt":"2025-10-29T13:07:56","guid":{"rendered":"https:\/\/agenciausphot.com\/uze\/produto\/berloque-tampa-de-coca\/"},"modified":"2025-12-05T04:41:36","modified_gmt":"2025-12-05T04:41:36","slug":"berloque-tampa-de-coca","status":"publish","type":"product","link":"https:\/\/agenciausphot.com\/uze\/produto\/berloque-tampa-de-coca\/","title":{"rendered":"Berloque tampa de coca"},"content":{"rendered":"<h3 data-start=\"109\" data-end=\"135\">Detalhes do Produto:<\/h3>\n<p data-start=\"136\" data-end=\"462\">Berloque em <strong data-start=\"148\" data-end=\"170\">Prata 925 leg\u00edtima<\/strong>, com design criativo em formato de <strong data-start=\"206\" data-end=\"248\">tampa de refrigerante estilo Coca-Cola<\/strong>, s\u00edmbolo de descontra\u00e7\u00e3o, amizade e bons momentos. Uma pe\u00e7a divertida e cheia de personalidade, perfeita para personalizar pulseiras e representar lembran\u00e7as especiais ligadas a encontros, celebra\u00e7\u00f5es e alegria.<\/p>\n<p data-start=\"464\" data-end=\"587\">As pratas 925 possuem <strong data-start=\"486\" data-end=\"508\">garantia vital\u00edcia<\/strong>, reconhecidas por sua resist\u00eancia, durabilidade e excelente custo-benef\u00edcio.<\/p>\n<hr data-start=\"589\" data-end=\"592\">\n<h3 data-start=\"594\" data-end=\"626\">Especifica\u00e7\u00f5es do produto:<\/h3>\n<ul data-start=\"627\" data-end=\"975\">\n<li data-start=\"627\" data-end=\"673\">\n<p data-start=\"629\" data-end=\"673\"><strong data-start=\"629\" data-end=\"640\">Modelo:<\/strong> Berloque Tampa de Refrigerante<\/p>\n<\/li>\n<li data-start=\"674\" data-end=\"733\">\n<p data-start=\"676\" data-end=\"733\"><strong data-start=\"676\" data-end=\"688\">Formato:<\/strong> Tampa redonda detalhada (estilo Coca-Cola)<\/p>\n<\/li>\n<li data-start=\"734\" data-end=\"770\">\n<p data-start=\"736\" data-end=\"770\"><strong data-start=\"736\" data-end=\"749\">Material:<\/strong> Prata 925 leg\u00edtima<\/p>\n<\/li>\n<li data-start=\"771\" data-end=\"863\">\n<p data-start=\"773\" data-end=\"863\"><strong data-start=\"773\" data-end=\"788\">Acabamento:<\/strong> Polido brilhante + detalhes esmaltados vermelhos (varia conforme modelo)<\/p>\n<\/li>\n<li data-start=\"864\" data-end=\"949\">\n<p data-start=\"866\" data-end=\"949\"><strong data-start=\"866\" data-end=\"886\">Compatibilidade:<\/strong> Pulseiras estilo europeu (Pandora, Life, Morana e similares)<\/p>\n<\/li>\n<li data-start=\"950\" data-end=\"975\">\n<p data-start=\"952\" data-end=\"975\"><strong data-start=\"952\" data-end=\"961\">Peso:<\/strong> Aprox. 2,0g<\/p>\n<\/li>\n<\/ul>\n<hr data-start=\"977\" data-end=\"980\">\n<h3 data-start=\"982\" data-end=\"997\">Garantia:<\/h3>\n<p data-start=\"998\" data-end=\"1252\">Todos os berloques em <strong data-start=\"1020\" data-end=\"1033\">Prata 925<\/strong> acompanham <strong data-start=\"1045\" data-end=\"1089\">Certificado de Garantia de Autenticidade<\/strong>, assegurando a <strong data-start=\"1105\" data-end=\"1123\">dura\u00e7\u00e3o eterna<\/strong> do material. Diferente das bijuterias, pe\u00e7as em Prata 925 preservam brilho e valor por toda a vida, assim como o <strong data-start=\"1237\" data-end=\"1249\">Ouro 18k<\/strong>.<\/p>\n","protected":false},"excerpt":{"rendered":"<p>Detalhes do Produto: Berloque em Prata 925 leg\u00edtima, com design criativo em formato de tampa de refrigerante estilo Coca-Cola, s\u00edmbolo de descontra\u00e7\u00e3o, amizade e bons&#8230;<\/p>\n","protected":false},"featured_media":5149,"comment_status":"open","ping_status":"closed","template":"","meta":[],"etheme_brands":[],"product_brand":[],"product_cat":[127],"product_tag":[133],"class_list":{"0":"post-5150","1":"product","2":"type-product","3":"status-publish","4":"has-post-thumbnail","6":"product_cat-categoriaberloques","7":"product_tag-uze-pratas","9":"first","10":"instock","11":"shipping-taxable","12":"purchasable","13":"product-type-simple"},"_links":{"self":[{"href":"https:\/\/agenciausphot.com\/uze\/wp-json\/wp\/v2\/product\/5150","targetHints":{"allow":["GET"]}}],"collection":[{"href":"https:\/\/agenciausphot.com\/uze\/wp-json\/wp\/v2\/product"}],"about":[{"href":"https:\/\/agenciausphot.com\/uze\/wp-json\/wp\/v2\/types\/product"}],"replies":[{"embeddable":true,"href":"https:\/\/agenciausphot.com\/uze\/wp-json\/wp\/v2\/comments?post=5150"}],"version-history":[{"count":1,"href":"https:\/\/agenciausphot.com\/uze\/wp-json\/wp\/v2\/product\/5150\/revisions"}],"predecessor-version":[{"id":6052,"href":"https:\/\/agenciausphot.com\/uze\/wp-json\/wp\/v2\/product\/5150\/revisions\/6052"}],"wp:featuredmedia":[{"embeddable":true,"href":"https:\/\/agenciausphot.com\/uze\/wp-json\/wp\/v2\/media\/5149"}],"wp:attachment":[{"href":"https:\/\/agenciausphot.com\/uze\/wp-json\/wp\/v2\/media?parent=5150"}],"wp:term":[{"taxonomy":"brand","embeddable":true,"href":"https:\/\/agenciausphot.com\/uze\/wp-json\/wp\/v2\/etheme_brands?post=5150"},{"taxonomy":"product_brand","embeddable":true,"href":"https:\/\/agenciausphot.com\/uze\/wp-json\/wp\/v2\/product_brand?post=5150"},{"taxonomy":"product_cat","embeddable":true,"href":"https:\/\/agenciausphot.com\/uze\/wp-json\/wp\/v2\/product_cat?post=5150"},{"taxonomy":"product_tag","embeddable":true,"href":"https:\/\/agenciausphot.com\/uze\/wp-json\/wp\/v2\/product_tag?post=5150"}],"curies":[{"name":"wp","href":"https:\/\/api.w.org\/{rel}","templated":true}]}}