{"id":5148,"date":"2025-10-29T13:07:55","date_gmt":"2025-10-29T13:07:55","guid":{"rendered":"https:\/\/agenciausphot.com\/uze\/produto\/berloque-pingente-mini-bota\/"},"modified":"2025-11-04T20:37:00","modified_gmt":"2025-11-04T20:37:00","slug":"berloque-pingente-mini-bota","status":"publish","type":"product","link":"https:\/\/agenciausphot.com\/uze\/produto\/berloque-pingente-mini-bota\/","title":{"rendered":"Berloque pingente mini bota"},"content":{"rendered":"<h3 data-start=\"109\" data-end=\"135\">Detalhes do Produto:<\/h3>\n<p data-start=\"136\" data-end=\"526\">Berloque em <strong data-start=\"148\" data-end=\"170\">Prata 925 leg\u00edtima<\/strong>, no formato de <strong data-start=\"186\" data-end=\"210\">mini bota estilizada<\/strong>, um charme especial para quem ama moda, estilo country ou acess\u00f3rios criativos. Seu design delicado transforma a pe\u00e7a em um detalhe \u00fanico para personalizar pulseiras, trazendo personalidade e significado. Ideal para representar a paix\u00e3o pelo universo sertanejo, pelo campo ou simplesmente pelo estilo fashionista.<\/p>\n<p data-start=\"528\" data-end=\"651\">As pratas 925 possuem <strong data-start=\"550\" data-end=\"572\">garantia vital\u00edcia<\/strong>, reconhecidas por sua resist\u00eancia, durabilidade e excelente custo-benef\u00edcio.<\/p>\n<hr data-start=\"653\" data-end=\"656\">\n<h3 data-start=\"658\" data-end=\"690\">Especifica\u00e7\u00f5es do produto:<\/h3>\n<ul data-start=\"691\" data-end=\"1016\">\n<li data-start=\"691\" data-end=\"734\">\n<p data-start=\"693\" data-end=\"734\"><strong data-start=\"693\" data-end=\"704\">Modelo:<\/strong> Berloque Pingente Mini Bota<\/p>\n<\/li>\n<li data-start=\"735\" data-end=\"771\">\n<p data-start=\"737\" data-end=\"771\"><strong data-start=\"737\" data-end=\"749\">Formato:<\/strong> Mini bota detalhada<\/p>\n<\/li>\n<li data-start=\"772\" data-end=\"808\">\n<p data-start=\"774\" data-end=\"808\"><strong data-start=\"774\" data-end=\"787\">Material:<\/strong> Prata 925 leg\u00edtima<\/p>\n<\/li>\n<li data-start=\"809\" data-end=\"904\">\n<p data-start=\"811\" data-end=\"904\"><strong data-start=\"811\" data-end=\"826\">Acabamento:<\/strong> Polido brilhante + detalhes trabalhados (com varia\u00e7\u00f5es lisas ou cravejadas)<\/p>\n<\/li>\n<li data-start=\"905\" data-end=\"990\">\n<p data-start=\"907\" data-end=\"990\"><strong data-start=\"907\" data-end=\"927\">Compatibilidade:<\/strong> Pulseiras estilo europeu (Pandora, Life, Morana e similares)<\/p>\n<\/li>\n<li data-start=\"991\" data-end=\"1016\">\n<p data-start=\"993\" data-end=\"1016\"><strong data-start=\"993\" data-end=\"1002\">Peso:<\/strong> Aprox. 2,0g<\/p>\n<\/li>\n<\/ul>\n<hr data-start=\"1018\" data-end=\"1021\">\n<h3 data-start=\"1023\" data-end=\"1038\">Garantia:<\/h3>\n<p data-start=\"1039\" data-end=\"1293\">Todos os berloques em <strong data-start=\"1061\" data-end=\"1074\">Prata 925<\/strong> acompanham <strong data-start=\"1086\" data-end=\"1130\">Certificado de Garantia de Autenticidade<\/strong>, assegurando a <strong data-start=\"1146\" data-end=\"1164\">dura\u00e7\u00e3o eterna<\/strong> do material. Diferente das bijuterias, pe\u00e7as em Prata 925 preservam brilho e valor por toda a vida, assim como o <strong data-start=\"1278\" data-end=\"1290\">Ouro 18k<\/strong>.<\/p>\n","protected":false},"excerpt":{"rendered":"<p>Detalhes do Produto: Berloque em Prata 925 leg\u00edtima, no formato de mini bota estilizada, um charme especial para quem ama moda, estilo country ou acess\u00f3rios&#8230;<\/p>\n","protected":false},"featured_media":5146,"comment_status":"open","ping_status":"closed","template":"","meta":[],"etheme_brands":[],"product_brand":[],"product_cat":[127],"product_tag":[133],"class_list":{"0":"post-5148","1":"product","2":"type-product","3":"status-publish","4":"has-post-thumbnail","6":"product_cat-categoriaberloques","7":"product_tag-uze-pratas","9":"first","10":"instock","11":"shipping-taxable","12":"purchasable","13":"product-type-simple"},"_links":{"self":[{"href":"https:\/\/agenciausphot.com\/uze\/wp-json\/wp\/v2\/product\/5148","targetHints":{"allow":["GET"]}}],"collection":[{"href":"https:\/\/agenciausphot.com\/uze\/wp-json\/wp\/v2\/product"}],"about":[{"href":"https:\/\/agenciausphot.com\/uze\/wp-json\/wp\/v2\/types\/product"}],"replies":[{"embeddable":true,"href":"https:\/\/agenciausphot.com\/uze\/wp-json\/wp\/v2\/comments?post=5148"}],"version-history":[{"count":1,"href":"https:\/\/agenciausphot.com\/uze\/wp-json\/wp\/v2\/product\/5148\/revisions"}],"predecessor-version":[{"id":6051,"href":"https:\/\/agenciausphot.com\/uze\/wp-json\/wp\/v2\/product\/5148\/revisions\/6051"}],"wp:featuredmedia":[{"embeddable":true,"href":"https:\/\/agenciausphot.com\/uze\/wp-json\/wp\/v2\/media\/5146"}],"wp:attachment":[{"href":"https:\/\/agenciausphot.com\/uze\/wp-json\/wp\/v2\/media?parent=5148"}],"wp:term":[{"taxonomy":"brand","embeddable":true,"href":"https:\/\/agenciausphot.com\/uze\/wp-json\/wp\/v2\/etheme_brands?post=5148"},{"taxonomy":"product_brand","embeddable":true,"href":"https:\/\/agenciausphot.com\/uze\/wp-json\/wp\/v2\/product_brand?post=5148"},{"taxonomy":"product_cat","embeddable":true,"href":"https:\/\/agenciausphot.com\/uze\/wp-json\/wp\/v2\/product_cat?post=5148"},{"taxonomy":"product_tag","embeddable":true,"href":"https:\/\/agenciausphot.com\/uze\/wp-json\/wp\/v2\/product_tag?post=5148"}],"curies":[{"name":"wp","href":"https:\/\/api.w.org\/{rel}","templated":true}]}}