{"id":5135,"date":"2025-10-29T13:07:44","date_gmt":"2025-10-29T13:07:44","guid":{"rendered":"https:\/\/agenciausphot.com\/uze\/produto\/berloque-nossa-senhora\/"},"modified":"2025-11-18T14:06:18","modified_gmt":"2025-11-18T14:06:18","slug":"berloque-nossa-senhora","status":"publish","type":"product","link":"https:\/\/agenciausphot.com\/uze\/produto\/berloque-nossa-senhora\/","title":{"rendered":"Berloque nossa senhora"},"content":{"rendered":"<h3 data-start=\"104\" data-end=\"130\">Detalhes do Produto:<\/h3>\n<p data-start=\"131\" data-end=\"456\">Berloque em <strong data-start=\"143\" data-end=\"165\">Prata 925 leg\u00edtima<\/strong>, com design especial de <strong data-start=\"190\" data-end=\"207\">Nossa Senhora<\/strong>, s\u00edmbolo de f\u00e9, prote\u00e7\u00e3o e devo\u00e7\u00e3o. Uma joia delicada e cheia de espiritualidade, ideal para quem deseja carregar consigo um amuleto religioso no dia a dia. Perfeito para personalizar pulseiras, tornando-as ainda mais significativas e exclusivas.<\/p>\n<p data-start=\"458\" data-end=\"581\">As pratas 925 possuem <strong data-start=\"480\" data-end=\"502\">garantia vital\u00edcia<\/strong>, reconhecidas por sua resist\u00eancia, durabilidade e excelente custo-benef\u00edcio.<\/p>\n<hr data-start=\"583\" data-end=\"586\">\n<h3 data-start=\"588\" data-end=\"620\">Especifica\u00e7\u00f5es do produto:<\/h3>\n<ul data-start=\"621\" data-end=\"971\">\n<li data-start=\"621\" data-end=\"659\">\n<p data-start=\"623\" data-end=\"659\"><strong data-start=\"623\" data-end=\"634\">Modelo:<\/strong> Berloque Nossa Senhora<\/p>\n<\/li>\n<li data-start=\"660\" data-end=\"737\">\n<p data-start=\"662\" data-end=\"737\"><strong data-start=\"662\" data-end=\"674\">Formato:<\/strong> Medalha ou silhueta de Nossa Senhora (varia conforme modelo)<\/p>\n<\/li>\n<li data-start=\"738\" data-end=\"774\">\n<p data-start=\"740\" data-end=\"774\"><strong data-start=\"740\" data-end=\"753\">Material:<\/strong> Prata 925 leg\u00edtima<\/p>\n<\/li>\n<li data-start=\"775\" data-end=\"859\">\n<p data-start=\"777\" data-end=\"859\"><strong data-start=\"777\" data-end=\"792\">Acabamento:<\/strong> Polido brilhante (com varia\u00e7\u00f5es lisas, cravejadas ou esmaltadas)<\/p>\n<\/li>\n<li data-start=\"860\" data-end=\"945\">\n<p data-start=\"862\" data-end=\"945\"><strong data-start=\"862\" data-end=\"882\">Compatibilidade:<\/strong> Pulseiras estilo europeu (Pandora, Life, Morana e similares)<\/p>\n<\/li>\n<li data-start=\"946\" data-end=\"971\">\n<p data-start=\"948\" data-end=\"971\"><strong data-start=\"948\" data-end=\"957\">Peso:<\/strong> Aprox. 2,0g<\/p>\n<\/li>\n<\/ul>\n<hr data-start=\"973\" data-end=\"976\">\n<h3 data-start=\"978\" data-end=\"993\">Garantia:<\/h3>\n<p data-start=\"994\" data-end=\"1248\">Todos os berloques em <strong data-start=\"1016\" data-end=\"1029\">Prata 925<\/strong> acompanham <strong data-start=\"1041\" data-end=\"1085\">Certificado de Garantia de Autenticidade<\/strong>, assegurando a <strong data-start=\"1101\" data-end=\"1119\">dura\u00e7\u00e3o eterna<\/strong> do material. Diferente das bijuterias, pe\u00e7as em Prata 925 preservam brilho e valor por toda a vida, assim como o <strong data-start=\"1233\" data-end=\"1245\">Ouro 18k<\/strong>.<\/p>\n","protected":false},"excerpt":{"rendered":"<p>Detalhes do Produto: Berloque em Prata 925 leg\u00edtima, com design especial de Nossa Senhora, s\u00edmbolo de f\u00e9, prote\u00e7\u00e3o e devo\u00e7\u00e3o. Uma joia delicada e cheia&#8230;<\/p>\n","protected":false},"featured_media":5134,"comment_status":"open","ping_status":"closed","template":"","meta":[],"etheme_brands":[],"product_brand":[],"product_cat":[127],"product_tag":[133],"class_list":{"0":"post-5135","1":"product","2":"type-product","3":"status-publish","4":"has-post-thumbnail","6":"product_cat-categoriaberloques","7":"product_tag-uze-pratas","9":"first","10":"outofstock","11":"shipping-taxable","12":"purchasable","13":"product-type-simple"},"_links":{"self":[{"href":"https:\/\/agenciausphot.com\/uze\/wp-json\/wp\/v2\/product\/5135","targetHints":{"allow":["GET"]}}],"collection":[{"href":"https:\/\/agenciausphot.com\/uze\/wp-json\/wp\/v2\/product"}],"about":[{"href":"https:\/\/agenciausphot.com\/uze\/wp-json\/wp\/v2\/types\/product"}],"replies":[{"embeddable":true,"href":"https:\/\/agenciausphot.com\/uze\/wp-json\/wp\/v2\/comments?post=5135"}],"version-history":[{"count":1,"href":"https:\/\/agenciausphot.com\/uze\/wp-json\/wp\/v2\/product\/5135\/revisions"}],"predecessor-version":[{"id":6046,"href":"https:\/\/agenciausphot.com\/uze\/wp-json\/wp\/v2\/product\/5135\/revisions\/6046"}],"wp:featuredmedia":[{"embeddable":true,"href":"https:\/\/agenciausphot.com\/uze\/wp-json\/wp\/v2\/media\/5134"}],"wp:attachment":[{"href":"https:\/\/agenciausphot.com\/uze\/wp-json\/wp\/v2\/media?parent=5135"}],"wp:term":[{"taxonomy":"brand","embeddable":true,"href":"https:\/\/agenciausphot.com\/uze\/wp-json\/wp\/v2\/etheme_brands?post=5135"},{"taxonomy":"product_brand","embeddable":true,"href":"https:\/\/agenciausphot.com\/uze\/wp-json\/wp\/v2\/product_brand?post=5135"},{"taxonomy":"product_cat","embeddable":true,"href":"https:\/\/agenciausphot.com\/uze\/wp-json\/wp\/v2\/product_cat?post=5135"},{"taxonomy":"product_tag","embeddable":true,"href":"https:\/\/agenciausphot.com\/uze\/wp-json\/wp\/v2\/product_tag?post=5135"}],"curies":[{"name":"wp","href":"https:\/\/api.w.org\/{rel}","templated":true}]}}