{"id":5119,"date":"2025-10-29T13:07:32","date_gmt":"2025-10-29T13:07:32","guid":{"rendered":"https:\/\/agenciausphot.com\/uze\/produto\/berloque-flor-5-petalas\/"},"modified":"2025-12-22T16:26:10","modified_gmt":"2025-12-22T16:26:10","slug":"berloque-flor-5-petalas","status":"publish","type":"product","link":"https:\/\/agenciausphot.com\/uze\/produto\/berloque-flor-5-petalas\/","title":{"rendered":"Berloque flor 5 petalas"},"content":{"rendered":"<h3 data-start=\"105\" data-end=\"131\">Detalhes do Produto:<\/h3>\n<p data-start=\"132\" data-end=\"414\">Berloque em <strong data-start=\"144\" data-end=\"166\">Prata 925 leg\u00edtima<\/strong>, com design delicado de <strong data-start=\"191\" data-end=\"212\">flor de 5 p\u00e9talas<\/strong>, s\u00edmbolo de beleza, delicadeza e harmonia. Uma joia encantadora que traz um toque rom\u00e2ntico e natural para pulseiras, perfeita para quem ama acess\u00f3rios inspirados na natureza e cheios de significado.<\/p>\n<p data-start=\"416\" data-end=\"539\">As pratas 925 possuem <strong data-start=\"438\" data-end=\"460\">garantia vital\u00edcia<\/strong>, reconhecidas por sua resist\u00eancia, durabilidade e excelente custo-benef\u00edcio.<\/p>\n<hr data-start=\"541\" data-end=\"544\">\n<h3 data-start=\"546\" data-end=\"578\">Especifica\u00e7\u00f5es do produto:<\/h3>\n<ul data-start=\"579\" data-end=\"898\">\n<li data-start=\"579\" data-end=\"618\">\n<p data-start=\"581\" data-end=\"618\"><strong data-start=\"581\" data-end=\"592\">Modelo:<\/strong> Berloque Flor 5 P\u00e9talas<\/p>\n<\/li>\n<li data-start=\"619\" data-end=\"665\">\n<p data-start=\"621\" data-end=\"665\"><strong data-start=\"621\" data-end=\"633\">Formato:<\/strong> Flor estilizada com 5 p\u00e9talas<\/p>\n<\/li>\n<li data-start=\"666\" data-end=\"702\">\n<p data-start=\"668\" data-end=\"702\"><strong data-start=\"668\" data-end=\"681\">Material:<\/strong> Prata 925 leg\u00edtima<\/p>\n<\/li>\n<li data-start=\"703\" data-end=\"786\">\n<p data-start=\"705\" data-end=\"786\"><strong data-start=\"705\" data-end=\"720\">Acabamento:<\/strong> Polido brilhante (com op\u00e7\u00e3o lisa ou cravejada, conforme modelo)<\/p>\n<\/li>\n<li data-start=\"787\" data-end=\"872\">\n<p data-start=\"789\" data-end=\"872\"><strong data-start=\"789\" data-end=\"809\">Compatibilidade:<\/strong> Pulseiras estilo europeu (Pandora, Life, Morana e similares)<\/p>\n<\/li>\n<li data-start=\"873\" data-end=\"898\">\n<p data-start=\"875\" data-end=\"898\"><strong data-start=\"875\" data-end=\"884\">Peso:<\/strong> Aprox. 2,0g<\/p>\n<\/li>\n<\/ul>\n<hr data-start=\"900\" data-end=\"903\">\n<h3 data-start=\"905\" data-end=\"920\">Garantia:<\/h3>\n<p data-start=\"921\" data-end=\"1175\">Todos os berloques em <strong data-start=\"943\" data-end=\"956\">Prata 925<\/strong> acompanham <strong data-start=\"968\" data-end=\"1012\">Certificado de Garantia de Autenticidade<\/strong>, assegurando a <strong data-start=\"1028\" data-end=\"1046\">dura\u00e7\u00e3o eterna<\/strong> do material. Diferente das bijuterias, pe\u00e7as em Prata 925 preservam brilho e valor por toda a vida, assim como o <strong data-start=\"1160\" data-end=\"1172\">Ouro 18k<\/strong>.<\/p>\n","protected":false},"excerpt":{"rendered":"<p>Detalhes do Produto: Berloque em Prata 925 leg\u00edtima, com design delicado de flor de 5 p\u00e9talas, s\u00edmbolo de beleza, delicadeza e harmonia. Uma joia encantadora&#8230;<\/p>\n","protected":false},"featured_media":5118,"comment_status":"open","ping_status":"closed","template":"","meta":[],"etheme_brands":[],"product_brand":[],"product_cat":[127],"product_tag":[133],"class_list":{"0":"post-5119","1":"product","2":"type-product","3":"status-publish","4":"has-post-thumbnail","6":"product_cat-categoriaberloques","7":"product_tag-uze-pratas","9":"first","10":"outofstock","11":"shipping-taxable","12":"purchasable","13":"product-type-simple"},"_links":{"self":[{"href":"https:\/\/agenciausphot.com\/uze\/wp-json\/wp\/v2\/product\/5119","targetHints":{"allow":["GET"]}}],"collection":[{"href":"https:\/\/agenciausphot.com\/uze\/wp-json\/wp\/v2\/product"}],"about":[{"href":"https:\/\/agenciausphot.com\/uze\/wp-json\/wp\/v2\/types\/product"}],"replies":[{"embeddable":true,"href":"https:\/\/agenciausphot.com\/uze\/wp-json\/wp\/v2\/comments?post=5119"}],"version-history":[{"count":1,"href":"https:\/\/agenciausphot.com\/uze\/wp-json\/wp\/v2\/product\/5119\/revisions"}],"predecessor-version":[{"id":6039,"href":"https:\/\/agenciausphot.com\/uze\/wp-json\/wp\/v2\/product\/5119\/revisions\/6039"}],"wp:featuredmedia":[{"embeddable":true,"href":"https:\/\/agenciausphot.com\/uze\/wp-json\/wp\/v2\/media\/5118"}],"wp:attachment":[{"href":"https:\/\/agenciausphot.com\/uze\/wp-json\/wp\/v2\/media?parent=5119"}],"wp:term":[{"taxonomy":"brand","embeddable":true,"href":"https:\/\/agenciausphot.com\/uze\/wp-json\/wp\/v2\/etheme_brands?post=5119"},{"taxonomy":"product_brand","embeddable":true,"href":"https:\/\/agenciausphot.com\/uze\/wp-json\/wp\/v2\/product_brand?post=5119"},{"taxonomy":"product_cat","embeddable":true,"href":"https:\/\/agenciausphot.com\/uze\/wp-json\/wp\/v2\/product_cat?post=5119"},{"taxonomy":"product_tag","embeddable":true,"href":"https:\/\/agenciausphot.com\/uze\/wp-json\/wp\/v2\/product_tag?post=5119"}],"curies":[{"name":"wp","href":"https:\/\/api.w.org\/{rel}","templated":true}]}}