{"id":5102,"date":"2025-10-29T13:07:19","date_gmt":"2025-10-29T13:07:19","guid":{"rendered":"https:\/\/agenciausphot.com\/uze\/produto\/berloque-dente-odontologia\/"},"modified":"2025-11-04T20:36:46","modified_gmt":"2025-11-04T20:36:46","slug":"berloque-dente-odontologia","status":"publish","type":"product","link":"https:\/\/agenciausphot.com\/uze\/produto\/berloque-dente-odontologia\/","title":{"rendered":"Berloque dente odontologia"},"content":{"rendered":"<h3 data-start=\"108\" data-end=\"134\">Detalhes do Produto:<\/h3>\n<p data-start=\"135\" data-end=\"484\">Berloque em <strong data-start=\"147\" data-end=\"169\">Prata 925 leg\u00edtima<\/strong>, com design em formato de <strong data-start=\"196\" data-end=\"205\">dente<\/strong>, s\u00edmbolo da odontologia, perfeito para estudantes, profissionais da \u00e1rea e apaixonados pela profiss\u00e3o. Uma pe\u00e7a charmosa e cheia de significado, que representa cuidado, sa\u00fade e dedica\u00e7\u00e3o. Ideal para personalizar pulseiras e eternizar a paix\u00e3o pela odontologia em cada detalhe.<\/p>\n<p data-start=\"486\" data-end=\"609\">As pratas 925 possuem <strong data-start=\"508\" data-end=\"530\">garantia vital\u00edcia<\/strong>, reconhecidas por sua resist\u00eancia, durabilidade e excelente custo-benef\u00edcio.<\/p>\n<hr data-start=\"611\" data-end=\"614\">\n<h3 data-start=\"616\" data-end=\"648\">Especifica\u00e7\u00f5es do produto:<\/h3>\n<ul data-start=\"649\" data-end=\"934\">\n<li data-start=\"649\" data-end=\"691\">\n<p data-start=\"651\" data-end=\"691\"><strong data-start=\"651\" data-end=\"662\">Modelo:<\/strong> Berloque Dente Odontologia<\/p>\n<\/li>\n<li data-start=\"692\" data-end=\"725\">\n<p data-start=\"694\" data-end=\"725\"><strong data-start=\"694\" data-end=\"706\">Formato:<\/strong> Dente estilizado<\/p>\n<\/li>\n<li data-start=\"726\" data-end=\"762\">\n<p data-start=\"728\" data-end=\"762\"><strong data-start=\"728\" data-end=\"741\">Material:<\/strong> Prata 925 leg\u00edtima<\/p>\n<\/li>\n<li data-start=\"763\" data-end=\"822\">\n<p data-start=\"765\" data-end=\"822\"><strong data-start=\"765\" data-end=\"780\">Acabamento:<\/strong> Polido brilhante + detalhes trabalhados<\/p>\n<\/li>\n<li data-start=\"823\" data-end=\"908\">\n<p data-start=\"825\" data-end=\"908\"><strong data-start=\"825\" data-end=\"845\">Compatibilidade:<\/strong> Pulseiras estilo europeu (Pandora, Life, Morana e similares)<\/p>\n<\/li>\n<li data-start=\"909\" data-end=\"934\">\n<p data-start=\"911\" data-end=\"934\"><strong data-start=\"911\" data-end=\"920\">Peso:<\/strong> Aprox. 2,0g<\/p>\n<\/li>\n<\/ul>\n<hr data-start=\"936\" data-end=\"939\">\n<h3 data-start=\"941\" data-end=\"956\">Garantia:<\/h3>\n<p data-start=\"957\" data-end=\"1211\">Todos os berloques em <strong data-start=\"979\" data-end=\"992\">Prata 925<\/strong> acompanham <strong data-start=\"1004\" data-end=\"1048\">Certificado de Garantia de Autenticidade<\/strong>, assegurando a <strong data-start=\"1064\" data-end=\"1082\">dura\u00e7\u00e3o eterna<\/strong> do material. Diferente das bijuterias, pe\u00e7as em Prata 925 preservam brilho e valor por toda a vida, assim como o <strong data-start=\"1196\" data-end=\"1208\">Ouro 18k<\/strong>.<\/p>\n","protected":false},"excerpt":{"rendered":"<p>Detalhes do Produto: Berloque em Prata 925 leg\u00edtima, com design em formato de dente, s\u00edmbolo da odontologia, perfeito para estudantes, profissionais da \u00e1rea e apaixonados&#8230;<\/p>\n","protected":false},"featured_media":5100,"comment_status":"open","ping_status":"closed","template":"","meta":[],"etheme_brands":[],"product_brand":[],"product_cat":[127],"product_tag":[133],"class_list":{"0":"post-5102","1":"product","2":"type-product","3":"status-publish","4":"has-post-thumbnail","6":"product_cat-categoriaberloques","7":"product_tag-uze-pratas","9":"first","10":"instock","11":"shipping-taxable","12":"purchasable","13":"product-type-simple"},"_links":{"self":[{"href":"https:\/\/agenciausphot.com\/uze\/wp-json\/wp\/v2\/product\/5102","targetHints":{"allow":["GET"]}}],"collection":[{"href":"https:\/\/agenciausphot.com\/uze\/wp-json\/wp\/v2\/product"}],"about":[{"href":"https:\/\/agenciausphot.com\/uze\/wp-json\/wp\/v2\/types\/product"}],"replies":[{"embeddable":true,"href":"https:\/\/agenciausphot.com\/uze\/wp-json\/wp\/v2\/comments?post=5102"}],"version-history":[{"count":1,"href":"https:\/\/agenciausphot.com\/uze\/wp-json\/wp\/v2\/product\/5102\/revisions"}],"predecessor-version":[{"id":6031,"href":"https:\/\/agenciausphot.com\/uze\/wp-json\/wp\/v2\/product\/5102\/revisions\/6031"}],"wp:featuredmedia":[{"embeddable":true,"href":"https:\/\/agenciausphot.com\/uze\/wp-json\/wp\/v2\/media\/5100"}],"wp:attachment":[{"href":"https:\/\/agenciausphot.com\/uze\/wp-json\/wp\/v2\/media?parent=5102"}],"wp:term":[{"taxonomy":"brand","embeddable":true,"href":"https:\/\/agenciausphot.com\/uze\/wp-json\/wp\/v2\/etheme_brands?post=5102"},{"taxonomy":"product_brand","embeddable":true,"href":"https:\/\/agenciausphot.com\/uze\/wp-json\/wp\/v2\/product_brand?post=5102"},{"taxonomy":"product_cat","embeddable":true,"href":"https:\/\/agenciausphot.com\/uze\/wp-json\/wp\/v2\/product_cat?post=5102"},{"taxonomy":"product_tag","embeddable":true,"href":"https:\/\/agenciausphot.com\/uze\/wp-json\/wp\/v2\/product_tag?post=5102"}],"curies":[{"name":"wp","href":"https:\/\/api.w.org\/{rel}","templated":true}]}}