{"id":5093,"date":"2025-10-29T13:07:11","date_gmt":"2025-10-29T13:07:11","guid":{"rendered":"https:\/\/agenciausphot.com\/uze\/produto\/berloque-cruz-com-textura\/"},"modified":"2026-01-12T15:14:37","modified_gmt":"2026-01-12T15:14:37","slug":"berloque-cruz-com-textura","status":"publish","type":"product","link":"https:\/\/agenciausphot.com\/uze\/produto\/berloque-cruz-com-textura\/","title":{"rendered":"Berloque cruz com textura"},"content":{"rendered":"<h3 data-start=\"107\" data-end=\"133\">Detalhes do Produto:<\/h3>\n<p data-start=\"134\" data-end=\"425\">Berloque em <strong data-start=\"146\" data-end=\"168\">Prata 925 leg\u00edtima<\/strong>, em formato de <strong data-start=\"184\" data-end=\"215\">cruz estilizada com textura<\/strong>, que traz profundidade e destaque \u00e0 pe\u00e7a. Um acess\u00f3rio cheio de significado espiritual, simbolizando f\u00e9, prote\u00e7\u00e3o e devo\u00e7\u00e3o, ideal para personalizar pulseiras e carregar sempre consigo esse s\u00edmbolo especial.<\/p>\n<p data-start=\"427\" data-end=\"550\">As pratas 925 possuem <strong data-start=\"449\" data-end=\"471\">garantia vital\u00edcia<\/strong>, reconhecidas por sua resist\u00eancia, durabilidade e excelente custo-benef\u00edcio.<\/p>\n<hr data-start=\"552\" data-end=\"555\">\n<h3 data-start=\"557\" data-end=\"589\">Especifica\u00e7\u00f5es do produto:<\/h3>\n<ul data-start=\"590\" data-end=\"897\">\n<li data-start=\"590\" data-end=\"631\">\n<p data-start=\"592\" data-end=\"631\"><strong data-start=\"592\" data-end=\"603\">Modelo:<\/strong> Berloque Cruz com Textura<\/p>\n<\/li>\n<li data-start=\"632\" data-end=\"691\">\n<p data-start=\"634\" data-end=\"691\"><strong data-start=\"634\" data-end=\"646\">Formato:<\/strong> Cruz estilizada com acabamento texturizado<\/p>\n<\/li>\n<li data-start=\"692\" data-end=\"728\">\n<p data-start=\"694\" data-end=\"728\"><strong data-start=\"694\" data-end=\"707\">Material:<\/strong> Prata 925 leg\u00edtima<\/p>\n<\/li>\n<li data-start=\"729\" data-end=\"785\">\n<p data-start=\"731\" data-end=\"785\"><strong data-start=\"731\" data-end=\"746\">Acabamento:<\/strong> Polido brilhante + textura detalhada<\/p>\n<\/li>\n<li data-start=\"786\" data-end=\"871\">\n<p data-start=\"788\" data-end=\"871\"><strong data-start=\"788\" data-end=\"808\">Compatibilidade:<\/strong> Pulseiras estilo europeu (Pandora, Life, Morana e similares)<\/p>\n<\/li>\n<li data-start=\"872\" data-end=\"897\">\n<p data-start=\"874\" data-end=\"897\"><strong data-start=\"874\" data-end=\"883\">Peso:<\/strong> Aprox. 2,0g<\/p>\n<\/li>\n<\/ul>\n<hr data-start=\"899\" data-end=\"902\">\n<h3 data-start=\"904\" data-end=\"919\">Garantia:<\/h3>\n<p data-start=\"920\" data-end=\"1174\">Todos os berloques em <strong data-start=\"942\" data-end=\"955\">Prata 925<\/strong> acompanham <strong data-start=\"967\" data-end=\"1011\">Certificado de Garantia de Autenticidade<\/strong>, assegurando a <strong data-start=\"1027\" data-end=\"1045\">dura\u00e7\u00e3o eterna<\/strong> do material. Diferente das bijuterias, pe\u00e7as em Prata 925 preservam brilho e valor por toda a vida, assim como o <strong data-start=\"1159\" data-end=\"1171\">Ouro 18k<\/strong>.<\/p>\n","protected":false},"excerpt":{"rendered":"<p>Detalhes do Produto: Berloque em Prata 925 leg\u00edtima, em formato de cruz estilizada com textura, que traz profundidade e destaque \u00e0 pe\u00e7a. Um acess\u00f3rio cheio&#8230;<\/p>\n","protected":false},"featured_media":5092,"comment_status":"open","ping_status":"closed","template":"","meta":[],"etheme_brands":[],"product_brand":[],"product_cat":[127],"product_tag":[133],"class_list":{"0":"post-5093","1":"product","2":"type-product","3":"status-publish","4":"has-post-thumbnail","6":"product_cat-categoriaberloques","7":"product_tag-uze-pratas","9":"first","10":"instock","11":"shipping-taxable","12":"purchasable","13":"product-type-simple"},"_links":{"self":[{"href":"https:\/\/agenciausphot.com\/uze\/wp-json\/wp\/v2\/product\/5093","targetHints":{"allow":["GET"]}}],"collection":[{"href":"https:\/\/agenciausphot.com\/uze\/wp-json\/wp\/v2\/product"}],"about":[{"href":"https:\/\/agenciausphot.com\/uze\/wp-json\/wp\/v2\/types\/product"}],"replies":[{"embeddable":true,"href":"https:\/\/agenciausphot.com\/uze\/wp-json\/wp\/v2\/comments?post=5093"}],"version-history":[{"count":1,"href":"https:\/\/agenciausphot.com\/uze\/wp-json\/wp\/v2\/product\/5093\/revisions"}],"predecessor-version":[{"id":6028,"href":"https:\/\/agenciausphot.com\/uze\/wp-json\/wp\/v2\/product\/5093\/revisions\/6028"}],"wp:featuredmedia":[{"embeddable":true,"href":"https:\/\/agenciausphot.com\/uze\/wp-json\/wp\/v2\/media\/5092"}],"wp:attachment":[{"href":"https:\/\/agenciausphot.com\/uze\/wp-json\/wp\/v2\/media?parent=5093"}],"wp:term":[{"taxonomy":"brand","embeddable":true,"href":"https:\/\/agenciausphot.com\/uze\/wp-json\/wp\/v2\/etheme_brands?post=5093"},{"taxonomy":"product_brand","embeddable":true,"href":"https:\/\/agenciausphot.com\/uze\/wp-json\/wp\/v2\/product_brand?post=5093"},{"taxonomy":"product_cat","embeddable":true,"href":"https:\/\/agenciausphot.com\/uze\/wp-json\/wp\/v2\/product_cat?post=5093"},{"taxonomy":"product_tag","embeddable":true,"href":"https:\/\/agenciausphot.com\/uze\/wp-json\/wp\/v2\/product_tag?post=5093"}],"curies":[{"name":"wp","href":"https:\/\/api.w.org\/{rel}","templated":true}]}}