{"id":5069,"date":"2025-10-29T13:06:53","date_gmt":"2025-10-29T13:06:53","guid":{"rendered":"https:\/\/agenciausphot.com\/uze\/produto\/berloque-borboleta-cravejada\/"},"modified":"2025-11-04T20:36:37","modified_gmt":"2025-11-04T20:36:37","slug":"berloque-borboleta-cravejada","status":"publish","type":"product","link":"https:\/\/agenciausphot.com\/uze\/produto\/berloque-borboleta-cravejada\/","title":{"rendered":"Berloque borboleta cravejada"},"content":{"rendered":"<h3 data-start=\"110\" data-end=\"136\">Detalhes do Produto:<\/h3>\n<p data-start=\"137\" data-end=\"525\">Berloque em <strong data-start=\"149\" data-end=\"171\">Prata 925 leg\u00edtima<\/strong>, com delicado design de <strong data-start=\"196\" data-end=\"240\">borboleta cravejada em zirc\u00f4nias cristal<\/strong>, que refletem brilho intenso e sofisticado. A borboleta \u00e9 s\u00edmbolo de <strong data-start=\"310\" data-end=\"347\">transforma\u00e7\u00e3o, leveza e liberdade<\/strong>, tornando a joia n\u00e3o apenas um acess\u00f3rio, mas tamb\u00e9m uma pe\u00e7a cheia de significado. Perfeito para personalizar pulseiras, trazendo charme e eleg\u00e2ncia para qualquer composi\u00e7\u00e3o.<\/p>\n<p data-start=\"527\" data-end=\"650\">As pratas 925 possuem <strong data-start=\"549\" data-end=\"571\">garantia vital\u00edcia<\/strong>, reconhecidas por sua resist\u00eancia, durabilidade e excelente custo-benef\u00edcio.<\/p>\n<hr data-start=\"652\" data-end=\"655\">\n<h3 data-start=\"657\" data-end=\"689\">Especifica\u00e7\u00f5es do produto:<\/h3>\n<ul data-start=\"690\" data-end=\"1026\">\n<li data-start=\"690\" data-end=\"734\">\n<p data-start=\"692\" data-end=\"734\"><strong data-start=\"692\" data-end=\"703\">Modelo:<\/strong> Berloque Borboleta Cravejada<\/p>\n<\/li>\n<li data-start=\"735\" data-end=\"772\">\n<p data-start=\"737\" data-end=\"772\"><strong data-start=\"737\" data-end=\"749\">Formato:<\/strong> Borboleta estilizada<\/p>\n<\/li>\n<li data-start=\"773\" data-end=\"828\">\n<p data-start=\"775\" data-end=\"828\"><strong data-start=\"775\" data-end=\"786\">Pedras:<\/strong> Zirc\u00f4nias cristal em micro cravejamento<\/p>\n<\/li>\n<li data-start=\"829\" data-end=\"865\">\n<p data-start=\"831\" data-end=\"865\"><strong data-start=\"831\" data-end=\"844\">Material:<\/strong> Prata 925 leg\u00edtima<\/p>\n<\/li>\n<li data-start=\"866\" data-end=\"914\">\n<p data-start=\"868\" data-end=\"914\"><strong data-start=\"868\" data-end=\"883\">Acabamento:<\/strong> Polido brilhante + cravejado<\/p>\n<\/li>\n<li data-start=\"915\" data-end=\"1000\">\n<p data-start=\"917\" data-end=\"1000\"><strong data-start=\"917\" data-end=\"937\">Compatibilidade:<\/strong> Pulseiras estilo europeu (Pandora, Life, Morana e similares)<\/p>\n<\/li>\n<li data-start=\"1001\" data-end=\"1026\">\n<p data-start=\"1003\" data-end=\"1026\"><strong data-start=\"1003\" data-end=\"1012\">Peso:<\/strong> Aprox. 2,0g<\/p>\n<\/li>\n<\/ul>\n<hr data-start=\"1028\" data-end=\"1031\">\n<h3 data-start=\"1033\" data-end=\"1048\">Garantia:<\/h3>\n<p data-start=\"1049\" data-end=\"1303\">Todos os berloques em <strong data-start=\"1071\" data-end=\"1084\">Prata 925<\/strong> acompanham <strong data-start=\"1096\" data-end=\"1140\">Certificado de Garantia de Autenticidade<\/strong>, assegurando a <strong data-start=\"1156\" data-end=\"1174\">dura\u00e7\u00e3o eterna<\/strong> do material. Diferente das bijuterias, pe\u00e7as em Prata 925 preservam brilho e valor por toda a vida, assim como o <strong data-start=\"1288\" data-end=\"1300\">Ouro 18k<\/strong>.<\/p>\n","protected":false},"excerpt":{"rendered":"<p>Detalhes do Produto: Berloque em Prata 925 leg\u00edtima, com delicado design de borboleta cravejada em zirc\u00f4nias cristal, que refletem brilho intenso e sofisticado. A borboleta&#8230;<\/p>\n","protected":false},"featured_media":5068,"comment_status":"open","ping_status":"closed","template":"","meta":[],"etheme_brands":[],"product_brand":[],"product_cat":[127],"product_tag":[133],"class_list":{"0":"post-5069","1":"product","2":"type-product","3":"status-publish","4":"has-post-thumbnail","6":"product_cat-categoriaberloques","7":"product_tag-uze-pratas","9":"first","10":"outofstock","11":"shipping-taxable","12":"purchasable","13":"product-type-simple"},"_links":{"self":[{"href":"https:\/\/agenciausphot.com\/uze\/wp-json\/wp\/v2\/product\/5069","targetHints":{"allow":["GET"]}}],"collection":[{"href":"https:\/\/agenciausphot.com\/uze\/wp-json\/wp\/v2\/product"}],"about":[{"href":"https:\/\/agenciausphot.com\/uze\/wp-json\/wp\/v2\/types\/product"}],"replies":[{"embeddable":true,"href":"https:\/\/agenciausphot.com\/uze\/wp-json\/wp\/v2\/comments?post=5069"}],"version-history":[{"count":1,"href":"https:\/\/agenciausphot.com\/uze\/wp-json\/wp\/v2\/product\/5069\/revisions"}],"predecessor-version":[{"id":6018,"href":"https:\/\/agenciausphot.com\/uze\/wp-json\/wp\/v2\/product\/5069\/revisions\/6018"}],"wp:featuredmedia":[{"embeddable":true,"href":"https:\/\/agenciausphot.com\/uze\/wp-json\/wp\/v2\/media\/5068"}],"wp:attachment":[{"href":"https:\/\/agenciausphot.com\/uze\/wp-json\/wp\/v2\/media?parent=5069"}],"wp:term":[{"taxonomy":"brand","embeddable":true,"href":"https:\/\/agenciausphot.com\/uze\/wp-json\/wp\/v2\/etheme_brands?post=5069"},{"taxonomy":"product_brand","embeddable":true,"href":"https:\/\/agenciausphot.com\/uze\/wp-json\/wp\/v2\/product_brand?post=5069"},{"taxonomy":"product_cat","embeddable":true,"href":"https:\/\/agenciausphot.com\/uze\/wp-json\/wp\/v2\/product_cat?post=5069"},{"taxonomy":"product_tag","embeddable":true,"href":"https:\/\/agenciausphot.com\/uze\/wp-json\/wp\/v2\/product_tag?post=5069"}],"curies":[{"name":"wp","href":"https:\/\/api.w.org\/{rel}","templated":true}]}}