{"id":5057,"date":"2025-10-29T13:06:43","date_gmt":"2025-10-29T13:06:43","guid":{"rendered":"https:\/\/agenciausphot.com\/uze\/produto\/berloque-vagalume\/"},"modified":"2026-01-12T15:14:37","modified_gmt":"2026-01-12T15:14:37","slug":"berloque-vagalume","status":"publish","type":"product","link":"https:\/\/agenciausphot.com\/uze\/produto\/berloque-vagalume\/","title":{"rendered":"Berloque vagalume"},"content":{"rendered":"<h3 data-start=\"99\" data-end=\"125\">Detalhes do Produto:<\/h3>\n<p data-start=\"126\" data-end=\"505\">Berloque em <strong data-start=\"138\" data-end=\"160\">Prata 925 leg\u00edtima<\/strong>, com delicado design de <strong data-start=\"185\" data-end=\"197\">vagalume<\/strong>, simbolizando luz, esperan\u00e7a e renova\u00e7\u00e3o. A pe\u00e7a traz acabamento detalhado que destaca suas formas, podendo contar com toque esmaltado ou cravejado, tornando o acess\u00f3rio ainda mais especial. Um charme \u00fanico para personalizar pulseiras, perfeito para quem gosta de joias cheias de significado e delicadeza.<\/p>\n<p data-start=\"507\" data-end=\"630\">As pratas 925 possuem <strong data-start=\"529\" data-end=\"551\">garantia vital\u00edcia<\/strong>, reconhecidas por sua resist\u00eancia, durabilidade e excelente custo-benef\u00edcio.<\/p>\n<hr data-start=\"632\" data-end=\"635\">\n<h3 data-start=\"637\" data-end=\"669\">Especifica\u00e7\u00f5es do produto:<\/h3>\n<ul data-start=\"670\" data-end=\"949\">\n<li data-start=\"670\" data-end=\"703\">\n<p data-start=\"672\" data-end=\"703\"><strong data-start=\"672\" data-end=\"683\">Modelo:<\/strong> Berloque Vagalume<\/p>\n<\/li>\n<li data-start=\"704\" data-end=\"740\">\n<p data-start=\"706\" data-end=\"740\"><strong data-start=\"706\" data-end=\"718\">Formato:<\/strong> Vagalume estilizado<\/p>\n<\/li>\n<li data-start=\"741\" data-end=\"777\">\n<p data-start=\"743\" data-end=\"777\"><strong data-start=\"743\" data-end=\"756\">Material:<\/strong> Prata 925 leg\u00edtima<\/p>\n<\/li>\n<li data-start=\"778\" data-end=\"837\">\n<p data-start=\"780\" data-end=\"837\"><strong data-start=\"780\" data-end=\"795\">Acabamento:<\/strong> Polido brilhante + detalhes trabalhados<\/p>\n<\/li>\n<li data-start=\"838\" data-end=\"923\">\n<p data-start=\"840\" data-end=\"923\"><strong data-start=\"840\" data-end=\"860\">Compatibilidade:<\/strong> Pulseiras estilo europeu (Pandora, Life, Morana e similares)<\/p>\n<\/li>\n<li data-start=\"924\" data-end=\"949\">\n<p data-start=\"926\" data-end=\"949\"><strong data-start=\"926\" data-end=\"935\">Peso:<\/strong> Aprox. 2,0g<\/p>\n<\/li>\n<\/ul>\n<hr data-start=\"951\" data-end=\"954\">\n<h3 data-start=\"956\" data-end=\"971\">Garantia:<\/h3>\n<p data-start=\"972\" data-end=\"1226\">Todos os berloques em <strong data-start=\"994\" data-end=\"1007\">Prata 925<\/strong> acompanham <strong data-start=\"1019\" data-end=\"1063\">Certificado de Garantia de Autenticidade<\/strong>, assegurando a <strong data-start=\"1079\" data-end=\"1097\">dura\u00e7\u00e3o eterna<\/strong> do material. Diferente das bijuterias, pe\u00e7as em Prata 925 preservam brilho e valor por toda a vida, assim como o <strong data-start=\"1211\" data-end=\"1223\">Ouro 18k<\/strong>.<\/p>\n","protected":false},"excerpt":{"rendered":"<p>Detalhes do Produto: Berloque em Prata 925 leg\u00edtima, com delicado design de vagalume, simbolizando luz, esperan\u00e7a e renova\u00e7\u00e3o. A pe\u00e7a traz acabamento detalhado que destaca&#8230;<\/p>\n","protected":false},"featured_media":5055,"comment_status":"open","ping_status":"closed","template":"","meta":[],"etheme_brands":[],"product_brand":[],"product_cat":[127],"product_tag":[133],"class_list":{"0":"post-5057","1":"product","2":"type-product","3":"status-publish","4":"has-post-thumbnail","6":"product_cat-categoriaberloques","7":"product_tag-uze-pratas","9":"first","10":"outofstock","11":"shipping-taxable","12":"purchasable","13":"product-type-simple"},"_links":{"self":[{"href":"https:\/\/agenciausphot.com\/uze\/wp-json\/wp\/v2\/product\/5057","targetHints":{"allow":["GET"]}}],"collection":[{"href":"https:\/\/agenciausphot.com\/uze\/wp-json\/wp\/v2\/product"}],"about":[{"href":"https:\/\/agenciausphot.com\/uze\/wp-json\/wp\/v2\/types\/product"}],"replies":[{"embeddable":true,"href":"https:\/\/agenciausphot.com\/uze\/wp-json\/wp\/v2\/comments?post=5057"}],"version-history":[{"count":1,"href":"https:\/\/agenciausphot.com\/uze\/wp-json\/wp\/v2\/product\/5057\/revisions"}],"predecessor-version":[{"id":6013,"href":"https:\/\/agenciausphot.com\/uze\/wp-json\/wp\/v2\/product\/5057\/revisions\/6013"}],"wp:featuredmedia":[{"embeddable":true,"href":"https:\/\/agenciausphot.com\/uze\/wp-json\/wp\/v2\/media\/5055"}],"wp:attachment":[{"href":"https:\/\/agenciausphot.com\/uze\/wp-json\/wp\/v2\/media?parent=5057"}],"wp:term":[{"taxonomy":"brand","embeddable":true,"href":"https:\/\/agenciausphot.com\/uze\/wp-json\/wp\/v2\/etheme_brands?post=5057"},{"taxonomy":"product_brand","embeddable":true,"href":"https:\/\/agenciausphot.com\/uze\/wp-json\/wp\/v2\/product_brand?post=5057"},{"taxonomy":"product_cat","embeddable":true,"href":"https:\/\/agenciausphot.com\/uze\/wp-json\/wp\/v2\/product_cat?post=5057"},{"taxonomy":"product_tag","embeddable":true,"href":"https:\/\/agenciausphot.com\/uze\/wp-json\/wp\/v2\/product_tag?post=5057"}],"curies":[{"name":"wp","href":"https:\/\/api.w.org\/{rel}","templated":true}]}}