{"id":5049,"date":"2025-10-29T13:06:36","date_gmt":"2025-10-29T13:06:36","guid":{"rendered":"https:\/\/agenciausphot.com\/uze\/produto\/pingente-pantera\/"},"modified":"2025-12-05T04:41:36","modified_gmt":"2025-12-05T04:41:36","slug":"pingente-pantera","status":"publish","type":"product","link":"https:\/\/agenciausphot.com\/uze\/produto\/pingente-pantera\/","title":{"rendered":"Pingente pantera"},"content":{"rendered":"<h3 data-start=\"98\" data-end=\"124\">Detalhes do Produto:<\/h3>\n<p data-start=\"125\" data-end=\"503\">Pingente em <strong data-start=\"137\" data-end=\"159\">Prata 925 leg\u00edtima<\/strong>, no formato de <strong data-start=\"175\" data-end=\"197\">pantera estilizada<\/strong>, s\u00edmbolo de for\u00e7a, coragem e eleg\u00e2ncia. O design marcante transmite impon\u00eancia e personalidade, tornando a pe\u00e7a perfeita para quem busca uma joia diferenciada, moderna e cheia de atitude. Pode ser usado sozinho para destaque ou em combina\u00e7\u00f5es com correntes robustas para um visual ainda mais impactante.<\/p>\n<p data-start=\"505\" data-end=\"628\">As pratas 925 possuem <strong data-start=\"527\" data-end=\"549\">garantia vital\u00edcia<\/strong>, reconhecidas por sua resist\u00eancia, durabilidade e excelente custo-benef\u00edcio.<\/p>\n<hr data-start=\"630\" data-end=\"633\">\n<h3 data-start=\"635\" data-end=\"667\">Especifica\u00e7\u00f5es do produto:<\/h3>\n<ul data-start=\"668\" data-end=\"927\">\n<li data-start=\"668\" data-end=\"700\">\n<p data-start=\"670\" data-end=\"700\"><strong data-start=\"670\" data-end=\"681\">Modelo:<\/strong> Pingente Pantera<\/p>\n<\/li>\n<li data-start=\"701\" data-end=\"771\">\n<p data-start=\"703\" data-end=\"771\"><strong data-start=\"703\" data-end=\"715\">Formato:<\/strong> Pantera detalhada (lisa ou cravejada conforme modelo)<\/p>\n<\/li>\n<li data-start=\"772\" data-end=\"808\">\n<p data-start=\"774\" data-end=\"808\"><strong data-start=\"774\" data-end=\"787\">Material:<\/strong> Prata 925 leg\u00edtima<\/p>\n<\/li>\n<li data-start=\"809\" data-end=\"877\">\n<p data-start=\"811\" data-end=\"877\"><strong data-start=\"811\" data-end=\"826\">Acabamento:<\/strong> Polido brilhante (op\u00e7\u00f5es cravejadas dispon\u00edveis)<\/p>\n<\/li>\n<li data-start=\"878\" data-end=\"901\">\n<p data-start=\"880\" data-end=\"901\"><strong data-start=\"880\" data-end=\"891\">G\u00eanero:<\/strong> Unissex<\/p>\n<\/li>\n<li data-start=\"902\" data-end=\"927\">\n<p data-start=\"904\" data-end=\"927\"><strong data-start=\"904\" data-end=\"913\">Peso:<\/strong> Aprox. 3,0g<\/p>\n<\/li>\n<\/ul>\n<hr data-start=\"929\" data-end=\"932\">\n<h3 data-start=\"934\" data-end=\"949\">Garantia:<\/h3>\n<p data-start=\"950\" data-end=\"1204\">Todos os pingentes em <strong data-start=\"972\" data-end=\"985\">Prata 925<\/strong> acompanham <strong data-start=\"997\" data-end=\"1041\">Certificado de Garantia de Autenticidade<\/strong>, assegurando a <strong data-start=\"1057\" data-end=\"1075\">dura\u00e7\u00e3o eterna<\/strong> do material. Diferente das bijuterias, pe\u00e7as em Prata 925 preservam brilho e valor por toda a vida, assim como o <strong data-start=\"1189\" data-end=\"1201\">Ouro 18k<\/strong>.<\/p>\n","protected":false},"excerpt":{"rendered":"<p>Detalhes do Produto: Pingente em Prata 925 leg\u00edtima, no formato de pantera estilizada, s\u00edmbolo de for\u00e7a, coragem e eleg\u00e2ncia. O design marcante transmite impon\u00eancia e&#8230;<\/p>\n","protected":false},"featured_media":5048,"comment_status":"open","ping_status":"closed","template":"","meta":[],"etheme_brands":[],"product_brand":[],"product_cat":[119,118],"product_tag":[133],"class_list":{"0":"post-5049","1":"product","2":"type-product","3":"status-publish","4":"has-post-thumbnail","6":"product_cat-categoriapingentespingente-feminino","7":"product_cat-categoriapingentes","8":"product_tag-uze-pratas","10":"first","11":"instock","12":"shipping-taxable","13":"purchasable","14":"product-type-simple"},"_links":{"self":[{"href":"https:\/\/agenciausphot.com\/uze\/wp-json\/wp\/v2\/product\/5049","targetHints":{"allow":["GET"]}}],"collection":[{"href":"https:\/\/agenciausphot.com\/uze\/wp-json\/wp\/v2\/product"}],"about":[{"href":"https:\/\/agenciausphot.com\/uze\/wp-json\/wp\/v2\/types\/product"}],"replies":[{"embeddable":true,"href":"https:\/\/agenciausphot.com\/uze\/wp-json\/wp\/v2\/comments?post=5049"}],"version-history":[{"count":1,"href":"https:\/\/agenciausphot.com\/uze\/wp-json\/wp\/v2\/product\/5049\/revisions"}],"predecessor-version":[{"id":6010,"href":"https:\/\/agenciausphot.com\/uze\/wp-json\/wp\/v2\/product\/5049\/revisions\/6010"}],"wp:featuredmedia":[{"embeddable":true,"href":"https:\/\/agenciausphot.com\/uze\/wp-json\/wp\/v2\/media\/5048"}],"wp:attachment":[{"href":"https:\/\/agenciausphot.com\/uze\/wp-json\/wp\/v2\/media?parent=5049"}],"wp:term":[{"taxonomy":"brand","embeddable":true,"href":"https:\/\/agenciausphot.com\/uze\/wp-json\/wp\/v2\/etheme_brands?post=5049"},{"taxonomy":"product_brand","embeddable":true,"href":"https:\/\/agenciausphot.com\/uze\/wp-json\/wp\/v2\/product_brand?post=5049"},{"taxonomy":"product_cat","embeddable":true,"href":"https:\/\/agenciausphot.com\/uze\/wp-json\/wp\/v2\/product_cat?post=5049"},{"taxonomy":"product_tag","embeddable":true,"href":"https:\/\/agenciausphot.com\/uze\/wp-json\/wp\/v2\/product_tag?post=5049"}],"curies":[{"name":"wp","href":"https:\/\/api.w.org\/{rel}","templated":true}]}}