{"id":5034,"date":"2025-10-29T13:06:25","date_gmt":"2025-10-29T13:06:25","guid":{"rendered":"https:\/\/agenciausphot.com\/uze\/produto\/brinco-circulo-cravejado-com-corrente\/"},"modified":"2025-12-05T04:41:35","modified_gmt":"2025-12-05T04:41:35","slug":"brinco-circulo-cravejado-com-corrente","status":"publish","type":"product","link":"https:\/\/agenciausphot.com\/uze\/produto\/brinco-circulo-cravejado-com-corrente\/","title":{"rendered":"Brinco circulo cravejado com corrente"},"content":{"rendered":"<h3 data-start=\"119\" data-end=\"145\">Detalhes do Produto:<\/h3>\n<p data-start=\"146\" data-end=\"497\">Brinco em <strong data-start=\"156\" data-end=\"178\">Prata 925 leg\u00edtima<\/strong>, com design moderno composto por um <strong data-start=\"215\" data-end=\"257\">c\u00edrculo cravejado de zirc\u00f4nias cristal<\/strong> que refletem brilho intenso e delicado. O acess\u00f3rio \u00e9 finalizado com uma <strong data-start=\"331\" data-end=\"359\">corrente fina e elegante<\/strong>, que adiciona movimento e sofistica\u00e7\u00e3o \u00e0 pe\u00e7a. Uma joia contempor\u00e2nea, perfeita para quem busca estilo e personalidade em cada detalhe.<\/p>\n<p data-start=\"499\" data-end=\"619\">As pratas 925 possuem <strong data-start=\"521\" data-end=\"543\">garantia vital\u00edcia<\/strong>, reconhecidas por sua resist\u00eancia, qualidade e excelente custo-benef\u00edcio.<\/p>\n<hr data-start=\"621\" data-end=\"624\">\n<h3 data-start=\"626\" data-end=\"658\">Especifica\u00e7\u00f5es do produto:<\/h3>\n<ul data-start=\"659\" data-end=\"979\">\n<li data-start=\"659\" data-end=\"712\">\n<p data-start=\"661\" data-end=\"712\"><strong data-start=\"661\" data-end=\"672\">Modelo:<\/strong> Brinco C\u00edrculo Cravejado com Corrente<\/p>\n<\/li>\n<li data-start=\"713\" data-end=\"780\">\n<p data-start=\"715\" data-end=\"780\"><strong data-start=\"715\" data-end=\"727\">Formato:<\/strong> C\u00edrculo cravejado com detalhe de corrente pendente<\/p>\n<\/li>\n<li data-start=\"781\" data-end=\"836\">\n<p data-start=\"783\" data-end=\"836\"><strong data-start=\"783\" data-end=\"794\">Pedras:<\/strong> Zirc\u00f4nias cristal em micro cravejamento<\/p>\n<\/li>\n<li data-start=\"837\" data-end=\"873\">\n<p data-start=\"839\" data-end=\"873\"><strong data-start=\"839\" data-end=\"852\">Material:<\/strong> Prata 925 leg\u00edtima<\/p>\n<\/li>\n<li data-start=\"874\" data-end=\"922\">\n<p data-start=\"876\" data-end=\"922\"><strong data-start=\"876\" data-end=\"891\">Acabamento:<\/strong> Polido brilhante + cravejado<\/p>\n<\/li>\n<li data-start=\"923\" data-end=\"947\">\n<p data-start=\"925\" data-end=\"947\"><strong data-start=\"925\" data-end=\"936\">G\u00eanero:<\/strong> Feminino<\/p>\n<\/li>\n<li data-start=\"948\" data-end=\"979\">\n<p data-start=\"950\" data-end=\"979\"><strong data-start=\"950\" data-end=\"959\">Peso:<\/strong> Aprox. 2,8g (par)<\/p>\n<\/li>\n<\/ul>\n<hr data-start=\"981\" data-end=\"984\">\n<h3 data-start=\"986\" data-end=\"1001\">Garantia:<\/h3>\n<p data-start=\"1002\" data-end=\"1254\">Todos os brincos em <strong data-start=\"1022\" data-end=\"1035\">Prata 925<\/strong> acompanham <strong data-start=\"1047\" data-end=\"1091\">Certificado de Garantia de Autenticidade<\/strong>, assegurando a <strong data-start=\"1107\" data-end=\"1125\">dura\u00e7\u00e3o eterna<\/strong> do material. Diferente das bijuterias, pe\u00e7as em Prata 925 preservam brilho e valor por toda a vida, assim como o <strong data-start=\"1239\" data-end=\"1251\">Ouro 18k<\/strong>.<\/p>\n","protected":false},"excerpt":{"rendered":"<p>Detalhes do Produto: Brinco em Prata 925 leg\u00edtima, com design moderno composto por um c\u00edrculo cravejado de zirc\u00f4nias cristal que refletem brilho intenso e delicado&#8230;.<\/p>\n","protected":false},"featured_media":5033,"comment_status":"open","ping_status":"closed","template":"","meta":[],"etheme_brands":[],"product_brand":[],"product_cat":[117,97],"product_tag":[133],"class_list":{"0":"post-5034","1":"product","2":"type-product","3":"status-publish","4":"has-post-thumbnail","6":"product_cat-categoriabrincosbrinco-feminino","7":"product_cat-categoriabrincos","8":"product_tag-uze-pratas","10":"first","11":"instock","12":"shipping-taxable","13":"purchasable","14":"product-type-simple"},"_links":{"self":[{"href":"https:\/\/agenciausphot.com\/uze\/wp-json\/wp\/v2\/product\/5034","targetHints":{"allow":["GET"]}}],"collection":[{"href":"https:\/\/agenciausphot.com\/uze\/wp-json\/wp\/v2\/product"}],"about":[{"href":"https:\/\/agenciausphot.com\/uze\/wp-json\/wp\/v2\/types\/product"}],"replies":[{"embeddable":true,"href":"https:\/\/agenciausphot.com\/uze\/wp-json\/wp\/v2\/comments?post=5034"}],"version-history":[{"count":1,"href":"https:\/\/agenciausphot.com\/uze\/wp-json\/wp\/v2\/product\/5034\/revisions"}],"predecessor-version":[{"id":6003,"href":"https:\/\/agenciausphot.com\/uze\/wp-json\/wp\/v2\/product\/5034\/revisions\/6003"}],"wp:featuredmedia":[{"embeddable":true,"href":"https:\/\/agenciausphot.com\/uze\/wp-json\/wp\/v2\/media\/5033"}],"wp:attachment":[{"href":"https:\/\/agenciausphot.com\/uze\/wp-json\/wp\/v2\/media?parent=5034"}],"wp:term":[{"taxonomy":"brand","embeddable":true,"href":"https:\/\/agenciausphot.com\/uze\/wp-json\/wp\/v2\/etheme_brands?post=5034"},{"taxonomy":"product_brand","embeddable":true,"href":"https:\/\/agenciausphot.com\/uze\/wp-json\/wp\/v2\/product_brand?post=5034"},{"taxonomy":"product_cat","embeddable":true,"href":"https:\/\/agenciausphot.com\/uze\/wp-json\/wp\/v2\/product_cat?post=5034"},{"taxonomy":"product_tag","embeddable":true,"href":"https:\/\/agenciausphot.com\/uze\/wp-json\/wp\/v2\/product_tag?post=5034"}],"curies":[{"name":"wp","href":"https:\/\/api.w.org\/{rel}","templated":true}]}}