{"id":5030,"date":"2025-10-29T13:06:22","date_gmt":"2025-10-29T13:06:22","guid":{"rendered":"https:\/\/agenciausphot.com\/uze\/produto\/trio-ponto-de-luz-redondo-azul-escuro\/"},"modified":"2025-12-05T04:41:35","modified_gmt":"2025-12-05T04:41:35","slug":"trio-ponto-de-luz-redondo-azul-escuro","status":"publish","type":"product","link":"https:\/\/agenciausphot.com\/uze\/produto\/trio-ponto-de-luz-redondo-azul-escuro\/","title":{"rendered":"Trio ponto de luz redondo azul escuro"},"content":{"rendered":"<h3 data-start=\"130\" data-end=\"156\">Detalhes do Produto:<\/h3>\n<p data-start=\"157\" data-end=\"559\">Trio de brincos em <strong data-start=\"176\" data-end=\"198\">Prata 925 leg\u00edtima<\/strong>, no estilo cl\u00e1ssico <strong data-start=\"219\" data-end=\"243\">ponto de luz redondo<\/strong>, com <strong data-start=\"249\" data-end=\"281\">zirc\u00f4nias em tom azul escuro<\/strong> que transmitem sofistica\u00e7\u00e3o, intensidade e eleg\u00e2ncia. O conjunto vem com tr\u00eas tamanhos diferentes, ideal para quem possui m\u00faltiplos furos ou gosta de variar os acess\u00f3rios de acordo com a ocasi\u00e3o. Uma joia vers\u00e1til e atemporal, perfeita para compor looks refinados e modernos.<\/p>\n<p data-start=\"561\" data-end=\"684\">As pratas 925 possuem <strong data-start=\"583\" data-end=\"605\">garantia vital\u00edcia<\/strong>, reconhecidas por sua resist\u00eancia, durabilidade e excelente custo-benef\u00edcio.<\/p>\n<hr data-start=\"686\" data-end=\"689\">\n<h3 data-start=\"691\" data-end=\"723\">Especifica\u00e7\u00f5es do produto:<\/h3>\n<ul data-start=\"724\" data-end=\"1044\">\n<li data-start=\"724\" data-end=\"788\">\n<p data-start=\"726\" data-end=\"788\"><strong data-start=\"726\" data-end=\"737\">Modelo:<\/strong> Trio de Brincos Ponto de Luz Redondo Azul Escuro<\/p>\n<\/li>\n<li data-start=\"789\" data-end=\"813\">\n<p data-start=\"791\" data-end=\"813\"><strong data-start=\"791\" data-end=\"803\">Formato:<\/strong> Redondo<\/p>\n<\/li>\n<li data-start=\"814\" data-end=\"894\">\n<p data-start=\"816\" data-end=\"894\"><strong data-start=\"816\" data-end=\"827\">Pedras:<\/strong> Zirc\u00f4nias azul escuro em tr\u00eas tamanhos (pequeno, m\u00e9dio e grande)<\/p>\n<\/li>\n<li data-start=\"895\" data-end=\"931\">\n<p data-start=\"897\" data-end=\"931\"><strong data-start=\"897\" data-end=\"910\">Material:<\/strong> Prata 925 leg\u00edtima<\/p>\n<\/li>\n<li data-start=\"932\" data-end=\"968\">\n<p data-start=\"934\" data-end=\"968\"><strong data-start=\"934\" data-end=\"949\">Acabamento:<\/strong> Polido brilhante<\/p>\n<\/li>\n<li data-start=\"969\" data-end=\"1002\">\n<p data-start=\"971\" data-end=\"1002\"><strong data-start=\"971\" data-end=\"982\">G\u00eanero:<\/strong> Feminino\/Infantil<\/p>\n<\/li>\n<li data-start=\"1003\" data-end=\"1044\">\n<p data-start=\"1005\" data-end=\"1044\"><strong data-start=\"1005\" data-end=\"1014\">Peso:<\/strong> Aprox. 2,5g (trio completo)<\/p>\n<\/li>\n<\/ul>\n<hr data-start=\"1046\" data-end=\"1049\">\n<h3 data-start=\"1051\" data-end=\"1066\">Garantia:<\/h3>\n<p data-start=\"1067\" data-end=\"1319\">Todos os brincos em <strong data-start=\"1087\" data-end=\"1100\">Prata 925<\/strong> acompanham <strong data-start=\"1112\" data-end=\"1156\">Certificado de Garantia de Autenticidade<\/strong>, assegurando a <strong data-start=\"1172\" data-end=\"1190\">dura\u00e7\u00e3o eterna<\/strong> do material. Diferente das bijuterias, pe\u00e7as em Prata 925 preservam brilho e valor por toda a vida, assim como o <strong data-start=\"1304\" data-end=\"1316\">Ouro 18k<\/strong>.<\/p>\n","protected":false},"excerpt":{"rendered":"<p>Detalhes do Produto: Trio de brincos em Prata 925 leg\u00edtima, no estilo cl\u00e1ssico ponto de luz redondo, com zirc\u00f4nias em tom azul escuro que transmitem&#8230;<\/p>\n","protected":false},"featured_media":5028,"comment_status":"open","ping_status":"closed","template":"","meta":[],"etheme_brands":[],"product_brand":[],"product_cat":[117,97],"product_tag":[133],"class_list":{"0":"post-5030","1":"product","2":"type-product","3":"status-publish","4":"has-post-thumbnail","6":"product_cat-categoriabrincosbrinco-feminino","7":"product_cat-categoriabrincos","8":"product_tag-uze-pratas","10":"first","11":"instock","12":"shipping-taxable","13":"purchasable","14":"product-type-simple"},"_links":{"self":[{"href":"https:\/\/agenciausphot.com\/uze\/wp-json\/wp\/v2\/product\/5030","targetHints":{"allow":["GET"]}}],"collection":[{"href":"https:\/\/agenciausphot.com\/uze\/wp-json\/wp\/v2\/product"}],"about":[{"href":"https:\/\/agenciausphot.com\/uze\/wp-json\/wp\/v2\/types\/product"}],"replies":[{"embeddable":true,"href":"https:\/\/agenciausphot.com\/uze\/wp-json\/wp\/v2\/comments?post=5030"}],"version-history":[{"count":1,"href":"https:\/\/agenciausphot.com\/uze\/wp-json\/wp\/v2\/product\/5030\/revisions"}],"predecessor-version":[{"id":6002,"href":"https:\/\/agenciausphot.com\/uze\/wp-json\/wp\/v2\/product\/5030\/revisions\/6002"}],"wp:featuredmedia":[{"embeddable":true,"href":"https:\/\/agenciausphot.com\/uze\/wp-json\/wp\/v2\/media\/5028"}],"wp:attachment":[{"href":"https:\/\/agenciausphot.com\/uze\/wp-json\/wp\/v2\/media?parent=5030"}],"wp:term":[{"taxonomy":"brand","embeddable":true,"href":"https:\/\/agenciausphot.com\/uze\/wp-json\/wp\/v2\/etheme_brands?post=5030"},{"taxonomy":"product_brand","embeddable":true,"href":"https:\/\/agenciausphot.com\/uze\/wp-json\/wp\/v2\/product_brand?post=5030"},{"taxonomy":"product_cat","embeddable":true,"href":"https:\/\/agenciausphot.com\/uze\/wp-json\/wp\/v2\/product_cat?post=5030"},{"taxonomy":"product_tag","embeddable":true,"href":"https:\/\/agenciausphot.com\/uze\/wp-json\/wp\/v2\/product_tag?post=5030"}],"curies":[{"name":"wp","href":"https:\/\/api.w.org\/{rel}","templated":true}]}}