{"id":5017,"date":"2025-10-29T13:06:12","date_gmt":"2025-10-29T13:06:12","guid":{"rendered":"https:\/\/agenciausphot.com\/uze\/produto\/trio-de-brincos-perola\/"},"modified":"2025-11-04T20:36:21","modified_gmt":"2025-11-04T20:36:21","slug":"trio-de-brincos-perola","status":"publish","type":"product","link":"https:\/\/agenciausphot.com\/uze\/produto\/trio-de-brincos-perola\/","title":{"rendered":"Trio de brincos p\u00e9rola"},"content":{"rendered":"<h3 data-start=\"104\" data-end=\"130\">Detalhes do Produto:<\/h3>\n<p data-start=\"131\" data-end=\"476\">Trio de brincos em <strong data-start=\"150\" data-end=\"172\">Prata 925 leg\u00edtima<\/strong>, com design cl\u00e1ssico e delicado de <strong data-start=\"208\" data-end=\"248\">p\u00e9rolas sint\u00e9ticas de alta qualidade<\/strong>. O conjunto conta com tr\u00eas tamanhos diferentes, proporcionando versatilidade para quem possui m\u00faltiplos furos ou deseja variar o visual no dia a dia. Uma joia atemporal, elegante e sofisticada, perfeita para qualquer ocasi\u00e3o.<\/p>\n<p data-start=\"478\" data-end=\"601\">As pratas 925 possuem <strong data-start=\"500\" data-end=\"522\">garantia vital\u00edcia<\/strong>, reconhecidas por sua resist\u00eancia, durabilidade e excelente custo-benef\u00edcio.<\/p>\n<hr data-start=\"603\" data-end=\"606\">\n<h3 data-start=\"608\" data-end=\"640\">Especifica\u00e7\u00f5es do produto:<\/h3>\n<ul data-start=\"641\" data-end=\"958\">\n<li data-start=\"641\" data-end=\"679\">\n<p data-start=\"643\" data-end=\"679\"><strong data-start=\"643\" data-end=\"654\">Modelo:<\/strong> Trio de Brincos P\u00e9rola<\/p>\n<\/li>\n<li data-start=\"680\" data-end=\"713\">\n<p data-start=\"682\" data-end=\"713\"><strong data-start=\"682\" data-end=\"694\">Formato:<\/strong> P\u00e9rolas redondas<\/p>\n<\/li>\n<li data-start=\"714\" data-end=\"766\">\n<p data-start=\"716\" data-end=\"766\"><strong data-start=\"716\" data-end=\"727\">Pedras:<\/strong> P\u00e9rolas sint\u00e9ticas de alta qualidade<\/p>\n<\/li>\n<li data-start=\"767\" data-end=\"808\">\n<p data-start=\"769\" data-end=\"808\"><strong data-start=\"769\" data-end=\"782\">Tamanhos:<\/strong> Pequeno, m\u00e9dio e grande<\/p>\n<\/li>\n<li data-start=\"809\" data-end=\"845\">\n<p data-start=\"811\" data-end=\"845\"><strong data-start=\"811\" data-end=\"824\">Material:<\/strong> Prata 925 leg\u00edtima<\/p>\n<\/li>\n<li data-start=\"846\" data-end=\"882\">\n<p data-start=\"848\" data-end=\"882\"><strong data-start=\"848\" data-end=\"863\">Acabamento:<\/strong> Polido brilhante<\/p>\n<\/li>\n<li data-start=\"883\" data-end=\"916\">\n<p data-start=\"885\" data-end=\"916\"><strong data-start=\"885\" data-end=\"896\">G\u00eanero:<\/strong> Feminino\/Infantil<\/p>\n<\/li>\n<li data-start=\"917\" data-end=\"958\">\n<p data-start=\"919\" data-end=\"958\"><strong data-start=\"919\" data-end=\"928\">Peso:<\/strong> Aprox. 2,5g (trio completo)<\/p>\n<\/li>\n<\/ul>\n<hr data-start=\"960\" data-end=\"963\">\n<h3 data-start=\"965\" data-end=\"980\">Garantia:<\/h3>\n<p data-start=\"981\" data-end=\"1233\">Todos os brincos em <strong data-start=\"1001\" data-end=\"1014\">Prata 925<\/strong> acompanham <strong data-start=\"1026\" data-end=\"1070\">Certificado de Garantia de Autenticidade<\/strong>, assegurando a <strong data-start=\"1086\" data-end=\"1104\">dura\u00e7\u00e3o eterna<\/strong> do material. Diferente das bijuterias, pe\u00e7as em Prata 925 preservam brilho e valor por toda a vida, assim como o <strong data-start=\"1218\" data-end=\"1230\">Ouro 18k<\/strong>.<\/p>\n","protected":false},"excerpt":{"rendered":"<p>Detalhes do Produto: Trio de brincos em Prata 925 leg\u00edtima, com design cl\u00e1ssico e delicado de p\u00e9rolas sint\u00e9ticas de alta qualidade. O conjunto conta com&#8230;<\/p>\n","protected":false},"featured_media":5016,"comment_status":"open","ping_status":"closed","template":"","meta":[],"etheme_brands":[],"product_brand":[],"product_cat":[117,97],"product_tag":[133],"class_list":{"0":"post-5017","1":"product","2":"type-product","3":"status-publish","4":"has-post-thumbnail","6":"product_cat-categoriabrincosbrinco-feminino","7":"product_cat-categoriabrincos","8":"product_tag-uze-pratas","10":"first","11":"instock","12":"shipping-taxable","13":"purchasable","14":"product-type-simple"},"_links":{"self":[{"href":"https:\/\/agenciausphot.com\/uze\/wp-json\/wp\/v2\/product\/5017","targetHints":{"allow":["GET"]}}],"collection":[{"href":"https:\/\/agenciausphot.com\/uze\/wp-json\/wp\/v2\/product"}],"about":[{"href":"https:\/\/agenciausphot.com\/uze\/wp-json\/wp\/v2\/types\/product"}],"replies":[{"embeddable":true,"href":"https:\/\/agenciausphot.com\/uze\/wp-json\/wp\/v2\/comments?post=5017"}],"version-history":[{"count":1,"href":"https:\/\/agenciausphot.com\/uze\/wp-json\/wp\/v2\/product\/5017\/revisions"}],"predecessor-version":[{"id":5996,"href":"https:\/\/agenciausphot.com\/uze\/wp-json\/wp\/v2\/product\/5017\/revisions\/5996"}],"wp:featuredmedia":[{"embeddable":true,"href":"https:\/\/agenciausphot.com\/uze\/wp-json\/wp\/v2\/media\/5016"}],"wp:attachment":[{"href":"https:\/\/agenciausphot.com\/uze\/wp-json\/wp\/v2\/media?parent=5017"}],"wp:term":[{"taxonomy":"brand","embeddable":true,"href":"https:\/\/agenciausphot.com\/uze\/wp-json\/wp\/v2\/etheme_brands?post=5017"},{"taxonomy":"product_brand","embeddable":true,"href":"https:\/\/agenciausphot.com\/uze\/wp-json\/wp\/v2\/product_brand?post=5017"},{"taxonomy":"product_cat","embeddable":true,"href":"https:\/\/agenciausphot.com\/uze\/wp-json\/wp\/v2\/product_cat?post=5017"},{"taxonomy":"product_tag","embeddable":true,"href":"https:\/\/agenciausphot.com\/uze\/wp-json\/wp\/v2\/product_tag?post=5017"}],"curies":[{"name":"wp","href":"https:\/\/api.w.org\/{rel}","templated":true}]}}