{"id":5015,"date":"2025-10-29T13:06:11","date_gmt":"2025-10-29T13:06:11","guid":{"rendered":"https:\/\/agenciausphot.com\/uze\/produto\/trio-de-brincos-coracao-detalhado\/"},"modified":"2025-11-04T20:36:20","modified_gmt":"2025-11-04T20:36:20","slug":"trio-de-brincos-coracao-detalhado","status":"publish","type":"product","link":"https:\/\/agenciausphot.com\/uze\/produto\/trio-de-brincos-coracao-detalhado\/","title":{"rendered":"Trio de brincos cora\u00e7\u00e3o detalhado"},"content":{"rendered":"<h3 data-start=\"115\" data-end=\"141\">Detalhes do Produto:<\/h3>\n<p data-start=\"142\" data-end=\"517\">Trio de brincos em <strong data-start=\"161\" data-end=\"183\">Prata 925 leg\u00edtima<\/strong>, com design delicado de <strong data-start=\"208\" data-end=\"231\">cora\u00e7\u00f5es detalhados<\/strong>, trazendo acabamento trabalhado que real\u00e7a cada tra\u00e7o da pe\u00e7a. O conjunto \u00e9 composto por tr\u00eas tamanhos diferentes, perfeito para quem possui m\u00faltiplos furos ou deseja variar os acess\u00f3rios no dia a dia. Uma joia rom\u00e2ntica, charmosa e vers\u00e1til, que combina delicadeza com sofistica\u00e7\u00e3o.<\/p>\n<p data-start=\"519\" data-end=\"642\">As pratas 925 possuem <strong data-start=\"541\" data-end=\"563\">garantia vital\u00edcia<\/strong>, reconhecidas por sua resist\u00eancia, durabilidade e excelente custo-benef\u00edcio.<\/p>\n<hr data-start=\"644\" data-end=\"647\">\n<h3 data-start=\"649\" data-end=\"681\">Especifica\u00e7\u00f5es do produto:<\/h3>\n<ul data-start=\"682\" data-end=\"961\">\n<li data-start=\"682\" data-end=\"731\">\n<p data-start=\"684\" data-end=\"731\"><strong data-start=\"684\" data-end=\"695\">Modelo:<\/strong> Trio de Brincos Cora\u00e7\u00e3o Detalhado<\/p>\n<\/li>\n<li data-start=\"732\" data-end=\"786\">\n<p data-start=\"734\" data-end=\"786\"><strong data-start=\"734\" data-end=\"746\">Formato:<\/strong> Cora\u00e7\u00f5es estilizados em tr\u00eas tamanhos<\/p>\n<\/li>\n<li data-start=\"787\" data-end=\"823\">\n<p data-start=\"789\" data-end=\"823\"><strong data-start=\"789\" data-end=\"802\">Material:<\/strong> Prata 925 leg\u00edtima<\/p>\n<\/li>\n<li data-start=\"824\" data-end=\"885\">\n<p data-start=\"826\" data-end=\"885\"><strong data-start=\"826\" data-end=\"841\">Acabamento:<\/strong> Polido brilhante com detalhes trabalhados<\/p>\n<\/li>\n<li data-start=\"886\" data-end=\"919\">\n<p data-start=\"888\" data-end=\"919\"><strong data-start=\"888\" data-end=\"899\">G\u00eanero:<\/strong> Feminino\/Infantil<\/p>\n<\/li>\n<li data-start=\"920\" data-end=\"961\">\n<p data-start=\"922\" data-end=\"961\"><strong data-start=\"922\" data-end=\"931\">Peso:<\/strong> Aprox. 2,5g (trio completo)<\/p>\n<\/li>\n<\/ul>\n<hr data-start=\"963\" data-end=\"966\">\n<h3 data-start=\"968\" data-end=\"983\">Garantia:<\/h3>\n<p data-start=\"984\" data-end=\"1236\">Todos os brincos em <strong data-start=\"1004\" data-end=\"1017\">Prata 925<\/strong> acompanham <strong data-start=\"1029\" data-end=\"1073\">Certificado de Garantia de Autenticidade<\/strong>, assegurando a <strong data-start=\"1089\" data-end=\"1107\">dura\u00e7\u00e3o eterna<\/strong> do material. Diferente das bijuterias, pe\u00e7as em Prata 925 preservam brilho e valor por toda a vida, assim como o <strong data-start=\"1221\" data-end=\"1233\">Ouro 18k<\/strong>.<\/p>\n","protected":false},"excerpt":{"rendered":"<p>Detalhes do Produto: Trio de brincos em Prata 925 leg\u00edtima, com design delicado de cora\u00e7\u00f5es detalhados, trazendo acabamento trabalhado que real\u00e7a cada tra\u00e7o da pe\u00e7a&#8230;.<\/p>\n","protected":false},"featured_media":5014,"comment_status":"open","ping_status":"closed","template":"","meta":[],"etheme_brands":[],"product_brand":[],"product_cat":[117,97],"product_tag":[133],"class_list":{"0":"post-5015","1":"product","2":"type-product","3":"status-publish","4":"has-post-thumbnail","6":"product_cat-categoriabrincosbrinco-feminino","7":"product_cat-categoriabrincos","8":"product_tag-uze-pratas","10":"first","11":"instock","12":"shipping-taxable","13":"purchasable","14":"product-type-simple"},"_links":{"self":[{"href":"https:\/\/agenciausphot.com\/uze\/wp-json\/wp\/v2\/product\/5015","targetHints":{"allow":["GET"]}}],"collection":[{"href":"https:\/\/agenciausphot.com\/uze\/wp-json\/wp\/v2\/product"}],"about":[{"href":"https:\/\/agenciausphot.com\/uze\/wp-json\/wp\/v2\/types\/product"}],"replies":[{"embeddable":true,"href":"https:\/\/agenciausphot.com\/uze\/wp-json\/wp\/v2\/comments?post=5015"}],"version-history":[{"count":1,"href":"https:\/\/agenciausphot.com\/uze\/wp-json\/wp\/v2\/product\/5015\/revisions"}],"predecessor-version":[{"id":5995,"href":"https:\/\/agenciausphot.com\/uze\/wp-json\/wp\/v2\/product\/5015\/revisions\/5995"}],"wp:featuredmedia":[{"embeddable":true,"href":"https:\/\/agenciausphot.com\/uze\/wp-json\/wp\/v2\/media\/5014"}],"wp:attachment":[{"href":"https:\/\/agenciausphot.com\/uze\/wp-json\/wp\/v2\/media?parent=5015"}],"wp:term":[{"taxonomy":"brand","embeddable":true,"href":"https:\/\/agenciausphot.com\/uze\/wp-json\/wp\/v2\/etheme_brands?post=5015"},{"taxonomy":"product_brand","embeddable":true,"href":"https:\/\/agenciausphot.com\/uze\/wp-json\/wp\/v2\/product_brand?post=5015"},{"taxonomy":"product_cat","embeddable":true,"href":"https:\/\/agenciausphot.com\/uze\/wp-json\/wp\/v2\/product_cat?post=5015"},{"taxonomy":"product_tag","embeddable":true,"href":"https:\/\/agenciausphot.com\/uze\/wp-json\/wp\/v2\/product_tag?post=5015"}],"curies":[{"name":"wp","href":"https:\/\/api.w.org\/{rel}","templated":true}]}}