{"id":4990,"date":"2025-10-29T13:05:51","date_gmt":"2025-10-29T13:05:51","guid":{"rendered":"https:\/\/agenciausphot.com\/uze\/produto\/brinco-de-asas-cravejadas\/"},"modified":"2025-11-04T20:36:13","modified_gmt":"2025-11-04T20:36:13","slug":"brinco-de-asas-cravejadas","status":"publish","type":"product","link":"https:\/\/agenciausphot.com\/uze\/produto\/brinco-de-asas-cravejadas\/","title":{"rendered":"Brinco de asas cravejadas"},"content":{"rendered":"<p data-start=\"134\" data-end=\"534\">Brinco em <strong data-start=\"144\" data-end=\"166\">Prata 925 leg\u00edtima<\/strong>, com design delicado em <strong data-start=\"191\" data-end=\"210\">formato de asas<\/strong>, totalmente <strong data-start=\"223\" data-end=\"259\">cravejadas com zirc\u00f4nias cristal<\/strong>, que refletem brilho intenso e sofisticado. O desenho das asas transmite leveza, prote\u00e7\u00e3o e liberdade, tornando a pe\u00e7a cheia de significado al\u00e9m da beleza. Uma joia moderna e elegante, perfeita para ocasi\u00f5es especiais ou para dar um toque de requinte ao look do dia a dia.<\/p>\n<p data-start=\"536\" data-end=\"656\">\n","protected":false},"excerpt":{"rendered":"<p>Brinco em Prata 925 leg\u00edtima, com design delicado em formato de asas, totalmente cravejadas com zirc\u00f4nias cristal, que refletem brilho intenso e sofisticado. O desenho&#8230;<\/p>\n","protected":false},"featured_media":4989,"comment_status":"open","ping_status":"closed","template":"","meta":[],"etheme_brands":[],"product_brand":[],"product_cat":[117,97],"product_tag":[133],"class_list":{"0":"post-4990","1":"product","2":"type-product","3":"status-publish","4":"has-post-thumbnail","6":"product_cat-categoriabrincosbrinco-feminino","7":"product_cat-categoriabrincos","8":"product_tag-uze-pratas","10":"first","11":"instock","12":"shipping-taxable","13":"purchasable","14":"product-type-simple"},"_links":{"self":[{"href":"https:\/\/agenciausphot.com\/uze\/wp-json\/wp\/v2\/product\/4990","targetHints":{"allow":["GET"]}}],"collection":[{"href":"https:\/\/agenciausphot.com\/uze\/wp-json\/wp\/v2\/product"}],"about":[{"href":"https:\/\/agenciausphot.com\/uze\/wp-json\/wp\/v2\/types\/product"}],"replies":[{"embeddable":true,"href":"https:\/\/agenciausphot.com\/uze\/wp-json\/wp\/v2\/comments?post=4990"}],"version-history":[{"count":1,"href":"https:\/\/agenciausphot.com\/uze\/wp-json\/wp\/v2\/product\/4990\/revisions"}],"predecessor-version":[{"id":5985,"href":"https:\/\/agenciausphot.com\/uze\/wp-json\/wp\/v2\/product\/4990\/revisions\/5985"}],"wp:featuredmedia":[{"embeddable":true,"href":"https:\/\/agenciausphot.com\/uze\/wp-json\/wp\/v2\/media\/4989"}],"wp:attachment":[{"href":"https:\/\/agenciausphot.com\/uze\/wp-json\/wp\/v2\/media?parent=4990"}],"wp:term":[{"taxonomy":"brand","embeddable":true,"href":"https:\/\/agenciausphot.com\/uze\/wp-json\/wp\/v2\/etheme_brands?post=4990"},{"taxonomy":"product_brand","embeddable":true,"href":"https:\/\/agenciausphot.com\/uze\/wp-json\/wp\/v2\/product_brand?post=4990"},{"taxonomy":"product_cat","embeddable":true,"href":"https:\/\/agenciausphot.com\/uze\/wp-json\/wp\/v2\/product_cat?post=4990"},{"taxonomy":"product_tag","embeddable":true,"href":"https:\/\/agenciausphot.com\/uze\/wp-json\/wp\/v2\/product_tag?post=4990"}],"curies":[{"name":"wp","href":"https:\/\/api.w.org\/{rel}","templated":true}]}}