{"id":4988,"date":"2025-10-29T13:05:50","date_gmt":"2025-10-29T13:05:50","guid":{"rendered":"https:\/\/agenciausphot.com\/uze\/produto\/brinco-pingente-de-trevo-preto\/"},"modified":"2025-11-04T20:36:12","modified_gmt":"2025-11-04T20:36:12","slug":"brinco-pingente-de-trevo-preto","status":"publish","type":"product","link":"https:\/\/agenciausphot.com\/uze\/produto\/brinco-pingente-de-trevo-preto\/","title":{"rendered":"Brinco pingente de trevo preto"},"content":{"rendered":"<p data-start=\"140\" data-end=\"519\">Brinco em <strong data-start=\"150\" data-end=\"172\">Prata 925 leg\u00edtima<\/strong>, com delicado <strong data-start=\"187\" data-end=\"236\">pingente em formato de trevo de quatro folhas<\/strong>, aplica\u00e7\u00e3o em <strong data-start=\"251\" data-end=\"277\">resina preta esmaltada<\/strong> que contrasta com o brilho da prata polida. Uma pe\u00e7a moderna e cheia de significado, j\u00e1 que o trevo simboliza <strong data-start=\"388\" data-end=\"419\">sorte, amor, f\u00e9 e esperan\u00e7a<\/strong>. Leve e elegante, \u00e9 ideal para compor looks sofisticados ou casuais com um toque de estilo \u00fanico.<\/p>\n<p data-start=\"521\" data-end=\"644\">\n","protected":false},"excerpt":{"rendered":"<p>Brinco em Prata 925 leg\u00edtima, com delicado pingente em formato de trevo de quatro folhas, aplica\u00e7\u00e3o em resina preta esmaltada que contrasta com o brilho&#8230;<\/p>\n","protected":false},"featured_media":4987,"comment_status":"open","ping_status":"closed","template":"","meta":[],"etheme_brands":[],"product_brand":[],"product_cat":[117,97],"product_tag":[133],"class_list":{"0":"post-4988","1":"product","2":"type-product","3":"status-publish","4":"has-post-thumbnail","6":"product_cat-categoriabrincosbrinco-feminino","7":"product_cat-categoriabrincos","8":"product_tag-uze-pratas","10":"first","11":"outofstock","12":"shipping-taxable","13":"purchasable","14":"product-type-simple"},"_links":{"self":[{"href":"https:\/\/agenciausphot.com\/uze\/wp-json\/wp\/v2\/product\/4988","targetHints":{"allow":["GET"]}}],"collection":[{"href":"https:\/\/agenciausphot.com\/uze\/wp-json\/wp\/v2\/product"}],"about":[{"href":"https:\/\/agenciausphot.com\/uze\/wp-json\/wp\/v2\/types\/product"}],"replies":[{"embeddable":true,"href":"https:\/\/agenciausphot.com\/uze\/wp-json\/wp\/v2\/comments?post=4988"}],"version-history":[{"count":1,"href":"https:\/\/agenciausphot.com\/uze\/wp-json\/wp\/v2\/product\/4988\/revisions"}],"predecessor-version":[{"id":5984,"href":"https:\/\/agenciausphot.com\/uze\/wp-json\/wp\/v2\/product\/4988\/revisions\/5984"}],"wp:featuredmedia":[{"embeddable":true,"href":"https:\/\/agenciausphot.com\/uze\/wp-json\/wp\/v2\/media\/4987"}],"wp:attachment":[{"href":"https:\/\/agenciausphot.com\/uze\/wp-json\/wp\/v2\/media?parent=4988"}],"wp:term":[{"taxonomy":"brand","embeddable":true,"href":"https:\/\/agenciausphot.com\/uze\/wp-json\/wp\/v2\/etheme_brands?post=4988"},{"taxonomy":"product_brand","embeddable":true,"href":"https:\/\/agenciausphot.com\/uze\/wp-json\/wp\/v2\/product_brand?post=4988"},{"taxonomy":"product_cat","embeddable":true,"href":"https:\/\/agenciausphot.com\/uze\/wp-json\/wp\/v2\/product_cat?post=4988"},{"taxonomy":"product_tag","embeddable":true,"href":"https:\/\/agenciausphot.com\/uze\/wp-json\/wp\/v2\/product_tag?post=4988"}],"curies":[{"name":"wp","href":"https:\/\/api.w.org\/{rel}","templated":true}]}}