{"id":4986,"date":"2025-10-29T13:05:48","date_gmt":"2025-10-29T13:05:48","guid":{"rendered":"https:\/\/agenciausphot.com\/uze\/produto\/brinco-trevo-madrepeola\/"},"modified":"2025-11-04T20:36:12","modified_gmt":"2025-11-04T20:36:12","slug":"brinco-trevo-madrepeola","status":"publish","type":"product","link":"https:\/\/agenciausphot.com\/uze\/produto\/brinco-trevo-madrepeola\/","title":{"rendered":"Brinco trevo madrepe\u00f3la"},"content":{"rendered":"<p data-start=\"133\" data-end=\"561\">Brinco em <strong data-start=\"143\" data-end=\"165\">Prata 925 leg\u00edtima<\/strong>, com design delicado de <strong data-start=\"190\" data-end=\"216\">trevo de quatro folhas<\/strong>, preenchido com <strong data-start=\"233\" data-end=\"256\">madrep\u00e9rola natural<\/strong>, que confere eleg\u00e2ncia e sofistica\u00e7\u00e3o \u00e0 pe\u00e7a. O contraste entre o brilho da prata polida e o tom suave da madrep\u00e9rola cria um acess\u00f3rio atemporal, perfeito para compor looks modernos e rom\u00e2nticos. Al\u00e9m do charme, o trevo simboliza <strong data-start=\"488\" data-end=\"519\">sorte, amor, f\u00e9 e esperan\u00e7a<\/strong>, tornando o brinco ainda mais especial.<\/p>\n<p data-start=\"563\" data-end=\"686\">\n","protected":false},"excerpt":{"rendered":"<p>Brinco em Prata 925 leg\u00edtima, com design delicado de trevo de quatro folhas, preenchido com madrep\u00e9rola natural, que confere eleg\u00e2ncia e sofistica\u00e7\u00e3o \u00e0 pe\u00e7a. O&#8230;<\/p>\n","protected":false},"featured_media":4985,"comment_status":"open","ping_status":"closed","template":"","meta":[],"etheme_brands":[],"product_brand":[],"product_cat":[117,97],"product_tag":[133],"class_list":{"0":"post-4986","1":"product","2":"type-product","3":"status-publish","4":"has-post-thumbnail","6":"product_cat-categoriabrincosbrinco-feminino","7":"product_cat-categoriabrincos","8":"product_tag-uze-pratas","10":"first","11":"instock","12":"shipping-taxable","13":"purchasable","14":"product-type-simple"},"_links":{"self":[{"href":"https:\/\/agenciausphot.com\/uze\/wp-json\/wp\/v2\/product\/4986","targetHints":{"allow":["GET"]}}],"collection":[{"href":"https:\/\/agenciausphot.com\/uze\/wp-json\/wp\/v2\/product"}],"about":[{"href":"https:\/\/agenciausphot.com\/uze\/wp-json\/wp\/v2\/types\/product"}],"replies":[{"embeddable":true,"href":"https:\/\/agenciausphot.com\/uze\/wp-json\/wp\/v2\/comments?post=4986"}],"version-history":[{"count":1,"href":"https:\/\/agenciausphot.com\/uze\/wp-json\/wp\/v2\/product\/4986\/revisions"}],"predecessor-version":[{"id":5983,"href":"https:\/\/agenciausphot.com\/uze\/wp-json\/wp\/v2\/product\/4986\/revisions\/5983"}],"wp:featuredmedia":[{"embeddable":true,"href":"https:\/\/agenciausphot.com\/uze\/wp-json\/wp\/v2\/media\/4985"}],"wp:attachment":[{"href":"https:\/\/agenciausphot.com\/uze\/wp-json\/wp\/v2\/media?parent=4986"}],"wp:term":[{"taxonomy":"brand","embeddable":true,"href":"https:\/\/agenciausphot.com\/uze\/wp-json\/wp\/v2\/etheme_brands?post=4986"},{"taxonomy":"product_brand","embeddable":true,"href":"https:\/\/agenciausphot.com\/uze\/wp-json\/wp\/v2\/product_brand?post=4986"},{"taxonomy":"product_cat","embeddable":true,"href":"https:\/\/agenciausphot.com\/uze\/wp-json\/wp\/v2\/product_cat?post=4986"},{"taxonomy":"product_tag","embeddable":true,"href":"https:\/\/agenciausphot.com\/uze\/wp-json\/wp\/v2\/product_tag?post=4986"}],"curies":[{"name":"wp","href":"https:\/\/api.w.org\/{rel}","templated":true}]}}