{"id":4984,"date":"2025-10-29T13:05:47","date_gmt":"2025-10-29T13:05:47","guid":{"rendered":"https:\/\/agenciausphot.com\/uze\/produto\/brinco-cravejado-com-corrente\/"},"modified":"2025-12-05T04:41:35","modified_gmt":"2025-12-05T04:41:35","slug":"brinco-cravejado-com-corrente","status":"publish","type":"product","link":"https:\/\/agenciausphot.com\/uze\/produto\/brinco-cravejado-com-corrente\/","title":{"rendered":"Brinco cravejado com corrente"},"content":{"rendered":"<p data-start=\"138\" data-end=\"522\">Brinco em <strong data-start=\"148\" data-end=\"170\">Prata 925 leg\u00edtima<\/strong>, com base <strong data-start=\"181\" data-end=\"215\">cravejada de zirc\u00f4nias cristal<\/strong> que garantem brilho intenso e delicado. O design \u00e9 complementado por uma <strong data-start=\"289\" data-end=\"317\">corrente fina e elegante<\/strong>, que proporciona movimento e um toque moderno \u00e0 pe\u00e7a. Uma joia sofisticada, perfeita para compor looks estilosos no dia a dia ou em ocasi\u00f5es especiais, unindo delicadeza e ousadia em um \u00fanico acess\u00f3rio.<\/p>\n<p data-start=\"524\" data-end=\"647\">\n","protected":false},"excerpt":{"rendered":"<p>Brinco em Prata 925 leg\u00edtima, com base cravejada de zirc\u00f4nias cristal que garantem brilho intenso e delicado. O design \u00e9 complementado por uma corrente fina&#8230;<\/p>\n","protected":false},"featured_media":4983,"comment_status":"open","ping_status":"closed","template":"","meta":[],"etheme_brands":[],"product_brand":[],"product_cat":[117,97],"product_tag":[133],"class_list":{"0":"post-4984","1":"product","2":"type-product","3":"status-publish","4":"has-post-thumbnail","6":"product_cat-categoriabrincosbrinco-feminino","7":"product_cat-categoriabrincos","8":"product_tag-uze-pratas","10":"first","11":"outofstock","12":"shipping-taxable","13":"purchasable","14":"product-type-simple"},"_links":{"self":[{"href":"https:\/\/agenciausphot.com\/uze\/wp-json\/wp\/v2\/product\/4984","targetHints":{"allow":["GET"]}}],"collection":[{"href":"https:\/\/agenciausphot.com\/uze\/wp-json\/wp\/v2\/product"}],"about":[{"href":"https:\/\/agenciausphot.com\/uze\/wp-json\/wp\/v2\/types\/product"}],"replies":[{"embeddable":true,"href":"https:\/\/agenciausphot.com\/uze\/wp-json\/wp\/v2\/comments?post=4984"}],"version-history":[{"count":1,"href":"https:\/\/agenciausphot.com\/uze\/wp-json\/wp\/v2\/product\/4984\/revisions"}],"predecessor-version":[{"id":5982,"href":"https:\/\/agenciausphot.com\/uze\/wp-json\/wp\/v2\/product\/4984\/revisions\/5982"}],"wp:featuredmedia":[{"embeddable":true,"href":"https:\/\/agenciausphot.com\/uze\/wp-json\/wp\/v2\/media\/4983"}],"wp:attachment":[{"href":"https:\/\/agenciausphot.com\/uze\/wp-json\/wp\/v2\/media?parent=4984"}],"wp:term":[{"taxonomy":"brand","embeddable":true,"href":"https:\/\/agenciausphot.com\/uze\/wp-json\/wp\/v2\/etheme_brands?post=4984"},{"taxonomy":"product_brand","embeddable":true,"href":"https:\/\/agenciausphot.com\/uze\/wp-json\/wp\/v2\/product_brand?post=4984"},{"taxonomy":"product_cat","embeddable":true,"href":"https:\/\/agenciausphot.com\/uze\/wp-json\/wp\/v2\/product_cat?post=4984"},{"taxonomy":"product_tag","embeddable":true,"href":"https:\/\/agenciausphot.com\/uze\/wp-json\/wp\/v2\/product_tag?post=4984"}],"curies":[{"name":"wp","href":"https:\/\/api.w.org\/{rel}","templated":true}]}}