{"id":4968,"date":"2025-10-29T13:05:36","date_gmt":"2025-10-29T13:05:36","guid":{"rendered":"https:\/\/agenciausphot.com\/uze\/produto\/trio-de-brincos-ponto-de-luz-estrela\/"},"modified":"2025-12-04T18:41:11","modified_gmt":"2025-12-04T18:41:11","slug":"trio-de-brincos-ponto-de-luz-estrela","status":"publish","type":"product","link":"https:\/\/agenciausphot.com\/uze\/produto\/trio-de-brincos-ponto-de-luz-estrela\/","title":{"rendered":"Trio de brincos ponto de luz estrela"},"content":{"rendered":"<p data-start=\"144\" data-end=\"545\">Trio de brincos em <strong data-start=\"163\" data-end=\"185\">Prata 925 leg\u00edtima<\/strong>, no estilo <strong data-start=\"197\" data-end=\"213\">ponto de luz<\/strong> com delicado detalhe em formato de <strong data-start=\"249\" data-end=\"260\">estrela<\/strong>, cravejado com zirc\u00f4nias cristal que refletem brilho intenso. O conjunto \u00e9 composto por tr\u00eas tamanhos diferentes, permitindo versatilidade no uso \u2014 seja para composi\u00e7\u00f5es em orelhas com m\u00faltiplos furos ou para variar o look no dia a dia. Uma joia delicada, moderna e cheia de charme.<\/p>\n<p data-start=\"547\" data-end=\"670\">As pratas 925 possuem <strong data-start=\"569\" data-end=\"591\">garantia vital\u00edcia<\/strong>, reconhecidas por sua resist\u00eancia, durabilidade e excelente custo-benef\u00edcio.<\/p>\n","protected":false},"excerpt":{"rendered":"<p>Trio de brincos em Prata 925 leg\u00edtima, no estilo ponto de luz com delicado detalhe em formato de estrela, cravejado com zirc\u00f4nias cristal que refletem&#8230;<\/p>\n","protected":false},"featured_media":4967,"comment_status":"open","ping_status":"closed","template":"","meta":[],"etheme_brands":[],"product_brand":[],"product_cat":[117,97],"product_tag":[133],"class_list":{"0":"post-4968","1":"product","2":"type-product","3":"status-publish","4":"has-post-thumbnail","6":"product_cat-categoriabrincosbrinco-feminino","7":"product_cat-categoriabrincos","8":"product_tag-uze-pratas","10":"first","11":"instock","12":"shipping-taxable","13":"purchasable","14":"product-type-simple"},"_links":{"self":[{"href":"https:\/\/agenciausphot.com\/uze\/wp-json\/wp\/v2\/product\/4968","targetHints":{"allow":["GET"]}}],"collection":[{"href":"https:\/\/agenciausphot.com\/uze\/wp-json\/wp\/v2\/product"}],"about":[{"href":"https:\/\/agenciausphot.com\/uze\/wp-json\/wp\/v2\/types\/product"}],"replies":[{"embeddable":true,"href":"https:\/\/agenciausphot.com\/uze\/wp-json\/wp\/v2\/comments?post=4968"}],"version-history":[{"count":1,"href":"https:\/\/agenciausphot.com\/uze\/wp-json\/wp\/v2\/product\/4968\/revisions"}],"predecessor-version":[{"id":5974,"href":"https:\/\/agenciausphot.com\/uze\/wp-json\/wp\/v2\/product\/4968\/revisions\/5974"}],"wp:featuredmedia":[{"embeddable":true,"href":"https:\/\/agenciausphot.com\/uze\/wp-json\/wp\/v2\/media\/4967"}],"wp:attachment":[{"href":"https:\/\/agenciausphot.com\/uze\/wp-json\/wp\/v2\/media?parent=4968"}],"wp:term":[{"taxonomy":"brand","embeddable":true,"href":"https:\/\/agenciausphot.com\/uze\/wp-json\/wp\/v2\/etheme_brands?post=4968"},{"taxonomy":"product_brand","embeddable":true,"href":"https:\/\/agenciausphot.com\/uze\/wp-json\/wp\/v2\/product_brand?post=4968"},{"taxonomy":"product_cat","embeddable":true,"href":"https:\/\/agenciausphot.com\/uze\/wp-json\/wp\/v2\/product_cat?post=4968"},{"taxonomy":"product_tag","embeddable":true,"href":"https:\/\/agenciausphot.com\/uze\/wp-json\/wp\/v2\/product_tag?post=4968"}],"curies":[{"name":"wp","href":"https:\/\/api.w.org\/{rel}","templated":true}]}}