{"id":4946,"date":"2025-10-29T13:05:19","date_gmt":"2025-10-29T13:05:19","guid":{"rendered":"https:\/\/agenciausphot.com\/uze\/produto\/anel-largo-com-coracao-cravejado\/"},"modified":"2025-12-15T13:22:38","modified_gmt":"2025-12-15T13:22:38","slug":"anel-largo-com-coracao-cravejado","status":"publish","type":"product","link":"https:\/\/agenciausphot.com\/uze\/produto\/anel-largo-com-coracao-cravejado\/","title":{"rendered":"Anel largo com cora\u00e7\u00e3o cravejado"},"content":{"rendered":"<h3 data-start=\"114\" data-end=\"140\">Detalhes do Produto:<\/h3>\n<p data-start=\"141\" data-end=\"522\">Anel em <strong data-start=\"149\" data-end=\"171\">Prata 925 leg\u00edtima<\/strong>, com aro <strong data-start=\"181\" data-end=\"199\">largo e polido<\/strong>, trazendo no centro um delicado <strong data-start=\"232\" data-end=\"275\">cora\u00e7\u00e3o cravejado com zirc\u00f4nias cristal<\/strong> que refletem brilho intenso e sofisticado. O contraste entre o aro robusto e o detalhe rom\u00e2ntico do cora\u00e7\u00e3o transforma a pe\u00e7a em uma joia moderna, elegante e cheia de significado, perfeita para quem busca estilo e delicadeza em um s\u00f3 acess\u00f3rio.<\/p>\n<p data-start=\"524\" data-end=\"647\">As pratas 925 possuem <strong data-start=\"546\" data-end=\"568\">garantia vital\u00edcia<\/strong>, reconhecidas por sua resist\u00eancia, durabilidade e excelente custo-benef\u00edcio.<\/p>\n<hr data-start=\"649\" data-end=\"652\">\n<h3 data-start=\"654\" data-end=\"686\">Especifica\u00e7\u00f5es do produto:<\/h3>\n<ul data-start=\"687\" data-end=\"970\">\n<li data-start=\"687\" data-end=\"735\">\n<p data-start=\"689\" data-end=\"735\"><strong data-start=\"689\" data-end=\"700\">Modelo:<\/strong> Anel Largo com Cora\u00e7\u00e3o Cravejado<\/p>\n<\/li>\n<li data-start=\"736\" data-end=\"767\">\n<p data-start=\"738\" data-end=\"767\"><strong data-start=\"738\" data-end=\"746\">Aro:<\/strong> Largo, liso polido<\/p>\n<\/li>\n<li data-start=\"768\" data-end=\"833\">\n<p data-start=\"770\" data-end=\"833\"><strong data-start=\"770\" data-end=\"791\">Pingente\/Detalhe:<\/strong> Cora\u00e7\u00e3o cravejado com zirc\u00f4nias cristal<\/p>\n<\/li>\n<li data-start=\"834\" data-end=\"870\">\n<p data-start=\"836\" data-end=\"870\"><strong data-start=\"836\" data-end=\"849\">Material:<\/strong> Prata 925 leg\u00edtima<\/p>\n<\/li>\n<li data-start=\"871\" data-end=\"919\">\n<p data-start=\"873\" data-end=\"919\"><strong data-start=\"873\" data-end=\"888\">Acabamento:<\/strong> Polido brilhante + cravejado<\/p>\n<\/li>\n<li data-start=\"920\" data-end=\"944\">\n<p data-start=\"922\" data-end=\"944\"><strong data-start=\"922\" data-end=\"933\">G\u00eanero:<\/strong> Feminino<\/p>\n<\/li>\n<li data-start=\"945\" data-end=\"970\">\n<p data-start=\"947\" data-end=\"970\"><strong data-start=\"947\" data-end=\"956\">Peso:<\/strong> Aprox. 3,5g<\/p>\n<\/li>\n<\/ul>\n<hr data-start=\"972\" data-end=\"975\">\n<h3 data-start=\"977\" data-end=\"992\">Garantia:<\/h3>\n<p data-start=\"993\" data-end=\"1243\">Todos os an\u00e9is em <strong data-start=\"1011\" data-end=\"1024\">Prata 925<\/strong> acompanham <strong data-start=\"1036\" data-end=\"1080\">Certificado de Garantia de Autenticidade<\/strong>, assegurando a <strong data-start=\"1096\" data-end=\"1114\">dura\u00e7\u00e3o eterna<\/strong> do material. Diferente das bijuterias, pe\u00e7as em Prata 925 preservam brilho e valor por toda a vida, assim como o <strong data-start=\"1228\" data-end=\"1240\">Ouro 18k<\/strong>.<\/p>\n","protected":false},"excerpt":{"rendered":"<p>Detalhes do Produto: Anel em Prata 925 leg\u00edtima, com aro largo e polido, trazendo no centro um delicado cora\u00e7\u00e3o cravejado com zirc\u00f4nias cristal que refletem&#8230;<\/p>\n","protected":false},"featured_media":4945,"comment_status":"open","ping_status":"closed","template":"","meta":[],"etheme_brands":[],"product_brand":[],"product_cat":[103,92],"product_tag":[133],"class_list":{"0":"post-4946","1":"product","2":"type-product","3":"status-publish","4":"has-post-thumbnail","6":"product_cat-categoriaanisanel-feminino","7":"product_cat-categoriaanis","8":"product_tag-uze-pratas","10":"first","11":"outofstock","12":"shipping-taxable","13":"purchasable","14":"product-type-variable"},"_links":{"self":[{"href":"https:\/\/agenciausphot.com\/uze\/wp-json\/wp\/v2\/product\/4946","targetHints":{"allow":["GET"]}}],"collection":[{"href":"https:\/\/agenciausphot.com\/uze\/wp-json\/wp\/v2\/product"}],"about":[{"href":"https:\/\/agenciausphot.com\/uze\/wp-json\/wp\/v2\/types\/product"}],"replies":[{"embeddable":true,"href":"https:\/\/agenciausphot.com\/uze\/wp-json\/wp\/v2\/comments?post=4946"}],"version-history":[{"count":1,"href":"https:\/\/agenciausphot.com\/uze\/wp-json\/wp\/v2\/product\/4946\/revisions"}],"predecessor-version":[{"id":5964,"href":"https:\/\/agenciausphot.com\/uze\/wp-json\/wp\/v2\/product\/4946\/revisions\/5964"}],"wp:featuredmedia":[{"embeddable":true,"href":"https:\/\/agenciausphot.com\/uze\/wp-json\/wp\/v2\/media\/4945"}],"wp:attachment":[{"href":"https:\/\/agenciausphot.com\/uze\/wp-json\/wp\/v2\/media?parent=4946"}],"wp:term":[{"taxonomy":"brand","embeddable":true,"href":"https:\/\/agenciausphot.com\/uze\/wp-json\/wp\/v2\/etheme_brands?post=4946"},{"taxonomy":"product_brand","embeddable":true,"href":"https:\/\/agenciausphot.com\/uze\/wp-json\/wp\/v2\/product_brand?post=4946"},{"taxonomy":"product_cat","embeddable":true,"href":"https:\/\/agenciausphot.com\/uze\/wp-json\/wp\/v2\/product_cat?post=4946"},{"taxonomy":"product_tag","embeddable":true,"href":"https:\/\/agenciausphot.com\/uze\/wp-json\/wp\/v2\/product_tag?post=4946"}],"curies":[{"name":"wp","href":"https:\/\/api.w.org\/{rel}","templated":true}]}}