{"id":4929,"date":"2025-10-29T13:05:06","date_gmt":"2025-10-29T13:05:06","guid":{"rendered":"https:\/\/agenciausphot.com\/uze\/produto\/pulseira-gota-cravejada-cristal\/"},"modified":"2025-12-05T04:41:38","modified_gmt":"2025-12-05T04:41:38","slug":"pulseira-gota-cravejada-cristal","status":"publish","type":"product","link":"https:\/\/agenciausphot.com\/uze\/produto\/pulseira-gota-cravejada-cristal\/","title":{"rendered":"Pulseira gota cravejada cristal"},"content":{"rendered":"<h3 data-start=\"113\" data-end=\"139\">Detalhes do Produto:<\/h3>\n<p data-start=\"140\" data-end=\"517\">Pulseira em <strong data-start=\"152\" data-end=\"174\">Prata 925 leg\u00edtima<\/strong>, com corrente delicada e pingente em formato de <strong data-start=\"223\" data-end=\"231\">gota<\/strong>, trazendo uma <strong data-start=\"246\" data-end=\"274\">zirc\u00f4nia cristal central<\/strong> em corte sofisticado, rodeada por micro zirc\u00f4nias cravejadas que intensificam o brilho da pe\u00e7a. O design cl\u00e1ssico e elegante faz desta joia uma escolha atemporal, perfeita para ocasi\u00f5es especiais ou para dar um toque refinado ao uso di\u00e1rio.<\/p>\n<p data-start=\"519\" data-end=\"639\">As pratas 925 possuem <strong data-start=\"541\" data-end=\"563\">garantia vital\u00edcia<\/strong>, reconhecidas por sua resist\u00eancia, qualidade e excelente custo-benef\u00edcio.<\/p>\n<hr data-start=\"641\" data-end=\"644\">\n<h3 data-start=\"646\" data-end=\"678\">Especifica\u00e7\u00f5es do produto:<\/h3>\n<ul data-start=\"679\" data-end=\"1020\">\n<li data-start=\"679\" data-end=\"726\">\n<p data-start=\"681\" data-end=\"726\"><strong data-start=\"681\" data-end=\"692\">Modelo:<\/strong> Pulseira Gota Cravejada Cristal<\/p>\n<\/li>\n<li data-start=\"727\" data-end=\"764\">\n<p data-start=\"729\" data-end=\"764\"><strong data-start=\"729\" data-end=\"745\">Comprimento:<\/strong> 18cm (ajust\u00e1vel)<\/p>\n<\/li>\n<li data-start=\"765\" data-end=\"826\">\n<p data-start=\"767\" data-end=\"826\"><strong data-start=\"767\" data-end=\"780\">Pingente:<\/strong> Gota cravejada com zirc\u00f4nia cristal central<\/p>\n<\/li>\n<li data-start=\"827\" data-end=\"895\">\n<p data-start=\"829\" data-end=\"895\"><strong data-start=\"829\" data-end=\"844\">Dim. Pedra:<\/strong> 6x8mm (central) + 1mm (micro zirc\u00f4nias ao redor)<\/p>\n<\/li>\n<li data-start=\"896\" data-end=\"932\">\n<p data-start=\"898\" data-end=\"932\"><strong data-start=\"898\" data-end=\"911\">Material:<\/strong> Prata 925 leg\u00edtima<\/p>\n<\/li>\n<li data-start=\"933\" data-end=\"969\">\n<p data-start=\"935\" data-end=\"969\"><strong data-start=\"935\" data-end=\"950\">Acabamento:<\/strong> Polido brilhante<\/p>\n<\/li>\n<li data-start=\"970\" data-end=\"994\">\n<p data-start=\"972\" data-end=\"994\"><strong data-start=\"972\" data-end=\"983\">G\u00eanero:<\/strong> Feminino<\/p>\n<\/li>\n<li data-start=\"995\" data-end=\"1020\">\n<p data-start=\"997\" data-end=\"1020\"><strong data-start=\"997\" data-end=\"1006\">Peso:<\/strong> Aprox. 2,8g<\/p>\n<\/li>\n<\/ul>\n<hr data-start=\"1022\" data-end=\"1025\">\n<h3 data-start=\"1027\" data-end=\"1042\">Garantia:<\/h3>\n<p data-start=\"1043\" data-end=\"1297\">Todas as pulseiras em <strong data-start=\"1065\" data-end=\"1078\">Prata 925<\/strong> acompanham <strong data-start=\"1090\" data-end=\"1134\">Certificado de Garantia de Autenticidade<\/strong>, assegurando a <strong data-start=\"1150\" data-end=\"1168\">dura\u00e7\u00e3o eterna<\/strong> do material. Diferente das bijuterias, pe\u00e7as em Prata 925 preservam brilho e valor por toda a vida, assim como o <strong data-start=\"1282\" data-end=\"1294\">Ouro 18k<\/strong>.<\/p>\n","protected":false},"excerpt":{"rendered":"<p>Detalhes do Produto: Pulseira em Prata 925 leg\u00edtima, com corrente delicada e pingente em formato de gota, trazendo uma zirc\u00f4nia cristal central em corte sofisticado,&#8230;<\/p>\n","protected":false},"featured_media":4928,"comment_status":"open","ping_status":"closed","template":"","meta":[],"etheme_brands":[],"product_brand":[],"product_cat":[98,90],"product_tag":[133],"class_list":{"0":"post-4929","1":"product","2":"type-product","3":"status-publish","4":"has-post-thumbnail","6":"product_cat-categoriapulseiraspulseira-feminina","7":"product_cat-categoriapulseiras","8":"product_tag-uze-pratas","10":"first","11":"outofstock","12":"shipping-taxable","13":"product-type-variable"},"_links":{"self":[{"href":"https:\/\/agenciausphot.com\/uze\/wp-json\/wp\/v2\/product\/4929","targetHints":{"allow":["GET"]}}],"collection":[{"href":"https:\/\/agenciausphot.com\/uze\/wp-json\/wp\/v2\/product"}],"about":[{"href":"https:\/\/agenciausphot.com\/uze\/wp-json\/wp\/v2\/types\/product"}],"replies":[{"embeddable":true,"href":"https:\/\/agenciausphot.com\/uze\/wp-json\/wp\/v2\/comments?post=4929"}],"version-history":[{"count":1,"href":"https:\/\/agenciausphot.com\/uze\/wp-json\/wp\/v2\/product\/4929\/revisions"}],"predecessor-version":[{"id":5957,"href":"https:\/\/agenciausphot.com\/uze\/wp-json\/wp\/v2\/product\/4929\/revisions\/5957"}],"wp:featuredmedia":[{"embeddable":true,"href":"https:\/\/agenciausphot.com\/uze\/wp-json\/wp\/v2\/media\/4928"}],"wp:attachment":[{"href":"https:\/\/agenciausphot.com\/uze\/wp-json\/wp\/v2\/media?parent=4929"}],"wp:term":[{"taxonomy":"brand","embeddable":true,"href":"https:\/\/agenciausphot.com\/uze\/wp-json\/wp\/v2\/etheme_brands?post=4929"},{"taxonomy":"product_brand","embeddable":true,"href":"https:\/\/agenciausphot.com\/uze\/wp-json\/wp\/v2\/product_brand?post=4929"},{"taxonomy":"product_cat","embeddable":true,"href":"https:\/\/agenciausphot.com\/uze\/wp-json\/wp\/v2\/product_cat?post=4929"},{"taxonomy":"product_tag","embeddable":true,"href":"https:\/\/agenciausphot.com\/uze\/wp-json\/wp\/v2\/product_tag?post=4929"}],"curies":[{"name":"wp","href":"https:\/\/api.w.org\/{rel}","templated":true}]}}