{"id":4920,"date":"2025-10-29T13:05:00","date_gmt":"2025-10-29T13:05:00","guid":{"rendered":"https:\/\/agenciausphot.com\/uze\/produto\/pulseira-perolas-ajustavel\/"},"modified":"2025-11-04T20:41:10","modified_gmt":"2025-11-04T20:41:10","slug":"pulseira-perolas-ajustavel","status":"publish","type":"product","link":"https:\/\/agenciausphot.com\/uze\/produto\/pulseira-perolas-ajustavel\/","title":{"rendered":"Pulseira p\u00e9rolas ajust\u00e1vel"},"content":{"rendered":"<h3 data-start=\"108\" data-end=\"134\">Detalhes do Produto:<\/h3>\n<p data-start=\"135\" data-end=\"469\">Pulseira em <strong data-start=\"147\" data-end=\"169\">Prata 925 leg\u00edtima<\/strong>, com delicadas <strong data-start=\"185\" data-end=\"207\">p\u00e9rolas sint\u00e9ticas<\/strong> distribu\u00eddas ao longo da corrente e sistema <strong data-start=\"252\" data-end=\"265\">ajust\u00e1vel<\/strong>, que garante conforto e praticidade no uso. O design cl\u00e1ssico e elegante traz sofistica\u00e7\u00e3o atemporal, sendo perfeito para ocasi\u00f5es especiais ou para compor produ\u00e7\u00f5es delicadas e femininas no dia a dia.<\/p>\n<p data-start=\"471\" data-end=\"594\">As pratas 925 possuem <strong data-start=\"493\" data-end=\"515\">garantia vital\u00edcia<\/strong>, reconhecidas por sua resist\u00eancia, durabilidade e excelente custo-benef\u00edcio.<\/p>\n<hr data-start=\"596\" data-end=\"599\">\n<h3 data-start=\"601\" data-end=\"633\">Especifica\u00e7\u00f5es do produto:<\/h3>\n<ul data-start=\"634\" data-end=\"924\">\n<li data-start=\"634\" data-end=\"676\">\n<p data-start=\"636\" data-end=\"676\"><strong data-start=\"636\" data-end=\"647\">Modelo:<\/strong> Pulseira P\u00e9rolas Ajust\u00e1vel<\/p>\n<\/li>\n<li data-start=\"677\" data-end=\"718\">\n<p data-start=\"679\" data-end=\"718\"><strong data-start=\"679\" data-end=\"695\">Comprimento:<\/strong> Ajust\u00e1vel (at\u00e9 22cm)<\/p>\n<\/li>\n<li data-start=\"719\" data-end=\"763\">\n<p data-start=\"721\" data-end=\"763\"><strong data-start=\"721\" data-end=\"734\">Detalhes:<\/strong> P\u00e9rolas sint\u00e9ticas brancas<\/p>\n<\/li>\n<li data-start=\"764\" data-end=\"799\">\n<p data-start=\"766\" data-end=\"799\"><strong data-start=\"766\" data-end=\"776\">Fecho:<\/strong> Ajust\u00e1vel deslizante<\/p>\n<\/li>\n<li data-start=\"800\" data-end=\"836\">\n<p data-start=\"802\" data-end=\"836\"><strong data-start=\"802\" data-end=\"815\">Material:<\/strong> Prata 925 leg\u00edtima<\/p>\n<\/li>\n<li data-start=\"837\" data-end=\"873\">\n<p data-start=\"839\" data-end=\"873\"><strong data-start=\"839\" data-end=\"854\">Acabamento:<\/strong> Polido brilhante<\/p>\n<\/li>\n<li data-start=\"874\" data-end=\"898\">\n<p data-start=\"876\" data-end=\"898\"><strong data-start=\"876\" data-end=\"887\">G\u00eanero:<\/strong> Feminino<\/p>\n<\/li>\n<li data-start=\"899\" data-end=\"924\">\n<p data-start=\"901\" data-end=\"924\"><strong data-start=\"901\" data-end=\"910\">Peso:<\/strong> Aprox. 3,0g<\/p>\n<\/li>\n<\/ul>\n<hr data-start=\"926\" data-end=\"929\">\n<h3 data-start=\"931\" data-end=\"946\">Garantia:<\/h3>\n<p data-start=\"947\" data-end=\"1201\">Todas as pulseiras em <strong data-start=\"969\" data-end=\"982\">Prata 925<\/strong> acompanham <strong data-start=\"994\" data-end=\"1038\">Certificado de Garantia de Autenticidade<\/strong>, assegurando a <strong data-start=\"1054\" data-end=\"1072\">dura\u00e7\u00e3o eterna<\/strong> do material. Diferente das bijuterias, pe\u00e7as em Prata 925 preservam brilho e valor por toda a vida, assim como o <strong data-start=\"1186\" data-end=\"1198\">Ouro 18k<\/strong>.<\/p>\n","protected":false},"excerpt":{"rendered":"<p>Detalhes do Produto: Pulseira em Prata 925 leg\u00edtima, com delicadas p\u00e9rolas sint\u00e9ticas distribu\u00eddas ao longo da corrente e sistema ajust\u00e1vel, que garante conforto e praticidade&#8230;<\/p>\n","protected":false},"featured_media":4917,"comment_status":"open","ping_status":"closed","template":"","meta":[],"etheme_brands":[],"product_brand":[],"product_cat":[98,90],"product_tag":[133],"class_list":{"0":"post-4920","1":"product","2":"type-product","3":"status-publish","4":"has-post-thumbnail","6":"product_cat-categoriapulseiraspulseira-feminina","7":"product_cat-categoriapulseiras","8":"product_tag-uze-pratas","10":"first","11":"outofstock","12":"shipping-taxable","13":"product-type-variable"},"_links":{"self":[{"href":"https:\/\/agenciausphot.com\/uze\/wp-json\/wp\/v2\/product\/4920","targetHints":{"allow":["GET"]}}],"collection":[{"href":"https:\/\/agenciausphot.com\/uze\/wp-json\/wp\/v2\/product"}],"about":[{"href":"https:\/\/agenciausphot.com\/uze\/wp-json\/wp\/v2\/types\/product"}],"replies":[{"embeddable":true,"href":"https:\/\/agenciausphot.com\/uze\/wp-json\/wp\/v2\/comments?post=4920"}],"version-history":[{"count":1,"href":"https:\/\/agenciausphot.com\/uze\/wp-json\/wp\/v2\/product\/4920\/revisions"}],"predecessor-version":[{"id":5953,"href":"https:\/\/agenciausphot.com\/uze\/wp-json\/wp\/v2\/product\/4920\/revisions\/5953"}],"wp:featuredmedia":[{"embeddable":true,"href":"https:\/\/agenciausphot.com\/uze\/wp-json\/wp\/v2\/media\/4917"}],"wp:attachment":[{"href":"https:\/\/agenciausphot.com\/uze\/wp-json\/wp\/v2\/media?parent=4920"}],"wp:term":[{"taxonomy":"brand","embeddable":true,"href":"https:\/\/agenciausphot.com\/uze\/wp-json\/wp\/v2\/etheme_brands?post=4920"},{"taxonomy":"product_brand","embeddable":true,"href":"https:\/\/agenciausphot.com\/uze\/wp-json\/wp\/v2\/product_brand?post=4920"},{"taxonomy":"product_cat","embeddable":true,"href":"https:\/\/agenciausphot.com\/uze\/wp-json\/wp\/v2\/product_cat?post=4920"},{"taxonomy":"product_tag","embeddable":true,"href":"https:\/\/agenciausphot.com\/uze\/wp-json\/wp\/v2\/product_tag?post=4920"}],"curies":[{"name":"wp","href":"https:\/\/api.w.org\/{rel}","templated":true}]}}