{"id":4912,"date":"2025-10-29T13:04:54","date_gmt":"2025-10-29T13:04:54","guid":{"rendered":"https:\/\/agenciausphot.com\/uze\/produto\/pulseira-arvore-da-vida\/"},"modified":"2025-12-05T04:41:38","modified_gmt":"2025-12-05T04:41:38","slug":"pulseira-arvore-da-vida","status":"publish","type":"product","link":"https:\/\/agenciausphot.com\/uze\/produto\/pulseira-arvore-da-vida\/","title":{"rendered":"Pulseira \u00e1rvore da vida"},"content":{"rendered":"<h3 data-start=\"105\" data-end=\"131\">Detalhes do Produto:<\/h3>\n<p data-start=\"132\" data-end=\"491\">Pulseira em <strong data-start=\"144\" data-end=\"166\">Prata 925 leg\u00edtima<\/strong>, com corrente delicada e pingente da <strong data-start=\"204\" data-end=\"222\">\u00c1rvore da Vida<\/strong>, s\u00edmbolo universal de for\u00e7a, sabedoria, prote\u00e7\u00e3o e conex\u00e3o com a natureza. O design atemporal e cheio de significado transforma a joia em um acess\u00f3rio especial, perfeito para uso di\u00e1rio ou para presentear algu\u00e9m querido com uma mensagem de prosperidade e equil\u00edbrio.<\/p>\n<p data-start=\"493\" data-end=\"616\">As pratas 925 possuem <strong data-start=\"515\" data-end=\"537\">garantia vital\u00edcia<\/strong>, reconhecidas por sua resist\u00eancia, durabilidade e excelente custo-benef\u00edcio.<\/p>\n<hr data-start=\"618\" data-end=\"621\">\n<h3 data-start=\"623\" data-end=\"655\">Especifica\u00e7\u00f5es do produto:<\/h3>\n<ul data-start=\"656\" data-end=\"907\">\n<li data-start=\"656\" data-end=\"695\">\n<p data-start=\"658\" data-end=\"695\"><strong data-start=\"658\" data-end=\"669\">Modelo:<\/strong> Pulseira \u00c1rvore da Vida<\/p>\n<\/li>\n<li data-start=\"696\" data-end=\"733\">\n<p data-start=\"698\" data-end=\"733\"><strong data-start=\"698\" data-end=\"714\">Comprimento:<\/strong> 18cm (ajust\u00e1vel)<\/p>\n<\/li>\n<li data-start=\"734\" data-end=\"782\">\n<p data-start=\"736\" data-end=\"782\"><strong data-start=\"736\" data-end=\"749\">Pingente:<\/strong> \u00c1rvore da Vida em prata polida<\/p>\n<\/li>\n<li data-start=\"783\" data-end=\"819\">\n<p data-start=\"785\" data-end=\"819\"><strong data-start=\"785\" data-end=\"798\">Material:<\/strong> Prata 925 leg\u00edtima<\/p>\n<\/li>\n<li data-start=\"820\" data-end=\"856\">\n<p data-start=\"822\" data-end=\"856\"><strong data-start=\"822\" data-end=\"837\">Acabamento:<\/strong> Polido brilhante<\/p>\n<\/li>\n<li data-start=\"857\" data-end=\"881\">\n<p data-start=\"859\" data-end=\"881\"><strong data-start=\"859\" data-end=\"870\">G\u00eanero:<\/strong> Feminino<\/p>\n<\/li>\n<li data-start=\"882\" data-end=\"907\">\n<p data-start=\"884\" data-end=\"907\"><strong data-start=\"884\" data-end=\"893\">Peso:<\/strong> Aprox. 2,8g<\/p>\n<\/li>\n<\/ul>\n<hr data-start=\"909\" data-end=\"912\">\n<h3 data-start=\"914\" data-end=\"929\">Garantia:<\/h3>\n<p data-start=\"930\" data-end=\"1184\">Todas as pulseiras em <strong data-start=\"952\" data-end=\"965\">Prata 925<\/strong> acompanham <strong data-start=\"977\" data-end=\"1021\">Certificado de Garantia de Autenticidade<\/strong>, assegurando a <strong data-start=\"1037\" data-end=\"1055\">dura\u00e7\u00e3o eterna<\/strong> do material. Diferente das bijuterias, pe\u00e7as em Prata 925 preservam brilho e valor por toda a vida, assim como o <strong data-start=\"1169\" data-end=\"1181\">Ouro 18k<\/strong>.<\/p>\n","protected":false},"excerpt":{"rendered":"<p>Detalhes do Produto: Pulseira em Prata 925 leg\u00edtima, com corrente delicada e pingente da \u00c1rvore da Vida, s\u00edmbolo universal de for\u00e7a, sabedoria, prote\u00e7\u00e3o e conex\u00e3o&#8230;<\/p>\n","protected":false},"featured_media":4911,"comment_status":"open","ping_status":"closed","template":"","meta":[],"etheme_brands":[],"product_brand":[],"product_cat":[98,90],"product_tag":[133],"class_list":{"0":"post-4912","1":"product","2":"type-product","3":"status-publish","4":"has-post-thumbnail","6":"product_cat-categoriapulseiraspulseira-feminina","7":"product_cat-categoriapulseiras","8":"product_tag-uze-pratas","10":"first","11":"outofstock","12":"shipping-taxable","13":"product-type-variable"},"_links":{"self":[{"href":"https:\/\/agenciausphot.com\/uze\/wp-json\/wp\/v2\/product\/4912","targetHints":{"allow":["GET"]}}],"collection":[{"href":"https:\/\/agenciausphot.com\/uze\/wp-json\/wp\/v2\/product"}],"about":[{"href":"https:\/\/agenciausphot.com\/uze\/wp-json\/wp\/v2\/types\/product"}],"replies":[{"embeddable":true,"href":"https:\/\/agenciausphot.com\/uze\/wp-json\/wp\/v2\/comments?post=4912"}],"version-history":[{"count":1,"href":"https:\/\/agenciausphot.com\/uze\/wp-json\/wp\/v2\/product\/4912\/revisions"}],"predecessor-version":[{"id":5950,"href":"https:\/\/agenciausphot.com\/uze\/wp-json\/wp\/v2\/product\/4912\/revisions\/5950"}],"wp:featuredmedia":[{"embeddable":true,"href":"https:\/\/agenciausphot.com\/uze\/wp-json\/wp\/v2\/media\/4911"}],"wp:attachment":[{"href":"https:\/\/agenciausphot.com\/uze\/wp-json\/wp\/v2\/media?parent=4912"}],"wp:term":[{"taxonomy":"brand","embeddable":true,"href":"https:\/\/agenciausphot.com\/uze\/wp-json\/wp\/v2\/etheme_brands?post=4912"},{"taxonomy":"product_brand","embeddable":true,"href":"https:\/\/agenciausphot.com\/uze\/wp-json\/wp\/v2\/product_brand?post=4912"},{"taxonomy":"product_cat","embeddable":true,"href":"https:\/\/agenciausphot.com\/uze\/wp-json\/wp\/v2\/product_cat?post=4912"},{"taxonomy":"product_tag","embeddable":true,"href":"https:\/\/agenciausphot.com\/uze\/wp-json\/wp\/v2\/product_tag?post=4912"}],"curies":[{"name":"wp","href":"https:\/\/api.w.org\/{rel}","templated":true}]}}