{"id":4906,"date":"2025-10-29T13:04:50","date_gmt":"2025-10-29T13:04:50","guid":{"rendered":"https:\/\/agenciausphot.com\/uze\/produto\/pulseira-riviera-transparente\/"},"modified":"2025-12-04T18:43:50","modified_gmt":"2025-12-04T18:43:50","slug":"pulseira-riviera-transparente","status":"publish","type":"product","link":"https:\/\/agenciausphot.com\/uze\/produto\/pulseira-riviera-transparente\/","title":{"rendered":"Pulseira riviera transparente"},"content":{"rendered":"<h3 data-start=\"109\" data-end=\"135\">Detalhes do Produto:<\/h3>\n<p data-start=\"136\" data-end=\"503\">Pulseira em <strong data-start=\"148\" data-end=\"170\">Prata 925 leg\u00edtima<\/strong>, no cl\u00e1ssico estilo <strong data-start=\"191\" data-end=\"202\">riviera<\/strong>, composta por uma sequ\u00eancia de <strong data-start=\"234\" data-end=\"271\">zirc\u00f4nias transparentes (cristal)<\/strong> que refletem brilho intenso e sofisticado. O design elegante e atemporal faz desta joia uma pe\u00e7a vers\u00e1til, perfeita para ser usada sozinha em ocasi\u00f5es especiais ou combinada com outras pulseiras para um visual moderno e refinado.<\/p>\n<p data-start=\"505\" data-end=\"628\">As pratas 925 possuem <strong data-start=\"527\" data-end=\"549\">garantia vital\u00edcia<\/strong>, reconhecidas por sua resist\u00eancia, durabilidade e excelente custo-benef\u00edcio.<\/p>\n<hr data-start=\"630\" data-end=\"633\">\n<h3 data-start=\"635\" data-end=\"667\">Especifica\u00e7\u00f5es do produto:<\/h3>\n<ul data-start=\"668\" data-end=\"926\">\n<li data-start=\"668\" data-end=\"713\">\n<p data-start=\"670\" data-end=\"713\"><strong data-start=\"670\" data-end=\"681\">Modelo:<\/strong> Pulseira Riviera Transparente<\/p>\n<\/li>\n<li data-start=\"714\" data-end=\"751\">\n<p data-start=\"716\" data-end=\"751\"><strong data-start=\"716\" data-end=\"732\">Comprimento:<\/strong> 18cm (ajust\u00e1vel)<\/p>\n<\/li>\n<li data-start=\"752\" data-end=\"801\">\n<p data-start=\"754\" data-end=\"801\"><strong data-start=\"754\" data-end=\"765\">Pedras:<\/strong> Zirc\u00f4nias cristal (transparentes)<\/p>\n<\/li>\n<li data-start=\"802\" data-end=\"838\">\n<p data-start=\"804\" data-end=\"838\"><strong data-start=\"804\" data-end=\"817\">Material:<\/strong> Prata 925 leg\u00edtima<\/p>\n<\/li>\n<li data-start=\"839\" data-end=\"875\">\n<p data-start=\"841\" data-end=\"875\"><strong data-start=\"841\" data-end=\"856\">Acabamento:<\/strong> Polido brilhante<\/p>\n<\/li>\n<li data-start=\"876\" data-end=\"900\">\n<p data-start=\"878\" data-end=\"900\"><strong data-start=\"878\" data-end=\"889\">G\u00eanero:<\/strong> Feminino<\/p>\n<\/li>\n<li data-start=\"901\" data-end=\"926\">\n<p data-start=\"903\" data-end=\"926\"><strong data-start=\"903\" data-end=\"912\">Peso:<\/strong> Aprox. 4,5g<\/p>\n<\/li>\n<\/ul>\n<hr data-start=\"928\" data-end=\"931\">\n<h3 data-start=\"933\" data-end=\"948\">Garantia:<\/h3>\n<p data-start=\"949\" data-end=\"1217\">Todas as pulseiras em <strong data-start=\"971\" data-end=\"984\">Prata 925<\/strong> acompanham <strong data-start=\"996\" data-end=\"1040\">Certificado de Garantia de Autenticidade<\/strong>, assegurando a <strong data-start=\"1056\" data-end=\"1074\">dura\u00e7\u00e3o eterna<\/strong> do material. Diferente das bijuterias, pe\u00e7as em Prata 925 preservam brilho, valor e sofistica\u00e7\u00e3o por toda a vida, assim como o <strong data-start=\"1202\" data-end=\"1214\">Ouro 18k<\/strong>.<\/p>\n","protected":false},"excerpt":{"rendered":"<p>Detalhes do Produto: Pulseira em Prata 925 leg\u00edtima, no cl\u00e1ssico estilo riviera, composta por uma sequ\u00eancia de zirc\u00f4nias transparentes (cristal) que refletem brilho intenso e&#8230;<\/p>\n","protected":false},"featured_media":4905,"comment_status":"open","ping_status":"closed","template":"","meta":[],"etheme_brands":[],"product_brand":[],"product_cat":[98,90],"product_tag":[133],"class_list":{"0":"post-4906","1":"product","2":"type-product","3":"status-publish","4":"has-post-thumbnail","6":"product_cat-categoriapulseiraspulseira-feminina","7":"product_cat-categoriapulseiras","8":"product_tag-uze-pratas","10":"first","11":"outofstock","12":"shipping-taxable","13":"product-type-variable"},"_links":{"self":[{"href":"https:\/\/agenciausphot.com\/uze\/wp-json\/wp\/v2\/product\/4906","targetHints":{"allow":["GET"]}}],"collection":[{"href":"https:\/\/agenciausphot.com\/uze\/wp-json\/wp\/v2\/product"}],"about":[{"href":"https:\/\/agenciausphot.com\/uze\/wp-json\/wp\/v2\/types\/product"}],"replies":[{"embeddable":true,"href":"https:\/\/agenciausphot.com\/uze\/wp-json\/wp\/v2\/comments?post=4906"}],"version-history":[{"count":1,"href":"https:\/\/agenciausphot.com\/uze\/wp-json\/wp\/v2\/product\/4906\/revisions"}],"predecessor-version":[{"id":5947,"href":"https:\/\/agenciausphot.com\/uze\/wp-json\/wp\/v2\/product\/4906\/revisions\/5947"}],"wp:featuredmedia":[{"embeddable":true,"href":"https:\/\/agenciausphot.com\/uze\/wp-json\/wp\/v2\/media\/4905"}],"wp:attachment":[{"href":"https:\/\/agenciausphot.com\/uze\/wp-json\/wp\/v2\/media?parent=4906"}],"wp:term":[{"taxonomy":"brand","embeddable":true,"href":"https:\/\/agenciausphot.com\/uze\/wp-json\/wp\/v2\/etheme_brands?post=4906"},{"taxonomy":"product_brand","embeddable":true,"href":"https:\/\/agenciausphot.com\/uze\/wp-json\/wp\/v2\/product_brand?post=4906"},{"taxonomy":"product_cat","embeddable":true,"href":"https:\/\/agenciausphot.com\/uze\/wp-json\/wp\/v2\/product_cat?post=4906"},{"taxonomy":"product_tag","embeddable":true,"href":"https:\/\/agenciausphot.com\/uze\/wp-json\/wp\/v2\/product_tag?post=4906"}],"curies":[{"name":"wp","href":"https:\/\/api.w.org\/{rel}","templated":true}]}}