{"id":4897,"date":"2025-10-29T13:04:42","date_gmt":"2025-10-29T13:04:42","guid":{"rendered":"https:\/\/agenciausphot.com\/uze\/produto\/pulseira-coracao-resinado-azul-de-prata\/"},"modified":"2025-12-05T04:41:38","modified_gmt":"2025-12-05T04:41:38","slug":"pulseira-coracao-resinado-azul-de-prata","status":"publish","type":"product","link":"https:\/\/agenciausphot.com\/uze\/produto\/pulseira-coracao-resinado-azul-de-prata\/","title":{"rendered":"Pulseira cora\u00e7\u00e3o resinado azul de prata"},"content":{"rendered":"<h3 data-start=\"108\" data-end=\"134\">Detalhes do Produto:<\/h3>\n<p data-start=\"135\" data-end=\"474\">Pulseira em <strong data-start=\"147\" data-end=\"169\">Prata 925 leg\u00edtima<\/strong>, com elos delicados e pingente em formato de <strong data-start=\"215\" data-end=\"247\">cora\u00e7\u00e3o resinado na cor azul<\/strong>, que transmite eleg\u00e2ncia e modernidade. O design une delicadeza e cor, criando uma joia charmosa e vers\u00e1til, perfeita para compor looks casuais ou sofisticados. Uma pe\u00e7a especial para simbolizar amor, estilo e personalidade.<\/p>\n<p data-start=\"476\" data-end=\"599\">As pratas 925 possuem <strong data-start=\"498\" data-end=\"520\">garantia vital\u00edcia<\/strong>, reconhecidas por sua resist\u00eancia, durabilidade e excelente custo-benef\u00edcio.<\/p>\n<hr data-start=\"601\" data-end=\"604\">\n<h3 data-start=\"606\" data-end=\"638\">Especifica\u00e7\u00f5es do produto:<\/h3>\n<ul data-start=\"639\" data-end=\"908\">\n<li data-start=\"639\" data-end=\"685\">\n<p data-start=\"641\" data-end=\"685\"><strong data-start=\"641\" data-end=\"652\">Modelo:<\/strong> Pulseira Cora\u00e7\u00e3o Resinado Azul<\/p>\n<\/li>\n<li data-start=\"686\" data-end=\"723\">\n<p data-start=\"688\" data-end=\"723\"><strong data-start=\"688\" data-end=\"704\">Comprimento:<\/strong> 18cm (ajust\u00e1vel)<\/p>\n<\/li>\n<li data-start=\"724\" data-end=\"765\">\n<p data-start=\"726\" data-end=\"765\"><strong data-start=\"726\" data-end=\"739\">Pingente:<\/strong> Cora\u00e7\u00e3o com resina azul<\/p>\n<\/li>\n<li data-start=\"766\" data-end=\"802\">\n<p data-start=\"768\" data-end=\"802\"><strong data-start=\"768\" data-end=\"781\">Material:<\/strong> Prata 925 leg\u00edtima<\/p>\n<\/li>\n<li data-start=\"803\" data-end=\"857\">\n<p data-start=\"805\" data-end=\"857\"><strong data-start=\"805\" data-end=\"820\">Acabamento:<\/strong> Polido brilhante + resina colorida<\/p>\n<\/li>\n<li data-start=\"858\" data-end=\"882\">\n<p data-start=\"860\" data-end=\"882\"><strong data-start=\"860\" data-end=\"871\">G\u00eanero:<\/strong> Feminino<\/p>\n<\/li>\n<li data-start=\"883\" data-end=\"908\">\n<p data-start=\"885\" data-end=\"908\"><strong data-start=\"885\" data-end=\"894\">Peso:<\/strong> Aprox. 2,5g<\/p>\n<\/li>\n<\/ul>\n<hr data-start=\"910\" data-end=\"913\">\n<h3 data-start=\"915\" data-end=\"930\">Garantia:<\/h3>\n<p data-start=\"931\" data-end=\"1190\">Todas as pulseiras em <strong data-start=\"953\" data-end=\"966\">Prata 925<\/strong> acompanham <strong data-start=\"978\" data-end=\"1022\">Certificado de Garantia de Autenticidade<\/strong>, assegurando a <strong data-start=\"1038\" data-end=\"1056\">dura\u00e7\u00e3o eterna<\/strong> do material. Diferente das bijuterias, pe\u00e7as em Prata 925 preservam brilho, cor e valor por toda a vida, assim como o <strong data-start=\"1175\" data-end=\"1187\">Ouro 18k<\/strong>.<\/p>\n","protected":false},"excerpt":{"rendered":"<p>Detalhes do Produto: Pulseira em Prata 925 leg\u00edtima, com elos delicados e pingente em formato de cora\u00e7\u00e3o resinado na cor azul, que transmite eleg\u00e2ncia e&#8230;<\/p>\n","protected":false},"featured_media":4895,"comment_status":"open","ping_status":"closed","template":"","meta":[],"etheme_brands":[],"product_brand":[],"product_cat":[98,90],"product_tag":[133],"class_list":{"0":"post-4897","1":"product","2":"type-product","3":"status-publish","4":"has-post-thumbnail","6":"product_cat-categoriapulseiraspulseira-feminina","7":"product_cat-categoriapulseiras","8":"product_tag-uze-pratas","10":"first","11":"outofstock","12":"shipping-taxable","13":"product-type-variable"},"_links":{"self":[{"href":"https:\/\/agenciausphot.com\/uze\/wp-json\/wp\/v2\/product\/4897","targetHints":{"allow":["GET"]}}],"collection":[{"href":"https:\/\/agenciausphot.com\/uze\/wp-json\/wp\/v2\/product"}],"about":[{"href":"https:\/\/agenciausphot.com\/uze\/wp-json\/wp\/v2\/types\/product"}],"replies":[{"embeddable":true,"href":"https:\/\/agenciausphot.com\/uze\/wp-json\/wp\/v2\/comments?post=4897"}],"version-history":[{"count":1,"href":"https:\/\/agenciausphot.com\/uze\/wp-json\/wp\/v2\/product\/4897\/revisions"}],"predecessor-version":[{"id":5943,"href":"https:\/\/agenciausphot.com\/uze\/wp-json\/wp\/v2\/product\/4897\/revisions\/5943"}],"wp:featuredmedia":[{"embeddable":true,"href":"https:\/\/agenciausphot.com\/uze\/wp-json\/wp\/v2\/media\/4895"}],"wp:attachment":[{"href":"https:\/\/agenciausphot.com\/uze\/wp-json\/wp\/v2\/media?parent=4897"}],"wp:term":[{"taxonomy":"brand","embeddable":true,"href":"https:\/\/agenciausphot.com\/uze\/wp-json\/wp\/v2\/etheme_brands?post=4897"},{"taxonomy":"product_brand","embeddable":true,"href":"https:\/\/agenciausphot.com\/uze\/wp-json\/wp\/v2\/product_brand?post=4897"},{"taxonomy":"product_cat","embeddable":true,"href":"https:\/\/agenciausphot.com\/uze\/wp-json\/wp\/v2\/product_cat?post=4897"},{"taxonomy":"product_tag","embeddable":true,"href":"https:\/\/agenciausphot.com\/uze\/wp-json\/wp\/v2\/product_tag?post=4897"}],"curies":[{"name":"wp","href":"https:\/\/api.w.org\/{rel}","templated":true}]}}