{"id":4889,"date":"2025-10-29T13:04:36","date_gmt":"2025-10-29T13:04:36","guid":{"rendered":"https:\/\/agenciausphot.com\/uze\/produto\/conjunto-brincos-e-colar-redondo-cravejado\/"},"modified":"2025-12-22T16:27:18","modified_gmt":"2025-12-22T16:27:18","slug":"colar-redondo-cravejado","status":"publish","type":"product","link":"https:\/\/agenciausphot.com\/uze\/produto\/colar-redondo-cravejado\/","title":{"rendered":"colar redondo cravejado"},"content":{"rendered":"<h3 data-start=\"120\" data-end=\"146\">Detalhes do Produto:<\/h3>\n<p data-start=\"147\" data-end=\"496\">COLAR em <strong data-start=\"159\" data-end=\"181\">Prata 925 leg\u00edtima<\/strong>, composto por <strong data-start=\"196\" data-end=\"222\">colar <\/strong>no formato <strong data-start=\"234\" data-end=\"277\">redondo cravejado com zirc\u00f4nias cristal<\/strong>, que proporcionam brilho intenso e sofisticado. O design cl\u00e1ssico e atemporal valoriza a delicadeza e a eleg\u00e2ncia, tornando essa joia perfeita tanto para ocasi\u00f5es especiais quanto para iluminar o visual no dia a dia.<\/p>\n<p data-start=\"498\" data-end=\"618\">As pratas 925 possuem <strong data-start=\"520\" data-end=\"542\">garantia vital\u00edcia<\/strong>, reconhecidas por sua resist\u00eancia, qualidade e excelente custo-benef\u00edcio.<\/p>\n<hr data-start=\"620\" data-end=\"623\">\n<h3 data-start=\"625\" data-end=\"657\">Especifica\u00e7\u00f5es do produto:<\/h3>\n<ul data-start=\"658\" data-end=\"997\">\n<li data-start=\"658\" data-end=\"716\">\n<p data-start=\"660\" data-end=\"716\"><strong data-start=\"660\" data-end=\"671\">Modelo:<\/strong>&nbsp; Colar Redondo Cravejado<\/p>\n<\/li>\n<li data-start=\"717\" data-end=\"776\">\n<p data-start=\"719\" data-end=\"776\"><strong data-start=\"719\" data-end=\"738\">Pe\u00e7as Inclusas:<\/strong> Colar&nbsp;<\/p>\n<\/li>\n<li data-start=\"777\" data-end=\"852\">\n<p data-start=\"779\" data-end=\"852\"><strong data-start=\"779\" data-end=\"794\">Dim. Pedra:<\/strong> 6mm (zirc\u00f4nia central) + 1mm (micro zirc\u00f4nias ao redor)<\/p>\n<\/li>\n<li data-start=\"853\" data-end=\"889\">\n<p data-start=\"855\" data-end=\"889\"><strong data-start=\"855\" data-end=\"868\">Material:<\/strong> Prata 925 leg\u00edtima<\/p>\n<\/li>\n<li data-start=\"890\" data-end=\"926\">\n<p data-start=\"892\" data-end=\"926\"><strong data-start=\"892\" data-end=\"907\">Acabamento:<\/strong> Polido brilhante<\/p>\n<\/li>\n<li data-start=\"927\" data-end=\"951\">\n<p data-start=\"929\" data-end=\"951\"><strong data-start=\"929\" data-end=\"940\">G\u00eanero:<\/strong> Feminino<\/p>\n<\/li>\n<li data-start=\"952\" data-end=\"997\">\n<p data-start=\"954\" data-end=\"997\"><strong data-start=\"954\" data-end=\"963\">Peso:<\/strong> Aprox. 4,5g (conjunto completo)<\/p>\n<\/li>\n<\/ul>\n<hr data-start=\"999\" data-end=\"1002\">\n<h3 data-start=\"1004\" data-end=\"1019\">Garantia:<\/h3>\n<p data-start=\"1020\" data-end=\"1274\">Todos os PRODUTOS&nbsp; em <strong data-start=\"1042\" data-end=\"1055\">Prata 925<\/strong> acompanham <strong data-start=\"1067\" data-end=\"1111\">Certificado de Garantia de Autenticidade<\/strong>, assegurando a <strong data-start=\"1127\" data-end=\"1145\">dura\u00e7\u00e3o eterna<\/strong> do material. Diferente das bijuterias, pe\u00e7as em Prata 925 preservam brilho e valor por toda a vida, assim como o <strong data-start=\"1259\" data-end=\"1271\">Ouro 18k<\/strong>.<\/p>\n","protected":false},"excerpt":{"rendered":"<p>Detalhes do Produto: COLAR em Prata 925 leg\u00edtima, composto por colar no formato redondo cravejado com zirc\u00f4nias cristal, que proporcionam brilho intenso e sofisticado. O&#8230;<\/p>\n","protected":false},"featured_media":7157,"comment_status":"open","ping_status":"closed","template":"","meta":[],"etheme_brands":[],"product_brand":[],"product_cat":[109,94],"product_tag":[133],"class_list":{"0":"post-4889","1":"product","2":"type-product","3":"status-publish","4":"has-post-thumbnail","6":"product_cat-categoriaconjuntosconjunto-feminino","7":"product_cat-categoriaconjuntos","8":"product_tag-uze-pratas","10":"first","11":"outofstock","12":"shipping-taxable","13":"product-type-variable"},"_links":{"self":[{"href":"https:\/\/agenciausphot.com\/uze\/wp-json\/wp\/v2\/product\/4889","targetHints":{"allow":["GET"]}}],"collection":[{"href":"https:\/\/agenciausphot.com\/uze\/wp-json\/wp\/v2\/product"}],"about":[{"href":"https:\/\/agenciausphot.com\/uze\/wp-json\/wp\/v2\/types\/product"}],"replies":[{"embeddable":true,"href":"https:\/\/agenciausphot.com\/uze\/wp-json\/wp\/v2\/comments?post=4889"}],"version-history":[{"count":2,"href":"https:\/\/agenciausphot.com\/uze\/wp-json\/wp\/v2\/product\/4889\/revisions"}],"predecessor-version":[{"id":7158,"href":"https:\/\/agenciausphot.com\/uze\/wp-json\/wp\/v2\/product\/4889\/revisions\/7158"}],"wp:featuredmedia":[{"embeddable":true,"href":"https:\/\/agenciausphot.com\/uze\/wp-json\/wp\/v2\/media\/7157"}],"wp:attachment":[{"href":"https:\/\/agenciausphot.com\/uze\/wp-json\/wp\/v2\/media?parent=4889"}],"wp:term":[{"taxonomy":"brand","embeddable":true,"href":"https:\/\/agenciausphot.com\/uze\/wp-json\/wp\/v2\/etheme_brands?post=4889"},{"taxonomy":"product_brand","embeddable":true,"href":"https:\/\/agenciausphot.com\/uze\/wp-json\/wp\/v2\/product_brand?post=4889"},{"taxonomy":"product_cat","embeddable":true,"href":"https:\/\/agenciausphot.com\/uze\/wp-json\/wp\/v2\/product_cat?post=4889"},{"taxonomy":"product_tag","embeddable":true,"href":"https:\/\/agenciausphot.com\/uze\/wp-json\/wp\/v2\/product_tag?post=4889"}],"curies":[{"name":"wp","href":"https:\/\/api.w.org\/{rel}","templated":true}]}}