{"id":4873,"date":"2025-10-29T13:04:24","date_gmt":"2025-10-29T13:04:24","guid":{"rendered":"https:\/\/agenciausphot.com\/uze\/produto\/conjunto-quadrado-na-zirconia\/"},"modified":"2025-11-14T19:23:50","modified_gmt":"2025-11-14T19:23:50","slug":"conjunto-quadrado-na-zirconia","status":"publish","type":"product","link":"https:\/\/agenciausphot.com\/uze\/produto\/conjunto-quadrado-na-zirconia\/","title":{"rendered":"Conjunto quadrado na zirc\u00f4nia"},"content":{"rendered":"<h3 data-start=\"107\" data-end=\"133\">Detalhes do Produto:<\/h3>\n<p data-start=\"134\" data-end=\"504\">Conjunto em <strong data-start=\"146\" data-end=\"168\">Prata 925 leg\u00edtima<\/strong>, composto por <strong data-start=\"183\" data-end=\"209\">colar e par de brincos<\/strong> no design cl\u00e1ssico <strong data-start=\"229\" data-end=\"241\">quadrado<\/strong>, com <strong data-start=\"247\" data-end=\"289\">zirc\u00f4nias em corte quadrado (princesa)<\/strong> que proporcionam brilho intenso e sofisticado. O estilo minimalista e atemporal torna essa joia perfeita para uso di\u00e1rio, al\u00e9m de ser uma excelente op\u00e7\u00e3o para ocasi\u00f5es especiais, trazendo eleg\u00e2ncia e modernidade.<\/p>\n<p data-start=\"506\" data-end=\"626\">As pratas 925 possuem <strong data-start=\"528\" data-end=\"550\">garantia vital\u00edcia<\/strong>, reconhecidas por sua resist\u00eancia, qualidade e excelente custo-benef\u00edcio.<\/p>\n<hr data-start=\"628\" data-end=\"631\">\n<h3 data-start=\"633\" data-end=\"665\">Especifica\u00e7\u00f5es do produto:<\/h3>\n<ul data-start=\"666\" data-end=\"960\">\n<li data-start=\"666\" data-end=\"711\">\n<p data-start=\"668\" data-end=\"711\"><strong data-start=\"668\" data-end=\"679\">Modelo:<\/strong> Conjunto Quadrado na Zirc\u00f4nia<\/p>\n<\/li>\n<li data-start=\"712\" data-end=\"761\">\n<p data-start=\"714\" data-end=\"761\"><strong data-start=\"714\" data-end=\"733\">Pe\u00e7as Inclusas:<\/strong> Colar + brincos quadrados<\/p>\n<\/li>\n<li data-start=\"762\" data-end=\"815\">\n<p data-start=\"764\" data-end=\"815\"><strong data-start=\"764\" data-end=\"779\">Dim. Pedra:<\/strong> 6mm (zirc\u00f4nias em corte princesa)<\/p>\n<\/li>\n<li data-start=\"816\" data-end=\"852\">\n<p data-start=\"818\" data-end=\"852\"><strong data-start=\"818\" data-end=\"831\">Material:<\/strong> Prata 925 leg\u00edtima<\/p>\n<\/li>\n<li data-start=\"853\" data-end=\"889\">\n<p data-start=\"855\" data-end=\"889\"><strong data-start=\"855\" data-end=\"870\">Acabamento:<\/strong> Polido brilhante<\/p>\n<\/li>\n<li data-start=\"890\" data-end=\"914\">\n<p data-start=\"892\" data-end=\"914\"><strong data-start=\"892\" data-end=\"903\">G\u00eanero:<\/strong> Feminino<\/p>\n<\/li>\n<li data-start=\"915\" data-end=\"960\">\n<p data-start=\"917\" data-end=\"960\"><strong data-start=\"917\" data-end=\"926\">Peso:<\/strong> Aprox. 4,0g (conjunto completo)<\/p>\n<\/li>\n<\/ul>\n<hr data-start=\"962\" data-end=\"965\">\n<h3 data-start=\"967\" data-end=\"982\">Garantia:<\/h3>\n<p data-start=\"983\" data-end=\"1237\">Todos os conjuntos em <strong data-start=\"1005\" data-end=\"1018\">Prata 925<\/strong> acompanham <strong data-start=\"1030\" data-end=\"1074\">Certificado de Garantia de Autenticidade<\/strong>, assegurando a <strong data-start=\"1090\" data-end=\"1108\">dura\u00e7\u00e3o eterna<\/strong> do material. Diferente das bijuterias, pe\u00e7as em Prata 925 preservam brilho e valor por toda a vida, assim como o <strong data-start=\"1222\" data-end=\"1234\">Ouro 18k<\/strong>.<\/p>\n","protected":false},"excerpt":{"rendered":"<p>Detalhes do Produto: Conjunto em Prata 925 leg\u00edtima, composto por colar e par de brincos no design cl\u00e1ssico quadrado, com zirc\u00f4nias em corte quadrado (princesa)&#8230;<\/p>\n","protected":false},"featured_media":4871,"comment_status":"open","ping_status":"closed","template":"","meta":[],"etheme_brands":[],"product_brand":[],"product_cat":[109,94],"product_tag":[133],"class_list":{"0":"post-4873","1":"product","2":"type-product","3":"status-publish","4":"has-post-thumbnail","6":"product_cat-categoriaconjuntosconjunto-feminino","7":"product_cat-categoriaconjuntos","8":"product_tag-uze-pratas","10":"first","11":"outofstock","12":"shipping-taxable","13":"product-type-variable"},"_links":{"self":[{"href":"https:\/\/agenciausphot.com\/uze\/wp-json\/wp\/v2\/product\/4873","targetHints":{"allow":["GET"]}}],"collection":[{"href":"https:\/\/agenciausphot.com\/uze\/wp-json\/wp\/v2\/product"}],"about":[{"href":"https:\/\/agenciausphot.com\/uze\/wp-json\/wp\/v2\/types\/product"}],"replies":[{"embeddable":true,"href":"https:\/\/agenciausphot.com\/uze\/wp-json\/wp\/v2\/comments?post=4873"}],"version-history":[{"count":1,"href":"https:\/\/agenciausphot.com\/uze\/wp-json\/wp\/v2\/product\/4873\/revisions"}],"predecessor-version":[{"id":5932,"href":"https:\/\/agenciausphot.com\/uze\/wp-json\/wp\/v2\/product\/4873\/revisions\/5932"}],"wp:featuredmedia":[{"embeddable":true,"href":"https:\/\/agenciausphot.com\/uze\/wp-json\/wp\/v2\/media\/4871"}],"wp:attachment":[{"href":"https:\/\/agenciausphot.com\/uze\/wp-json\/wp\/v2\/media?parent=4873"}],"wp:term":[{"taxonomy":"brand","embeddable":true,"href":"https:\/\/agenciausphot.com\/uze\/wp-json\/wp\/v2\/etheme_brands?post=4873"},{"taxonomy":"product_brand","embeddable":true,"href":"https:\/\/agenciausphot.com\/uze\/wp-json\/wp\/v2\/product_brand?post=4873"},{"taxonomy":"product_cat","embeddable":true,"href":"https:\/\/agenciausphot.com\/uze\/wp-json\/wp\/v2\/product_cat?post=4873"},{"taxonomy":"product_tag","embeddable":true,"href":"https:\/\/agenciausphot.com\/uze\/wp-json\/wp\/v2\/product_tag?post=4873"}],"curies":[{"name":"wp","href":"https:\/\/api.w.org\/{rel}","templated":true}]}}