{"id":4864,"date":"2025-10-29T13:04:18","date_gmt":"2025-10-29T13:04:18","guid":{"rendered":"https:\/\/agenciausphot.com\/uze\/produto\/conjunto-laco-cravejado\/"},"modified":"2025-11-18T14:07:20","modified_gmt":"2025-11-18T14:07:20","slug":"conjunto-laco-cravejado","status":"publish","type":"product","link":"https:\/\/agenciausphot.com\/uze\/produto\/conjunto-laco-cravejado\/","title":{"rendered":"Conjunto la\u00e7o cravejado"},"content":{"rendered":"<h3 data-start=\"101\" data-end=\"127\">Detalhes do Produto:<\/h3>\n<p data-start=\"128\" data-end=\"515\">Conjunto em <strong data-start=\"140\" data-end=\"162\">Prata 925 leg\u00edtima<\/strong>, composto por <strong data-start=\"177\" data-end=\"203\">colar e par de brincos<\/strong> em formato de <strong data-start=\"218\" data-end=\"258\">la\u00e7o cravejado com zirc\u00f4nias cristal<\/strong>, que garantem brilho intenso e delicado. O design transmite romantismo e eleg\u00e2ncia, representando charme e feminilidade em cada detalhe. Uma joia vers\u00e1til e sofisticada, perfeita para ocasi\u00f5es especiais ou para trazer um toque de delicadeza ao dia a dia.<\/p>\n<p data-start=\"517\" data-end=\"637\">As pratas 925 possuem <strong data-start=\"539\" data-end=\"561\">garantia vital\u00edcia<\/strong>, reconhecidas por sua resist\u00eancia, qualidade e excelente custo-benef\u00edcio.<\/p>\n<hr data-start=\"639\" data-end=\"642\">\n<h3 data-start=\"644\" data-end=\"676\">Especifica\u00e7\u00f5es do produto:<\/h3>\n<ul data-start=\"677\" data-end=\"963\">\n<li data-start=\"677\" data-end=\"716\">\n<p data-start=\"679\" data-end=\"716\"><strong data-start=\"679\" data-end=\"690\">Modelo:<\/strong> Conjunto La\u00e7o Cravejado<\/p>\n<\/li>\n<li data-start=\"717\" data-end=\"771\">\n<p data-start=\"719\" data-end=\"771\"><strong data-start=\"719\" data-end=\"738\">Pe\u00e7as Inclusas:<\/strong> Colar + brincos la\u00e7o cravejado<\/p>\n<\/li>\n<li data-start=\"772\" data-end=\"818\">\n<p data-start=\"774\" data-end=\"818\"><strong data-start=\"774\" data-end=\"789\">Dim. Pedra:<\/strong> 1mm (zirc\u00f4nias cravejadas)<\/p>\n<\/li>\n<li data-start=\"819\" data-end=\"855\">\n<p data-start=\"821\" data-end=\"855\"><strong data-start=\"821\" data-end=\"834\">Material:<\/strong> Prata 925 leg\u00edtima<\/p>\n<\/li>\n<li data-start=\"856\" data-end=\"892\">\n<p data-start=\"858\" data-end=\"892\"><strong data-start=\"858\" data-end=\"873\">Acabamento:<\/strong> Polido brilhante<\/p>\n<\/li>\n<li data-start=\"893\" data-end=\"917\">\n<p data-start=\"895\" data-end=\"917\"><strong data-start=\"895\" data-end=\"906\">G\u00eanero:<\/strong> Feminino<\/p>\n<\/li>\n<li data-start=\"918\" data-end=\"963\">\n<p data-start=\"920\" data-end=\"963\"><strong data-start=\"920\" data-end=\"929\">Peso:<\/strong> Aprox. 4,2g (conjunto completo)<\/p>\n<\/li>\n<\/ul>\n<hr data-start=\"965\" data-end=\"968\">\n<h3 data-start=\"970\" data-end=\"985\">Garantia:<\/h3>\n<p data-start=\"986\" data-end=\"1240\">Todos os conjuntos em <strong data-start=\"1008\" data-end=\"1021\">Prata 925<\/strong> acompanham <strong data-start=\"1033\" data-end=\"1077\">Certificado de Garantia de Autenticidade<\/strong>, assegurando a <strong data-start=\"1093\" data-end=\"1111\">dura\u00e7\u00e3o eterna<\/strong> do material. Diferente das bijuterias, pe\u00e7as em Prata 925 preservam brilho e valor por toda a vida, assim como o <strong data-start=\"1225\" data-end=\"1237\">Ouro 18k<\/strong>.<\/p>\n","protected":false},"excerpt":{"rendered":"<p>Detalhes do Produto: Conjunto em Prata 925 leg\u00edtima, composto por colar e par de brincos em formato de la\u00e7o cravejado com zirc\u00f4nias cristal, que garantem&#8230;<\/p>\n","protected":false},"featured_media":4863,"comment_status":"open","ping_status":"closed","template":"","meta":[],"etheme_brands":[],"product_brand":[],"product_cat":[109,94],"product_tag":[133],"class_list":{"0":"post-4864","1":"product","2":"type-product","3":"status-publish","4":"has-post-thumbnail","6":"product_cat-categoriaconjuntosconjunto-feminino","7":"product_cat-categoriaconjuntos","8":"product_tag-uze-pratas","10":"first","11":"outofstock","12":"shipping-taxable","13":"product-type-variable"},"_links":{"self":[{"href":"https:\/\/agenciausphot.com\/uze\/wp-json\/wp\/v2\/product\/4864","targetHints":{"allow":["GET"]}}],"collection":[{"href":"https:\/\/agenciausphot.com\/uze\/wp-json\/wp\/v2\/product"}],"about":[{"href":"https:\/\/agenciausphot.com\/uze\/wp-json\/wp\/v2\/types\/product"}],"replies":[{"embeddable":true,"href":"https:\/\/agenciausphot.com\/uze\/wp-json\/wp\/v2\/comments?post=4864"}],"version-history":[{"count":1,"href":"https:\/\/agenciausphot.com\/uze\/wp-json\/wp\/v2\/product\/4864\/revisions"}],"predecessor-version":[{"id":5928,"href":"https:\/\/agenciausphot.com\/uze\/wp-json\/wp\/v2\/product\/4864\/revisions\/5928"}],"wp:featuredmedia":[{"embeddable":true,"href":"https:\/\/agenciausphot.com\/uze\/wp-json\/wp\/v2\/media\/4863"}],"wp:attachment":[{"href":"https:\/\/agenciausphot.com\/uze\/wp-json\/wp\/v2\/media?parent=4864"}],"wp:term":[{"taxonomy":"brand","embeddable":true,"href":"https:\/\/agenciausphot.com\/uze\/wp-json\/wp\/v2\/etheme_brands?post=4864"},{"taxonomy":"product_brand","embeddable":true,"href":"https:\/\/agenciausphot.com\/uze\/wp-json\/wp\/v2\/product_brand?post=4864"},{"taxonomy":"product_cat","embeddable":true,"href":"https:\/\/agenciausphot.com\/uze\/wp-json\/wp\/v2\/product_cat?post=4864"},{"taxonomy":"product_tag","embeddable":true,"href":"https:\/\/agenciausphot.com\/uze\/wp-json\/wp\/v2\/product_tag?post=4864"}],"curies":[{"name":"wp","href":"https:\/\/api.w.org\/{rel}","templated":true}]}}