{"id":4851,"date":"2025-10-29T13:04:08","date_gmt":"2025-10-29T13:04:08","guid":{"rendered":"https:\/\/agenciausphot.com\/uze\/produto\/colar-van-cleef-preto\/"},"modified":"2025-12-05T04:41:38","modified_gmt":"2025-12-05T04:41:38","slug":"colar-van-cleef-preto","status":"publish","type":"product","link":"https:\/\/agenciausphot.com\/uze\/produto\/colar-van-cleef-preto\/","title":{"rendered":"Colar van cleef preto"},"content":{"rendered":"<h3 data-start=\"99\" data-end=\"125\">Detalhes do Produto:<\/h3>\n<p data-start=\"126\" data-end=\"504\">Colar em <strong data-start=\"135\" data-end=\"157\">Prata 925 leg\u00edtima<\/strong>, inspirado no design cl\u00e1ssico da joalheria Van Cleef. Possui corrente delicada e pingente em formato de <strong data-start=\"262\" data-end=\"288\">trevo de quatro folhas<\/strong>, com aplica\u00e7\u00e3o em <strong data-start=\"307\" data-end=\"323\">resina preta<\/strong> que traz contraste elegante e sofisticado. Uma joia cheia de charme e significado, simbolizando sorte, amor, f\u00e9 e esperan\u00e7a, perfeita para compor produ\u00e7\u00f5es modernas e atemporais.<\/p>\n<p data-start=\"506\" data-end=\"629\">As pratas 925 possuem <strong data-start=\"528\" data-end=\"550\">garantia vital\u00edcia<\/strong>, reconhecidas por sua durabilidade, resist\u00eancia e excelente custo-benef\u00edcio.<\/p>\n<hr data-start=\"631\" data-end=\"634\">\n<h3 data-start=\"636\" data-end=\"668\">Especifica\u00e7\u00f5es do produto:<\/h3>\n<ul data-start=\"669\" data-end=\"951\">\n<li data-start=\"669\" data-end=\"715\">\n<p data-start=\"671\" data-end=\"715\"><strong data-start=\"671\" data-end=\"682\">Modelo:<\/strong> Colar Van Cleef Preto em Prata<\/p>\n<\/li>\n<li data-start=\"716\" data-end=\"765\">\n<p data-start=\"718\" data-end=\"765\"><strong data-start=\"718\" data-end=\"746\">Comprimento da Corrente:<\/strong> 45cm (ajust\u00e1vel)<\/p>\n<\/li>\n<li data-start=\"766\" data-end=\"826\">\n<p data-start=\"768\" data-end=\"826\"><strong data-start=\"768\" data-end=\"781\">Pingente:<\/strong> Trevo de quatro folhas com aplica\u00e7\u00e3o preta<\/p>\n<\/li>\n<li data-start=\"827\" data-end=\"863\">\n<p data-start=\"829\" data-end=\"863\"><strong data-start=\"829\" data-end=\"842\">Material:<\/strong> Prata 925 leg\u00edtima<\/p>\n<\/li>\n<li data-start=\"864\" data-end=\"900\">\n<p data-start=\"866\" data-end=\"900\"><strong data-start=\"866\" data-end=\"881\">Acabamento:<\/strong> Polido brilhante<\/p>\n<\/li>\n<li data-start=\"901\" data-end=\"925\">\n<p data-start=\"903\" data-end=\"925\"><strong data-start=\"903\" data-end=\"914\">G\u00eanero:<\/strong> Feminino<\/p>\n<\/li>\n<li data-start=\"926\" data-end=\"951\">\n<p data-start=\"928\" data-end=\"951\"><strong data-start=\"928\" data-end=\"937\">Peso:<\/strong> Aprox. 2,2g<\/p>\n<\/li>\n<\/ul>\n<hr data-start=\"953\" data-end=\"956\">\n<h3 data-start=\"958\" data-end=\"973\">Garantia:<\/h3>\n<p data-start=\"974\" data-end=\"1226\">Todos os colares em <strong data-start=\"994\" data-end=\"1007\">Prata 925<\/strong> acompanham <strong data-start=\"1019\" data-end=\"1063\">Certificado de Garantia de Autenticidade<\/strong>, assegurando a <strong data-start=\"1079\" data-end=\"1097\">dura\u00e7\u00e3o eterna<\/strong> do material. Diferente das bijuterias, pe\u00e7as em Prata 925 preservam brilho e valor por toda a vida, assim como o <strong data-start=\"1211\" data-end=\"1223\">Ouro 18k<\/strong>.<\/p>\n","protected":false},"excerpt":{"rendered":"<p>Detalhes do Produto: Colar em Prata 925 leg\u00edtima, inspirado no design cl\u00e1ssico da joalheria Van Cleef. Possui corrente delicada e pingente em formato de trevo&#8230;<\/p>\n","protected":false},"featured_media":4850,"comment_status":"open","ping_status":"closed","template":"","meta":[],"etheme_brands":[],"product_brand":[],"product_cat":[106,93],"product_tag":[133],"class_list":{"0":"post-4851","1":"product","2":"type-product","3":"status-publish","4":"has-post-thumbnail","6":"product_cat-categoriacolarescolar-feminino","7":"product_cat-categoriacolares","8":"product_tag-uze-pratas","10":"first","11":"outofstock","12":"shipping-taxable","13":"product-type-variable"},"_links":{"self":[{"href":"https:\/\/agenciausphot.com\/uze\/wp-json\/wp\/v2\/product\/4851","targetHints":{"allow":["GET"]}}],"collection":[{"href":"https:\/\/agenciausphot.com\/uze\/wp-json\/wp\/v2\/product"}],"about":[{"href":"https:\/\/agenciausphot.com\/uze\/wp-json\/wp\/v2\/types\/product"}],"replies":[{"embeddable":true,"href":"https:\/\/agenciausphot.com\/uze\/wp-json\/wp\/v2\/comments?post=4851"}],"version-history":[{"count":1,"href":"https:\/\/agenciausphot.com\/uze\/wp-json\/wp\/v2\/product\/4851\/revisions"}],"predecessor-version":[{"id":5922,"href":"https:\/\/agenciausphot.com\/uze\/wp-json\/wp\/v2\/product\/4851\/revisions\/5922"}],"wp:featuredmedia":[{"embeddable":true,"href":"https:\/\/agenciausphot.com\/uze\/wp-json\/wp\/v2\/media\/4850"}],"wp:attachment":[{"href":"https:\/\/agenciausphot.com\/uze\/wp-json\/wp\/v2\/media?parent=4851"}],"wp:term":[{"taxonomy":"brand","embeddable":true,"href":"https:\/\/agenciausphot.com\/uze\/wp-json\/wp\/v2\/etheme_brands?post=4851"},{"taxonomy":"product_brand","embeddable":true,"href":"https:\/\/agenciausphot.com\/uze\/wp-json\/wp\/v2\/product_brand?post=4851"},{"taxonomy":"product_cat","embeddable":true,"href":"https:\/\/agenciausphot.com\/uze\/wp-json\/wp\/v2\/product_cat?post=4851"},{"taxonomy":"product_tag","embeddable":true,"href":"https:\/\/agenciausphot.com\/uze\/wp-json\/wp\/v2\/product_tag?post=4851"}],"curies":[{"name":"wp","href":"https:\/\/api.w.org\/{rel}","templated":true}]}}