{"id":4843,"date":"2025-10-29T13:04:01","date_gmt":"2025-10-29T13:04:01","guid":{"rendered":"https:\/\/agenciausphot.com\/uze\/produto\/colar-letra-s\/"},"modified":"2025-11-04T20:40:49","modified_gmt":"2025-11-04T20:40:49","slug":"colar-letra-s","status":"publish","type":"product","link":"https:\/\/agenciausphot.com\/uze\/produto\/colar-letra-s\/","title":{"rendered":"Colar letra s"},"content":{"rendered":"<h3 data-start=\"91\" data-end=\"117\">Detalhes do Produto:<\/h3>\n<p data-start=\"118\" data-end=\"535\">Colar em <strong data-start=\"127\" data-end=\"149\">Prata 925 leg\u00edtima<\/strong>, com corrente delicada e pingente em formato da <strong data-start=\"198\" data-end=\"209\">letra S<\/strong>, ideal para representar iniciais de nomes, palavras ou sentimentos especiais. O design minimalista e elegante garante versatilidade, podendo ser usado sozinho para um visual discreto ou em composi\u00e7\u00f5es com outros colares para um estilo moderno. Uma joia personalizada e cheia de significado, perfeita tamb\u00e9m para presentear.<\/p>\n<p data-start=\"537\" data-end=\"657\">As pratas 925 possuem <strong data-start=\"559\" data-end=\"581\">garantia vital\u00edcia<\/strong>, reconhecidas por sua resist\u00eancia, qualidade e excelente custo-benef\u00edcio.<\/p>\n<hr data-start=\"659\" data-end=\"662\">\n<h3 data-start=\"664\" data-end=\"696\">Especifica\u00e7\u00f5es do produto:<\/h3>\n<ul data-start=\"697\" data-end=\"898\">\n<li data-start=\"697\" data-end=\"735\">\n<p data-start=\"699\" data-end=\"735\"><strong data-start=\"699\" data-end=\"710\">Modelo:<\/strong> Colar Letra S em Prata<\/p>\n<\/li>\n<li data-start=\"736\" data-end=\"785\">\n<p data-start=\"738\" data-end=\"785\"><strong data-start=\"738\" data-end=\"766\">Comprimento da Corrente:<\/strong> 45cm (ajust\u00e1vel)<\/p>\n<\/li>\n<li data-start=\"786\" data-end=\"811\">\n<p data-start=\"788\" data-end=\"811\"><strong data-start=\"788\" data-end=\"801\">Pingente:<\/strong> Letra S<\/p>\n<\/li>\n<li data-start=\"812\" data-end=\"848\">\n<p data-start=\"814\" data-end=\"848\"><strong data-start=\"814\" data-end=\"827\">Material:<\/strong> Prata 925 leg\u00edtima<\/p>\n<\/li>\n<li data-start=\"849\" data-end=\"872\">\n<p data-start=\"851\" data-end=\"872\"><strong data-start=\"851\" data-end=\"862\">G\u00eanero:<\/strong> Unissex<\/p>\n<\/li>\n<li data-start=\"873\" data-end=\"898\">\n<p data-start=\"875\" data-end=\"898\"><strong data-start=\"875\" data-end=\"884\">Peso:<\/strong> Aprox. 2,0g<\/p>\n<\/li>\n<\/ul>\n<hr data-start=\"900\" data-end=\"903\">\n<h3 data-start=\"905\" data-end=\"920\">Garantia:<\/h3>\n<p data-start=\"921\" data-end=\"1173\">Todos os colares em <strong data-start=\"941\" data-end=\"954\">Prata 925<\/strong> acompanham <strong data-start=\"966\" data-end=\"1010\">Certificado de Garantia de Autenticidade<\/strong>, assegurando a <strong data-start=\"1026\" data-end=\"1044\">dura\u00e7\u00e3o eterna<\/strong> do material. Diferente das bijuterias, pe\u00e7as em Prata 925 preservam brilho e valor por toda a vida, assim como o <strong data-start=\"1158\" data-end=\"1170\">Ouro 18k<\/strong>.<\/p>\n","protected":false},"excerpt":{"rendered":"<p>Detalhes do Produto: Colar em Prata 925 leg\u00edtima, com corrente delicada e pingente em formato da letra S, ideal para representar iniciais de nomes, palavras&#8230;<\/p>\n","protected":false},"featured_media":4842,"comment_status":"open","ping_status":"closed","template":"","meta":[],"etheme_brands":[],"product_brand":[],"product_cat":[106,93],"product_tag":[133],"class_list":{"0":"post-4843","1":"product","2":"type-product","3":"status-publish","4":"has-post-thumbnail","6":"product_cat-categoriacolarescolar-feminino","7":"product_cat-categoriacolares","8":"product_tag-uze-pratas","10":"first","11":"outofstock","12":"shipping-taxable","13":"product-type-variable"},"_links":{"self":[{"href":"https:\/\/agenciausphot.com\/uze\/wp-json\/wp\/v2\/product\/4843","targetHints":{"allow":["GET"]}}],"collection":[{"href":"https:\/\/agenciausphot.com\/uze\/wp-json\/wp\/v2\/product"}],"about":[{"href":"https:\/\/agenciausphot.com\/uze\/wp-json\/wp\/v2\/types\/product"}],"replies":[{"embeddable":true,"href":"https:\/\/agenciausphot.com\/uze\/wp-json\/wp\/v2\/comments?post=4843"}],"version-history":[{"count":1,"href":"https:\/\/agenciausphot.com\/uze\/wp-json\/wp\/v2\/product\/4843\/revisions"}],"predecessor-version":[{"id":5919,"href":"https:\/\/agenciausphot.com\/uze\/wp-json\/wp\/v2\/product\/4843\/revisions\/5919"}],"wp:featuredmedia":[{"embeddable":true,"href":"https:\/\/agenciausphot.com\/uze\/wp-json\/wp\/v2\/media\/4842"}],"wp:attachment":[{"href":"https:\/\/agenciausphot.com\/uze\/wp-json\/wp\/v2\/media?parent=4843"}],"wp:term":[{"taxonomy":"brand","embeddable":true,"href":"https:\/\/agenciausphot.com\/uze\/wp-json\/wp\/v2\/etheme_brands?post=4843"},{"taxonomy":"product_brand","embeddable":true,"href":"https:\/\/agenciausphot.com\/uze\/wp-json\/wp\/v2\/product_brand?post=4843"},{"taxonomy":"product_cat","embeddable":true,"href":"https:\/\/agenciausphot.com\/uze\/wp-json\/wp\/v2\/product_cat?post=4843"},{"taxonomy":"product_tag","embeddable":true,"href":"https:\/\/agenciausphot.com\/uze\/wp-json\/wp\/v2\/product_tag?post=4843"}],"curies":[{"name":"wp","href":"https:\/\/api.w.org\/{rel}","templated":true}]}}