{"id":4839,"date":"2025-10-29T13:03:59","date_gmt":"2025-10-29T13:03:59","guid":{"rendered":"https:\/\/agenciausphot.com\/uze\/produto\/colar-letra-k\/"},"modified":"2025-11-04T20:40:47","modified_gmt":"2025-11-04T20:40:47","slug":"colar-letra-k","status":"publish","type":"product","link":"https:\/\/agenciausphot.com\/uze\/produto\/colar-letra-k\/","title":{"rendered":"Colar letra k"},"content":{"rendered":"<h3 data-start=\"91\" data-end=\"117\">Detalhes do Produto:<\/h3>\n<p data-start=\"118\" data-end=\"493\">Colar em <strong data-start=\"127\" data-end=\"149\">Prata 925 leg\u00edtima<\/strong>, com corrente delicada e pingente em formato da <strong data-start=\"198\" data-end=\"209\">letra K<\/strong>, perfeito para representar iniciais de nomes, palavras ou sentimentos especiais. O design minimalista e elegante garante versatilidade, permitindo usar a pe\u00e7a sozinha ou em composi\u00e7\u00f5es com outros colares. Uma joia personalizada e cheia de significado, ideal tamb\u00e9m para presentear.<\/p>\n<p data-start=\"495\" data-end=\"618\">As pratas 925 possuem <strong data-start=\"517\" data-end=\"539\">garantia vital\u00edcia<\/strong>, reconhecidas por sua resist\u00eancia, durabilidade e excelente custo-benef\u00edcio.<\/p>\n<hr data-start=\"620\" data-end=\"623\">\n<h3 data-start=\"625\" data-end=\"657\">Especifica\u00e7\u00f5es do produto:<\/h3>\n<ul data-start=\"658\" data-end=\"859\">\n<li data-start=\"658\" data-end=\"696\">\n<p data-start=\"660\" data-end=\"696\"><strong data-start=\"660\" data-end=\"671\">Modelo:<\/strong> Colar Letra K em Prata<\/p>\n<\/li>\n<li data-start=\"697\" data-end=\"746\">\n<p data-start=\"699\" data-end=\"746\"><strong data-start=\"699\" data-end=\"727\">Comprimento da Corrente:<\/strong> 45cm (ajust\u00e1vel)<\/p>\n<\/li>\n<li data-start=\"747\" data-end=\"772\">\n<p data-start=\"749\" data-end=\"772\"><strong data-start=\"749\" data-end=\"762\">Pingente:<\/strong> Letra K<\/p>\n<\/li>\n<li data-start=\"773\" data-end=\"809\">\n<p data-start=\"775\" data-end=\"809\"><strong data-start=\"775\" data-end=\"788\">Material:<\/strong> Prata 925 leg\u00edtima<\/p>\n<\/li>\n<li data-start=\"810\" data-end=\"833\">\n<p data-start=\"812\" data-end=\"833\"><strong data-start=\"812\" data-end=\"823\">G\u00eanero:<\/strong> Unissex<\/p>\n<\/li>\n<li data-start=\"834\" data-end=\"859\">\n<p data-start=\"836\" data-end=\"859\"><strong data-start=\"836\" data-end=\"845\">Peso:<\/strong> Aprox. 2,0g<\/p>\n<\/li>\n<\/ul>\n<hr data-start=\"861\" data-end=\"864\">\n<h3 data-start=\"866\" data-end=\"881\">Garantia:<\/h3>\n<p data-start=\"882\" data-end=\"1134\">Todos os colares em <strong data-start=\"902\" data-end=\"915\">Prata 925<\/strong> acompanham <strong data-start=\"927\" data-end=\"971\">Certificado de Garantia de Autenticidade<\/strong>, assegurando a <strong data-start=\"987\" data-end=\"1005\">dura\u00e7\u00e3o eterna<\/strong> do material. Diferente das bijuterias, pe\u00e7as em Prata 925 preservam brilho e valor por toda a vida, assim como o <strong data-start=\"1119\" data-end=\"1131\">Ouro 18k<\/strong>.<\/p>\n","protected":false},"excerpt":{"rendered":"<p>Detalhes do Produto: Colar em Prata 925 leg\u00edtima, com corrente delicada e pingente em formato da letra K, perfeito para representar iniciais de nomes, palavras&#8230;<\/p>\n","protected":false},"featured_media":4838,"comment_status":"open","ping_status":"closed","template":"","meta":[],"etheme_brands":[],"product_brand":[],"product_cat":[106,93],"product_tag":[133],"class_list":{"0":"post-4839","1":"product","2":"type-product","3":"status-publish","4":"has-post-thumbnail","6":"product_cat-categoriacolarescolar-feminino","7":"product_cat-categoriacolares","8":"product_tag-uze-pratas","10":"first","11":"outofstock","12":"shipping-taxable","13":"product-type-variable"},"_links":{"self":[{"href":"https:\/\/agenciausphot.com\/uze\/wp-json\/wp\/v2\/product\/4839","targetHints":{"allow":["GET"]}}],"collection":[{"href":"https:\/\/agenciausphot.com\/uze\/wp-json\/wp\/v2\/product"}],"about":[{"href":"https:\/\/agenciausphot.com\/uze\/wp-json\/wp\/v2\/types\/product"}],"replies":[{"embeddable":true,"href":"https:\/\/agenciausphot.com\/uze\/wp-json\/wp\/v2\/comments?post=4839"}],"version-history":[{"count":1,"href":"https:\/\/agenciausphot.com\/uze\/wp-json\/wp\/v2\/product\/4839\/revisions"}],"predecessor-version":[{"id":5917,"href":"https:\/\/agenciausphot.com\/uze\/wp-json\/wp\/v2\/product\/4839\/revisions\/5917"}],"wp:featuredmedia":[{"embeddable":true,"href":"https:\/\/agenciausphot.com\/uze\/wp-json\/wp\/v2\/media\/4838"}],"wp:attachment":[{"href":"https:\/\/agenciausphot.com\/uze\/wp-json\/wp\/v2\/media?parent=4839"}],"wp:term":[{"taxonomy":"brand","embeddable":true,"href":"https:\/\/agenciausphot.com\/uze\/wp-json\/wp\/v2\/etheme_brands?post=4839"},{"taxonomy":"product_brand","embeddable":true,"href":"https:\/\/agenciausphot.com\/uze\/wp-json\/wp\/v2\/product_brand?post=4839"},{"taxonomy":"product_cat","embeddable":true,"href":"https:\/\/agenciausphot.com\/uze\/wp-json\/wp\/v2\/product_cat?post=4839"},{"taxonomy":"product_tag","embeddable":true,"href":"https:\/\/agenciausphot.com\/uze\/wp-json\/wp\/v2\/product_tag?post=4839"}],"curies":[{"name":"wp","href":"https:\/\/api.w.org\/{rel}","templated":true}]}}