{"id":4837,"date":"2025-10-29T13:03:57","date_gmt":"2025-10-29T13:03:57","guid":{"rendered":"https:\/\/agenciausphot.com\/uze\/produto\/corrente-terco-rosario\/"},"modified":"2025-11-18T14:07:18","modified_gmt":"2025-11-18T14:07:18","slug":"corrente-terco-rosario","status":"publish","type":"product","link":"https:\/\/agenciausphot.com\/uze\/produto\/corrente-terco-rosario\/","title":{"rendered":"Corrente ter\u00e7o ros\u00e1rio"},"content":{"rendered":"<h3 data-start=\"100\" data-end=\"126\">Detalhes do Produto:<\/h3>\n<p data-start=\"127\" data-end=\"490\">Corrente estilo <strong data-start=\"143\" data-end=\"160\">ter\u00e7o ros\u00e1rio<\/strong>, confeccionada em <strong data-start=\"179\" data-end=\"201\">Prata 925 leg\u00edtima<\/strong>, com contas delicadas ao longo da corrente, crucifixo na ponta e medalha central, s\u00edmbolo de f\u00e9 e devo\u00e7\u00e3o. O design tradicional transmite espiritualidade e prote\u00e7\u00e3o, sendo ideal para uso di\u00e1rio, como acess\u00f3rio de f\u00e9 ou para presentear algu\u00e9m especial com significado religioso profundo.<\/p>\n<p data-start=\"492\" data-end=\"615\">As pratas 925 possuem <strong data-start=\"514\" data-end=\"536\">garantia vital\u00edcia<\/strong>, reconhecidas por sua resist\u00eancia, durabilidade e excelente custo-benef\u00edcio.<\/p>\n<hr data-start=\"617\" data-end=\"620\">\n<h3 data-start=\"622\" data-end=\"654\">Especifica\u00e7\u00f5es do produto:<\/h3>\n<ul data-start=\"655\" data-end=\"881\">\n<li data-start=\"655\" data-end=\"702\">\n<p data-start=\"657\" data-end=\"702\"><strong data-start=\"657\" data-end=\"668\">Modelo:<\/strong> Corrente Ter\u00e7o Ros\u00e1rio em Prata<\/p>\n<\/li>\n<li data-start=\"703\" data-end=\"740\">\n<p data-start=\"705\" data-end=\"740\"><strong data-start=\"705\" data-end=\"733\">Comprimento da Corrente:<\/strong> 60cm<\/p>\n<\/li>\n<li data-start=\"741\" data-end=\"794\">\n<p data-start=\"743\" data-end=\"794\"><strong data-start=\"743\" data-end=\"756\">Detalhes:<\/strong> Contas, medalha central e crucifixo<\/p>\n<\/li>\n<li data-start=\"795\" data-end=\"831\">\n<p data-start=\"797\" data-end=\"831\"><strong data-start=\"797\" data-end=\"810\">Material:<\/strong> Prata 925 leg\u00edtima<\/p>\n<\/li>\n<li data-start=\"832\" data-end=\"855\">\n<p data-start=\"834\" data-end=\"855\"><strong data-start=\"834\" data-end=\"845\">G\u00eanero:<\/strong> Unissex<\/p>\n<\/li>\n<li data-start=\"856\" data-end=\"881\">\n<p data-start=\"858\" data-end=\"881\"><strong data-start=\"858\" data-end=\"867\">Peso:<\/strong> Aprox. 4,0g<\/p>\n<\/li>\n<\/ul>\n<hr data-start=\"883\" data-end=\"886\">\n<h3 data-start=\"888\" data-end=\"903\">Garantia:<\/h3>\n<p data-start=\"904\" data-end=\"1171\">Todas as correntes em <strong data-start=\"926\" data-end=\"939\">Prata 925<\/strong> acompanham <strong data-start=\"951\" data-end=\"995\">Certificado de Garantia de Autenticidade<\/strong>, assegurando a <strong data-start=\"1011\" data-end=\"1029\">dura\u00e7\u00e3o eterna<\/strong> do material. Diferente das bijuterias, pe\u00e7as em Prata 925 preservam brilho, valor e significado por toda a vida, assim como o <strong data-start=\"1156\" data-end=\"1168\">Ouro 18k<\/strong>.<\/p>\n","protected":false},"excerpt":{"rendered":"<p>Detalhes do Produto: Corrente estilo ter\u00e7o ros\u00e1rio, confeccionada em Prata 925 leg\u00edtima, com contas delicadas ao longo da corrente, crucifixo na ponta e medalha central,&#8230;<\/p>\n","protected":false},"featured_media":4836,"comment_status":"open","ping_status":"closed","template":"","meta":[],"etheme_brands":[],"product_brand":[],"product_cat":[106,93],"product_tag":[133],"class_list":{"0":"post-4837","1":"product","2":"type-product","3":"status-publish","4":"has-post-thumbnail","6":"product_cat-categoriacolarescolar-feminino","7":"product_cat-categoriacolares","8":"product_tag-uze-pratas","10":"first","11":"outofstock","12":"shipping-taxable","13":"product-type-variable"},"_links":{"self":[{"href":"https:\/\/agenciausphot.com\/uze\/wp-json\/wp\/v2\/product\/4837","targetHints":{"allow":["GET"]}}],"collection":[{"href":"https:\/\/agenciausphot.com\/uze\/wp-json\/wp\/v2\/product"}],"about":[{"href":"https:\/\/agenciausphot.com\/uze\/wp-json\/wp\/v2\/types\/product"}],"replies":[{"embeddable":true,"href":"https:\/\/agenciausphot.com\/uze\/wp-json\/wp\/v2\/comments?post=4837"}],"version-history":[{"count":1,"href":"https:\/\/agenciausphot.com\/uze\/wp-json\/wp\/v2\/product\/4837\/revisions"}],"predecessor-version":[{"id":5916,"href":"https:\/\/agenciausphot.com\/uze\/wp-json\/wp\/v2\/product\/4837\/revisions\/5916"}],"wp:featuredmedia":[{"embeddable":true,"href":"https:\/\/agenciausphot.com\/uze\/wp-json\/wp\/v2\/media\/4836"}],"wp:attachment":[{"href":"https:\/\/agenciausphot.com\/uze\/wp-json\/wp\/v2\/media?parent=4837"}],"wp:term":[{"taxonomy":"brand","embeddable":true,"href":"https:\/\/agenciausphot.com\/uze\/wp-json\/wp\/v2\/etheme_brands?post=4837"},{"taxonomy":"product_brand","embeddable":true,"href":"https:\/\/agenciausphot.com\/uze\/wp-json\/wp\/v2\/product_brand?post=4837"},{"taxonomy":"product_cat","embeddable":true,"href":"https:\/\/agenciausphot.com\/uze\/wp-json\/wp\/v2\/product_cat?post=4837"},{"taxonomy":"product_tag","embeddable":true,"href":"https:\/\/agenciausphot.com\/uze\/wp-json\/wp\/v2\/product_tag?post=4837"}],"curies":[{"name":"wp","href":"https:\/\/api.w.org\/{rel}","templated":true}]}}