{"id":4835,"date":"2025-10-29T13:03:56","date_gmt":"2025-10-29T13:03:56","guid":{"rendered":"https:\/\/agenciausphot.com\/uze\/produto\/colar-personalizado-medalha-pingente-coracao\/"},"modified":"2025-11-04T20:40:46","modified_gmt":"2025-11-04T20:40:46","slug":"colar-personalizado-medalha-pingente-coracao","status":"publish","type":"product","link":"https:\/\/agenciausphot.com\/uze\/produto\/colar-personalizado-medalha-pingente-coracao\/","title":{"rendered":"Colar personalizado medalha + pingente cora\u00e7\u00e3o"},"content":{"rendered":"<h3 data-start=\"124\" data-end=\"150\">Detalhes do Produto:<\/h3>\n<p data-start=\"151\" data-end=\"542\">Colar em <strong data-start=\"160\" data-end=\"182\">Prata 925 leg\u00edtima<\/strong>, com corrente delicada e dois pingentes especiais: uma <strong data-start=\"238\" data-end=\"268\">medalha lisa personalizada<\/strong>, ideal para gravar nomes, datas ou s\u00edmbolos marcantes, e um <strong data-start=\"329\" data-end=\"363\">pingente em formato de cora\u00e7\u00e3o<\/strong>, que transmite amor e afeto. O design une eleg\u00e2ncia e significado, criando uma joia \u00fanica e personalizada, perfeita para eternizar momentos especiais ou presentear quem se ama.<\/p>\n<p data-start=\"544\" data-end=\"667\">As pratas 925 possuem <strong data-start=\"566\" data-end=\"588\">garantia vital\u00edcia<\/strong>, reconhecidas por sua resist\u00eancia, durabilidade e excelente custo-benef\u00edcio.<\/p>\n<hr data-start=\"669\" data-end=\"672\">\n<h3 data-start=\"674\" data-end=\"706\">Especifica\u00e7\u00f5es do produto:<\/h3>\n<ul data-start=\"707\" data-end=\"971\">\n<li data-start=\"707\" data-end=\"769\">\n<p data-start=\"709\" data-end=\"769\"><strong data-start=\"709\" data-end=\"720\">Modelo:<\/strong> Colar Personalizado Medalha + Pingente Cora\u00e7\u00e3o<\/p>\n<\/li>\n<li data-start=\"770\" data-end=\"819\">\n<p data-start=\"772\" data-end=\"819\"><strong data-start=\"772\" data-end=\"800\">Comprimento da Corrente:<\/strong> 45cm (ajust\u00e1vel)<\/p>\n<\/li>\n<li data-start=\"820\" data-end=\"883\">\n<p data-start=\"822\" data-end=\"883\"><strong data-start=\"822\" data-end=\"836\">Pingentes:<\/strong> Medalha lisa (personaliz\u00e1vel) + cora\u00e7\u00e3o liso<\/p>\n<\/li>\n<li data-start=\"884\" data-end=\"920\">\n<p data-start=\"886\" data-end=\"920\"><strong data-start=\"886\" data-end=\"899\">Material:<\/strong> Prata 925 leg\u00edtima<\/p>\n<\/li>\n<li data-start=\"921\" data-end=\"945\">\n<p data-start=\"923\" data-end=\"945\"><strong data-start=\"923\" data-end=\"934\">G\u00eanero:<\/strong> Feminino<\/p>\n<\/li>\n<li data-start=\"946\" data-end=\"971\">\n<p data-start=\"948\" data-end=\"971\"><strong data-start=\"948\" data-end=\"957\">Peso:<\/strong> Aprox. 2,8g<\/p>\n<\/li>\n<\/ul>\n<hr data-start=\"973\" data-end=\"976\">\n<h3 data-start=\"978\" data-end=\"993\">Garantia:<\/h3>\n<p data-start=\"994\" data-end=\"1246\">Todos os colares em <strong data-start=\"1014\" data-end=\"1027\">Prata 925<\/strong> acompanham <strong data-start=\"1039\" data-end=\"1083\">Certificado de Garantia de Autenticidade<\/strong>, assegurando a <strong data-start=\"1099\" data-end=\"1117\">dura\u00e7\u00e3o eterna<\/strong> do material. Diferente das bijuterias, pe\u00e7as em Prata 925 preservam brilho e valor por toda a vida, assim como o <strong data-start=\"1231\" data-end=\"1243\">Ouro 18k<\/strong>.<\/p>\n","protected":false},"excerpt":{"rendered":"<p>Detalhes do Produto: Colar em Prata 925 leg\u00edtima, com corrente delicada e dois pingentes especiais: uma medalha lisa personalizada, ideal para gravar nomes, datas ou&#8230;<\/p>\n","protected":false},"featured_media":4834,"comment_status":"open","ping_status":"closed","template":"","meta":[],"etheme_brands":[],"product_brand":[],"product_cat":[106,93],"product_tag":[133],"class_list":{"0":"post-4835","1":"product","2":"type-product","3":"status-publish","4":"has-post-thumbnail","6":"product_cat-categoriacolarescolar-feminino","7":"product_cat-categoriacolares","8":"product_tag-uze-pratas","10":"first","11":"outofstock","12":"shipping-taxable","13":"product-type-variable"},"_links":{"self":[{"href":"https:\/\/agenciausphot.com\/uze\/wp-json\/wp\/v2\/product\/4835","targetHints":{"allow":["GET"]}}],"collection":[{"href":"https:\/\/agenciausphot.com\/uze\/wp-json\/wp\/v2\/product"}],"about":[{"href":"https:\/\/agenciausphot.com\/uze\/wp-json\/wp\/v2\/types\/product"}],"replies":[{"embeddable":true,"href":"https:\/\/agenciausphot.com\/uze\/wp-json\/wp\/v2\/comments?post=4835"}],"version-history":[{"count":1,"href":"https:\/\/agenciausphot.com\/uze\/wp-json\/wp\/v2\/product\/4835\/revisions"}],"predecessor-version":[{"id":5915,"href":"https:\/\/agenciausphot.com\/uze\/wp-json\/wp\/v2\/product\/4835\/revisions\/5915"}],"wp:featuredmedia":[{"embeddable":true,"href":"https:\/\/agenciausphot.com\/uze\/wp-json\/wp\/v2\/media\/4834"}],"wp:attachment":[{"href":"https:\/\/agenciausphot.com\/uze\/wp-json\/wp\/v2\/media?parent=4835"}],"wp:term":[{"taxonomy":"brand","embeddable":true,"href":"https:\/\/agenciausphot.com\/uze\/wp-json\/wp\/v2\/etheme_brands?post=4835"},{"taxonomy":"product_brand","embeddable":true,"href":"https:\/\/agenciausphot.com\/uze\/wp-json\/wp\/v2\/product_brand?post=4835"},{"taxonomy":"product_cat","embeddable":true,"href":"https:\/\/agenciausphot.com\/uze\/wp-json\/wp\/v2\/product_cat?post=4835"},{"taxonomy":"product_tag","embeddable":true,"href":"https:\/\/agenciausphot.com\/uze\/wp-json\/wp\/v2\/product_tag?post=4835"}],"curies":[{"name":"wp","href":"https:\/\/api.w.org\/{rel}","templated":true}]}}