{"id":4833,"date":"2025-10-29T13:03:54","date_gmt":"2025-10-29T13:03:54","guid":{"rendered":"https:\/\/agenciausphot.com\/uze\/produto\/colar-personalizado-medalha\/"},"modified":"2025-11-04T20:40:46","modified_gmt":"2025-11-04T20:40:46","slug":"colar-personalizado-medalha","status":"publish","type":"product","link":"https:\/\/agenciausphot.com\/uze\/produto\/colar-personalizado-medalha\/","title":{"rendered":"Colar personalizado medalha"},"content":{"rendered":"<h3 data-start=\"105\" data-end=\"131\">Detalhes do Produto:<\/h3>\n<p data-start=\"132\" data-end=\"507\">Colar em <strong data-start=\"141\" data-end=\"163\">Prata 925 leg\u00edtima<\/strong>, com corrente delicada e pingente em formato de <strong data-start=\"212\" data-end=\"228\">medalha lisa<\/strong>, ideal para <strong data-start=\"241\" data-end=\"259\">personaliza\u00e7\u00e3o<\/strong> com nomes, iniciais, datas ou s\u00edmbolos especiais. O design minimalista e elegante torna a pe\u00e7a atemporal, permitindo que cada pessoa carregue uma lembran\u00e7a \u00fanica e cheia de significado. Perfeito para presentear ou eternizar momentos importantes.<\/p>\n<p data-start=\"509\" data-end=\"629\">As pratas 925 possuem <strong data-start=\"531\" data-end=\"553\">garantia vital\u00edcia<\/strong>, reconhecidas por sua resist\u00eancia, qualidade e excelente custo-benef\u00edcio.<\/p>\n<hr data-start=\"631\" data-end=\"634\">\n<h3 data-start=\"636\" data-end=\"668\">Especifica\u00e7\u00f5es do produto:<\/h3>\n<ul data-start=\"669\" data-end=\"906\">\n<li data-start=\"669\" data-end=\"721\">\n<p data-start=\"671\" data-end=\"721\"><strong data-start=\"671\" data-end=\"682\">Modelo:<\/strong> Colar Personalizado Medalha em Prata<\/p>\n<\/li>\n<li data-start=\"722\" data-end=\"771\">\n<p data-start=\"724\" data-end=\"771\"><strong data-start=\"724\" data-end=\"752\">Comprimento da Corrente:<\/strong> 45cm (ajust\u00e1vel)<\/p>\n<\/li>\n<li data-start=\"772\" data-end=\"819\">\n<p data-start=\"774\" data-end=\"819\"><strong data-start=\"774\" data-end=\"787\">Pingente:<\/strong> Medalha lisa (personaliz\u00e1vel)<\/p>\n<\/li>\n<li data-start=\"820\" data-end=\"856\">\n<p data-start=\"822\" data-end=\"856\"><strong data-start=\"822\" data-end=\"835\">Material:<\/strong> Prata 925 leg\u00edtima<\/p>\n<\/li>\n<li data-start=\"857\" data-end=\"880\">\n<p data-start=\"859\" data-end=\"880\"><strong data-start=\"859\" data-end=\"870\">G\u00eanero:<\/strong> Unissex<\/p>\n<\/li>\n<li data-start=\"881\" data-end=\"906\">\n<p data-start=\"883\" data-end=\"906\"><strong data-start=\"883\" data-end=\"892\">Peso:<\/strong> Aprox. 2,5g<\/p>\n<\/li>\n<\/ul>\n<hr data-start=\"908\" data-end=\"911\">\n<h3 data-start=\"913\" data-end=\"928\">Garantia:<\/h3>\n<p data-start=\"929\" data-end=\"1181\">Todos os colares em <strong data-start=\"949\" data-end=\"962\">Prata 925<\/strong> acompanham <strong data-start=\"974\" data-end=\"1018\">Certificado de Garantia de Autenticidade<\/strong>, assegurando a <strong data-start=\"1034\" data-end=\"1052\">dura\u00e7\u00e3o eterna<\/strong> do material. Diferente das bijuterias, pe\u00e7as em Prata 925 preservam brilho e valor por toda a vida, assim como o <strong data-start=\"1166\" data-end=\"1178\">Ouro 18k<\/strong>.<\/p>\n","protected":false},"excerpt":{"rendered":"<p>Detalhes do Produto: Colar em Prata 925 leg\u00edtima, com corrente delicada e pingente em formato de medalha lisa, ideal para personaliza\u00e7\u00e3o com nomes, iniciais, datas&#8230;<\/p>\n","protected":false},"featured_media":4832,"comment_status":"open","ping_status":"closed","template":"","meta":[],"etheme_brands":[],"product_brand":[],"product_cat":[107,93],"product_tag":[133],"class_list":{"0":"post-4833","1":"product","2":"type-product","3":"status-publish","4":"has-post-thumbnail","6":"product_cat-categoriacolarescolar-masculino","7":"product_cat-categoriacolares","8":"product_tag-uze-pratas","10":"first","11":"outofstock","12":"shipping-taxable","13":"product-type-variable"},"_links":{"self":[{"href":"https:\/\/agenciausphot.com\/uze\/wp-json\/wp\/v2\/product\/4833","targetHints":{"allow":["GET"]}}],"collection":[{"href":"https:\/\/agenciausphot.com\/uze\/wp-json\/wp\/v2\/product"}],"about":[{"href":"https:\/\/agenciausphot.com\/uze\/wp-json\/wp\/v2\/types\/product"}],"replies":[{"embeddable":true,"href":"https:\/\/agenciausphot.com\/uze\/wp-json\/wp\/v2\/comments?post=4833"}],"version-history":[{"count":1,"href":"https:\/\/agenciausphot.com\/uze\/wp-json\/wp\/v2\/product\/4833\/revisions"}],"predecessor-version":[{"id":5914,"href":"https:\/\/agenciausphot.com\/uze\/wp-json\/wp\/v2\/product\/4833\/revisions\/5914"}],"wp:featuredmedia":[{"embeddable":true,"href":"https:\/\/agenciausphot.com\/uze\/wp-json\/wp\/v2\/media\/4832"}],"wp:attachment":[{"href":"https:\/\/agenciausphot.com\/uze\/wp-json\/wp\/v2\/media?parent=4833"}],"wp:term":[{"taxonomy":"brand","embeddable":true,"href":"https:\/\/agenciausphot.com\/uze\/wp-json\/wp\/v2\/etheme_brands?post=4833"},{"taxonomy":"product_brand","embeddable":true,"href":"https:\/\/agenciausphot.com\/uze\/wp-json\/wp\/v2\/product_brand?post=4833"},{"taxonomy":"product_cat","embeddable":true,"href":"https:\/\/agenciausphot.com\/uze\/wp-json\/wp\/v2\/product_cat?post=4833"},{"taxonomy":"product_tag","embeddable":true,"href":"https:\/\/agenciausphot.com\/uze\/wp-json\/wp\/v2\/product_tag?post=4833"}],"curies":[{"name":"wp","href":"https:\/\/api.w.org\/{rel}","templated":true}]}}