{"id":4781,"date":"2025-10-29T13:03:16","date_gmt":"2025-10-29T13:03:16","guid":{"rendered":"https:\/\/agenciausphot.com\/uze\/produto\/colar-de-prata-cristal-redondo-verde-cravejado\/"},"modified":"2025-11-04T20:40:32","modified_gmt":"2025-11-04T20:40:32","slug":"colar-de-prata-cristal-redondo-verde-cravejado","status":"publish","type":"product","link":"https:\/\/agenciausphot.com\/uze\/produto\/colar-de-prata-cristal-redondo-verde-cravejado\/","title":{"rendered":"Colar de prata cristal redondo verde cravejado"},"content":{"rendered":"<h3 data-start=\"115\" data-end=\"141\">Detalhes do Produto:<\/h3>\n<p data-start=\"142\" data-end=\"493\">Colar em <strong data-start=\"151\" data-end=\"173\">Prata 925 leg\u00edtima<\/strong>, com corrente delicada e pingente em formato <strong data-start=\"219\" data-end=\"230\">redondo<\/strong>, trazendo uma <strong data-start=\"245\" data-end=\"263\">zirc\u00f4nia verde<\/strong> central em corte cl\u00e1ssico, rodeada por micro zirc\u00f4nias cristal cravejadas que intensificam o brilho e a sofistica\u00e7\u00e3o da pe\u00e7a. Um design elegante e refinado, perfeito para compor looks modernos e destacar-se em qualquer ocasi\u00e3o.<\/p>\n<p data-start=\"495\" data-end=\"618\">As pratas 925 possuem <strong data-start=\"517\" data-end=\"539\">garantia vital\u00edcia<\/strong>, reconhecidas por sua durabilidade, resist\u00eancia e excelente custo-benef\u00edcio.<\/p>\n<hr data-start=\"620\" data-end=\"623\">\n<h3 data-start=\"625\" data-end=\"657\">Especifica\u00e7\u00f5es do produto:<\/h3>\n<ul data-start=\"658\" data-end=\"993\">\n<li data-start=\"658\" data-end=\"711\">\n<p data-start=\"660\" data-end=\"711\"><strong data-start=\"660\" data-end=\"671\">Modelo:<\/strong> Colar Cristal Redondo Verde Cravejado<\/p>\n<\/li>\n<li data-start=\"712\" data-end=\"761\">\n<p data-start=\"714\" data-end=\"761\"><strong data-start=\"714\" data-end=\"742\">Comprimento da Corrente:<\/strong> 45cm (ajust\u00e1vel)<\/p>\n<\/li>\n<li data-start=\"762\" data-end=\"835\">\n<p data-start=\"764\" data-end=\"835\"><strong data-start=\"764\" data-end=\"777\">Pingente:<\/strong> Redondo com zirc\u00f4nia verde central e cravejado ao redor<\/p>\n<\/li>\n<li data-start=\"836\" data-end=\"905\">\n<p data-start=\"838\" data-end=\"905\"><strong data-start=\"838\" data-end=\"853\">Dim. Pedra:<\/strong> 6mm (zirc\u00f4nia central) + 1mm (zirc\u00f4nias ao redor)<\/p>\n<\/li>\n<li data-start=\"906\" data-end=\"942\">\n<p data-start=\"908\" data-end=\"942\"><strong data-start=\"908\" data-end=\"921\">Material:<\/strong> Prata 925 leg\u00edtima<\/p>\n<\/li>\n<li data-start=\"943\" data-end=\"967\">\n<p data-start=\"945\" data-end=\"967\"><strong data-start=\"945\" data-end=\"956\">G\u00eanero:<\/strong> Feminino<\/p>\n<\/li>\n<li data-start=\"968\" data-end=\"993\">\n<p data-start=\"970\" data-end=\"993\"><strong data-start=\"970\" data-end=\"979\">Peso:<\/strong> Aprox. 2,3g<\/p>\n<\/li>\n<\/ul>\n<hr data-start=\"995\" data-end=\"998\">\n<h3 data-start=\"1000\" data-end=\"1015\">Garantia:<\/h3>\n<p data-start=\"1016\" data-end=\"1268\">Todos os colares em <strong data-start=\"1036\" data-end=\"1049\">Prata 925<\/strong> acompanham <strong data-start=\"1061\" data-end=\"1105\">Certificado de Garantia de Autenticidade<\/strong>, assegurando a <strong data-start=\"1121\" data-end=\"1139\">dura\u00e7\u00e3o eterna<\/strong> do material. Diferente das bijuterias, pe\u00e7as em Prata 925 preservam brilho e valor por toda a vida, assim como o <strong data-start=\"1253\" data-end=\"1265\">Ouro 18k<\/strong>.<\/p>\n","protected":false},"excerpt":{"rendered":"<p>Detalhes do Produto: Colar em Prata 925 leg\u00edtima, com corrente delicada e pingente em formato redondo, trazendo uma zirc\u00f4nia verde central em corte cl\u00e1ssico, rodeada&#8230;<\/p>\n","protected":false},"featured_media":4780,"comment_status":"open","ping_status":"closed","template":"","meta":[],"etheme_brands":[],"product_brand":[],"product_cat":[106,93],"product_tag":[133],"class_list":{"0":"post-4781","1":"product","2":"type-product","3":"status-publish","4":"has-post-thumbnail","6":"product_cat-categoriacolarescolar-feminino","7":"product_cat-categoriacolares","8":"product_tag-uze-pratas","10":"first","11":"outofstock","12":"shipping-taxable","13":"product-type-variable"},"_links":{"self":[{"href":"https:\/\/agenciausphot.com\/uze\/wp-json\/wp\/v2\/product\/4781","targetHints":{"allow":["GET"]}}],"collection":[{"href":"https:\/\/agenciausphot.com\/uze\/wp-json\/wp\/v2\/product"}],"about":[{"href":"https:\/\/agenciausphot.com\/uze\/wp-json\/wp\/v2\/types\/product"}],"replies":[{"embeddable":true,"href":"https:\/\/agenciausphot.com\/uze\/wp-json\/wp\/v2\/comments?post=4781"}],"version-history":[{"count":1,"href":"https:\/\/agenciausphot.com\/uze\/wp-json\/wp\/v2\/product\/4781\/revisions"}],"predecessor-version":[{"id":5890,"href":"https:\/\/agenciausphot.com\/uze\/wp-json\/wp\/v2\/product\/4781\/revisions\/5890"}],"wp:featuredmedia":[{"embeddable":true,"href":"https:\/\/agenciausphot.com\/uze\/wp-json\/wp\/v2\/media\/4780"}],"wp:attachment":[{"href":"https:\/\/agenciausphot.com\/uze\/wp-json\/wp\/v2\/media?parent=4781"}],"wp:term":[{"taxonomy":"brand","embeddable":true,"href":"https:\/\/agenciausphot.com\/uze\/wp-json\/wp\/v2\/etheme_brands?post=4781"},{"taxonomy":"product_brand","embeddable":true,"href":"https:\/\/agenciausphot.com\/uze\/wp-json\/wp\/v2\/product_brand?post=4781"},{"taxonomy":"product_cat","embeddable":true,"href":"https:\/\/agenciausphot.com\/uze\/wp-json\/wp\/v2\/product_cat?post=4781"},{"taxonomy":"product_tag","embeddable":true,"href":"https:\/\/agenciausphot.com\/uze\/wp-json\/wp\/v2\/product_tag?post=4781"}],"curies":[{"name":"wp","href":"https:\/\/api.w.org\/{rel}","templated":true}]}}