{"id":4776,"date":"2025-10-29T13:03:12","date_gmt":"2025-10-29T13:03:12","guid":{"rendered":"https:\/\/agenciausphot.com\/uze\/produto\/escapulario-sagrado-coracao-de-jesus-60cm-prata\/"},"modified":"2026-01-12T15:14:57","modified_gmt":"2026-01-12T15:14:57","slug":"escapulario-sagrado-coracao-de-jesus-60cm-prata","status":"publish","type":"product","link":"https:\/\/agenciausphot.com\/uze\/produto\/escapulario-sagrado-coracao-de-jesus-60cm-prata\/","title":{"rendered":"Escapulario sagrado cora\u00e7\u00e3o de jesus 60cm prata"},"content":{"rendered":"<h3 data-start=\"119\" data-end=\"145\">Detalhes do Produto:<\/h3>\n<p data-start=\"146\" data-end=\"554\">Escapul\u00e1rio em <strong data-start=\"161\" data-end=\"183\">Prata 925 leg\u00edtima<\/strong>, com corrente de <strong data-start=\"201\" data-end=\"209\">60cm<\/strong> e duas plaquinhas retangulares, sendo uma com a imagem do <strong data-start=\"268\" data-end=\"296\">Sagrado Cora\u00e7\u00e3o de Jesus<\/strong> e a outra da <strong data-start=\"310\" data-end=\"336\">Nossa Senhora do Carmo<\/strong>. O design delicado e o acabamento polido garantem brilho e sofistica\u00e7\u00e3o, sem perder o car\u00e1ter espiritual e devocional da pe\u00e7a. Uma joia de f\u00e9, prote\u00e7\u00e3o e tradi\u00e7\u00e3o, perfeita para uso di\u00e1rio ou como presente especial.<\/p>\n<p data-start=\"556\" data-end=\"679\">As pratas 925 possuem <strong data-start=\"578\" data-end=\"600\">garantia vital\u00edcia<\/strong>, reconhecidas por sua durabilidade, resist\u00eancia e excelente custo-benef\u00edcio.<\/p>\n<hr data-start=\"681\" data-end=\"684\">\n<h3 data-start=\"686\" data-end=\"718\">Especifica\u00e7\u00f5es do produto:<\/h3>\n<ul data-start=\"719\" data-end=\"978\">\n<li data-start=\"719\" data-end=\"771\">\n<p data-start=\"721\" data-end=\"771\"><strong data-start=\"721\" data-end=\"732\">Modelo:<\/strong> Escapul\u00e1rio Sagrado Cora\u00e7\u00e3o de Jesus<\/p>\n<\/li>\n<li data-start=\"772\" data-end=\"809\">\n<p data-start=\"774\" data-end=\"809\"><strong data-start=\"774\" data-end=\"802\">Comprimento da Corrente:<\/strong> 60cm<\/p>\n<\/li>\n<li data-start=\"810\" data-end=\"891\">\n<p data-start=\"812\" data-end=\"891\"><strong data-start=\"812\" data-end=\"826\">Pingentes:<\/strong> Placas com o Sagrado Cora\u00e7\u00e3o de Jesus e Nossa Senhora do Carmo<\/p>\n<\/li>\n<li data-start=\"892\" data-end=\"928\">\n<p data-start=\"894\" data-end=\"928\"><strong data-start=\"894\" data-end=\"907\">Material:<\/strong> Prata 925 leg\u00edtima<\/p>\n<\/li>\n<li data-start=\"929\" data-end=\"952\">\n<p data-start=\"931\" data-end=\"952\"><strong data-start=\"931\" data-end=\"942\">G\u00eanero:<\/strong> Unissex<\/p>\n<\/li>\n<li data-start=\"953\" data-end=\"978\">\n<p data-start=\"955\" data-end=\"978\"><strong data-start=\"955\" data-end=\"964\">Peso:<\/strong> Aprox. 4,0g<\/p>\n<\/li>\n<\/ul>\n<hr data-start=\"980\" data-end=\"983\">\n<h3 data-start=\"985\" data-end=\"1000\">Garantia:<\/h3>\n<p data-start=\"1001\" data-end=\"1271\">Todos os escapul\u00e1rios em <strong data-start=\"1026\" data-end=\"1039\">Prata 925<\/strong> acompanham <strong data-start=\"1051\" data-end=\"1095\">Certificado de Garantia de Autenticidade<\/strong>, assegurando a <strong data-start=\"1111\" data-end=\"1129\">dura\u00e7\u00e3o eterna<\/strong> do material. Diferente das bijuterias, pe\u00e7as em Prata 925 preservam brilho, valor e significado por toda a vida, assim como o <strong data-start=\"1256\" data-end=\"1268\">Ouro 18k<\/strong>.<\/p>\n<hr data-start=\"1273\" data-end=\"1278\">\n<p data-start=\"1280\" data-end=\"1422\" data-is-last-node=\"\" data-is-only-node=\"\">\n","protected":false},"excerpt":{"rendered":"<p>Detalhes do Produto: Escapul\u00e1rio em Prata 925 leg\u00edtima, com corrente de 60cm e duas plaquinhas retangulares, sendo uma com a imagem do Sagrado Cora\u00e7\u00e3o de&#8230;<\/p>\n","protected":false},"featured_media":4775,"comment_status":"open","ping_status":"closed","template":"","meta":[],"etheme_brands":[],"product_brand":[],"product_cat":[107,93],"product_tag":[133],"class_list":{"0":"post-4776","1":"product","2":"type-product","3":"status-publish","4":"has-post-thumbnail","6":"product_cat-categoriacolarescolar-masculino","7":"product_cat-categoriacolares","8":"product_tag-uze-pratas","10":"first","11":"outofstock","12":"shipping-taxable","13":"product-type-variable"},"_links":{"self":[{"href":"https:\/\/agenciausphot.com\/uze\/wp-json\/wp\/v2\/product\/4776","targetHints":{"allow":["GET"]}}],"collection":[{"href":"https:\/\/agenciausphot.com\/uze\/wp-json\/wp\/v2\/product"}],"about":[{"href":"https:\/\/agenciausphot.com\/uze\/wp-json\/wp\/v2\/types\/product"}],"replies":[{"embeddable":true,"href":"https:\/\/agenciausphot.com\/uze\/wp-json\/wp\/v2\/comments?post=4776"}],"version-history":[{"count":1,"href":"https:\/\/agenciausphot.com\/uze\/wp-json\/wp\/v2\/product\/4776\/revisions"}],"predecessor-version":[{"id":5888,"href":"https:\/\/agenciausphot.com\/uze\/wp-json\/wp\/v2\/product\/4776\/revisions\/5888"}],"wp:featuredmedia":[{"embeddable":true,"href":"https:\/\/agenciausphot.com\/uze\/wp-json\/wp\/v2\/media\/4775"}],"wp:attachment":[{"href":"https:\/\/agenciausphot.com\/uze\/wp-json\/wp\/v2\/media?parent=4776"}],"wp:term":[{"taxonomy":"brand","embeddable":true,"href":"https:\/\/agenciausphot.com\/uze\/wp-json\/wp\/v2\/etheme_brands?post=4776"},{"taxonomy":"product_brand","embeddable":true,"href":"https:\/\/agenciausphot.com\/uze\/wp-json\/wp\/v2\/product_brand?post=4776"},{"taxonomy":"product_cat","embeddable":true,"href":"https:\/\/agenciausphot.com\/uze\/wp-json\/wp\/v2\/product_cat?post=4776"},{"taxonomy":"product_tag","embeddable":true,"href":"https:\/\/agenciausphot.com\/uze\/wp-json\/wp\/v2\/product_tag?post=4776"}],"curies":[{"name":"wp","href":"https:\/\/api.w.org\/{rel}","templated":true}]}}