{"id":4772,"date":"2025-10-29T13:03:09","date_gmt":"2025-10-29T13:03:09","guid":{"rendered":"https:\/\/agenciausphot.com\/uze\/produto\/colar-olho-grego-cilios\/"},"modified":"2025-12-05T04:41:38","modified_gmt":"2025-12-05T04:41:38","slug":"colar-olho-grego-cilios","status":"publish","type":"product","link":"https:\/\/agenciausphot.com\/uze\/produto\/colar-olho-grego-cilios\/","title":{"rendered":"Colar olho grego c\u00edlios"},"content":{"rendered":"<h3 data-start=\"105\" data-end=\"131\">Detalhes do Produto:<\/h3>\n<p data-start=\"132\" data-end=\"500\">Colar em <strong data-start=\"141\" data-end=\"163\">Prata 925 leg\u00edtima<\/strong>, com corrente delicada e pingente em formato de <strong data-start=\"212\" data-end=\"237\">olho grego com c\u00edlios<\/strong>, s\u00edmbolo de prote\u00e7\u00e3o contra energias negativas e mau-olhado. O design moderno une significado e estilo, com acabamento polido que garante brilho e sofistica\u00e7\u00e3o. Uma joia cheia de personalidade, ideal para quem busca um acess\u00f3rio de prote\u00e7\u00e3o aliado \u00e0 eleg\u00e2ncia.<\/p>\n<p data-start=\"502\" data-end=\"623\">As pratas 925 possuem <strong data-start=\"524\" data-end=\"546\">garantia vital\u00edcia<\/strong>, reconhecidas por sua durabilidade, qualidade e excelente custo-benef\u00edcio.<\/p>\n<hr data-start=\"625\" data-end=\"628\">\n<h3 data-start=\"630\" data-end=\"662\">Especifica\u00e7\u00f5es do produto:<\/h3>\n<ul data-start=\"663\" data-end=\"904\">\n<li data-start=\"663\" data-end=\"715\">\n<p data-start=\"665\" data-end=\"715\"><strong data-start=\"665\" data-end=\"676\">Modelo:<\/strong> Colar Olho Grego com C\u00edlios em Prata<\/p>\n<\/li>\n<li data-start=\"716\" data-end=\"765\">\n<p data-start=\"718\" data-end=\"765\"><strong data-start=\"718\" data-end=\"746\">Comprimento da Corrente:<\/strong> 45cm (ajust\u00e1vel)<\/p>\n<\/li>\n<li data-start=\"766\" data-end=\"816\">\n<p data-start=\"768\" data-end=\"816\"><strong data-start=\"768\" data-end=\"781\">Pingente:<\/strong> Olho grego estilizado com c\u00edlios<\/p>\n<\/li>\n<li data-start=\"817\" data-end=\"853\">\n<p data-start=\"819\" data-end=\"853\"><strong data-start=\"819\" data-end=\"832\">Material:<\/strong> Prata 925 leg\u00edtima<\/p>\n<\/li>\n<li data-start=\"854\" data-end=\"878\">\n<p data-start=\"856\" data-end=\"878\"><strong data-start=\"856\" data-end=\"867\">G\u00eanero:<\/strong> Feminino<\/p>\n<\/li>\n<li data-start=\"879\" data-end=\"904\">\n<p data-start=\"881\" data-end=\"904\"><strong data-start=\"881\" data-end=\"890\">Peso:<\/strong> Aprox. 2,0g<\/p>\n<\/li>\n<\/ul>\n<hr data-start=\"906\" data-end=\"909\">\n<h3 data-start=\"911\" data-end=\"926\">Garantia:<\/h3>\n<p data-start=\"927\" data-end=\"1176\">Todos os colares em <strong data-start=\"947\" data-end=\"960\">Prata 925<\/strong> acompanham <strong data-start=\"972\" data-end=\"1016\">Certificado de Garantia de Autenticidade<\/strong>, assegurando a <strong data-start=\"1032\" data-end=\"1050\">dura\u00e7\u00e3o eterna<\/strong> do material. Diferente das bijuterias, pe\u00e7as em Prata 925 mant\u00eam brilho e valor por toda a vida, assim como o <strong data-start=\"1161\" data-end=\"1173\">Ouro 18k<\/strong>.<\/p>\n<hr data-start=\"1178\" data-end=\"1183\">\n<p data-start=\"1185\" data-end=\"1315\" data-is-last-node=\"\" data-is-only-node=\"\">\n","protected":false},"excerpt":{"rendered":"<p>Detalhes do Produto: Colar em Prata 925 leg\u00edtima, com corrente delicada e pingente em formato de olho grego com c\u00edlios, s\u00edmbolo de prote\u00e7\u00e3o contra energias&#8230;<\/p>\n","protected":false},"featured_media":4771,"comment_status":"open","ping_status":"closed","template":"","meta":[],"etheme_brands":[],"product_brand":[],"product_cat":[106,93],"product_tag":[133],"class_list":{"0":"post-4772","1":"product","2":"type-product","3":"status-publish","4":"has-post-thumbnail","6":"product_cat-categoriacolarescolar-feminino","7":"product_cat-categoriacolares","8":"product_tag-uze-pratas","10":"first","11":"outofstock","12":"shipping-taxable","13":"product-type-variable"},"_links":{"self":[{"href":"https:\/\/agenciausphot.com\/uze\/wp-json\/wp\/v2\/product\/4772","targetHints":{"allow":["GET"]}}],"collection":[{"href":"https:\/\/agenciausphot.com\/uze\/wp-json\/wp\/v2\/product"}],"about":[{"href":"https:\/\/agenciausphot.com\/uze\/wp-json\/wp\/v2\/types\/product"}],"replies":[{"embeddable":true,"href":"https:\/\/agenciausphot.com\/uze\/wp-json\/wp\/v2\/comments?post=4772"}],"version-history":[{"count":1,"href":"https:\/\/agenciausphot.com\/uze\/wp-json\/wp\/v2\/product\/4772\/revisions"}],"predecessor-version":[{"id":5886,"href":"https:\/\/agenciausphot.com\/uze\/wp-json\/wp\/v2\/product\/4772\/revisions\/5886"}],"wp:featuredmedia":[{"embeddable":true,"href":"https:\/\/agenciausphot.com\/uze\/wp-json\/wp\/v2\/media\/4771"}],"wp:attachment":[{"href":"https:\/\/agenciausphot.com\/uze\/wp-json\/wp\/v2\/media?parent=4772"}],"wp:term":[{"taxonomy":"brand","embeddable":true,"href":"https:\/\/agenciausphot.com\/uze\/wp-json\/wp\/v2\/etheme_brands?post=4772"},{"taxonomy":"product_brand","embeddable":true,"href":"https:\/\/agenciausphot.com\/uze\/wp-json\/wp\/v2\/product_brand?post=4772"},{"taxonomy":"product_cat","embeddable":true,"href":"https:\/\/agenciausphot.com\/uze\/wp-json\/wp\/v2\/product_cat?post=4772"},{"taxonomy":"product_tag","embeddable":true,"href":"https:\/\/agenciausphot.com\/uze\/wp-json\/wp\/v2\/product_tag?post=4772"}],"curies":[{"name":"wp","href":"https:\/\/api.w.org\/{rel}","templated":true}]}}