{"id":4755,"date":"2025-10-29T13:02:57","date_gmt":"2025-10-29T13:02:57","guid":{"rendered":"https:\/\/agenciausphot.com\/uze\/produto\/brinco-curva-cravejada\/"},"modified":"2025-12-05T04:41:35","modified_gmt":"2025-12-05T04:41:35","slug":"brinco-curva-cravejada","status":"publish","type":"product","link":"https:\/\/agenciausphot.com\/uze\/produto\/brinco-curva-cravejada\/","title":{"rendered":"Brinco curva cravejada"},"content":{"rendered":"<p data-start=\"50\" data-end=\"271\"><strong data-start=\"50\" data-end=\"89\">Brinco Curva Cravejada em Prata 925<\/strong><br data-start=\"89\" data-end=\"92\"><br \/>\nModerno e delicado, este brinco em formato de curva \u00e9 cravejado com zirc\u00f4nias que garantem brilho e sofistica\u00e7\u00e3o. Produzido em <strong data-start=\"219\" data-end=\"241\">Prata 925 leg\u00edtima<\/strong> com <strong data-start=\"246\" data-end=\"268\">garantia vital\u00edcia<\/strong>.<\/p>\n","protected":false},"excerpt":{"rendered":"<p>Brinco Curva Cravejada em Prata 925 Moderno e delicado, este brinco em formato de curva \u00e9 cravejado com zirc\u00f4nias que garantem brilho e sofistica\u00e7\u00e3o. Produzido&#8230;<\/p>\n","protected":false},"featured_media":4754,"comment_status":"open","ping_status":"closed","template":"","meta":[],"etheme_brands":[],"product_brand":[],"product_cat":[117,97],"product_tag":[133],"class_list":{"0":"post-4755","1":"product","2":"type-product","3":"status-publish","4":"has-post-thumbnail","6":"product_cat-categoriabrincosbrinco-feminino","7":"product_cat-categoriabrincos","8":"product_tag-uze-pratas","10":"first","11":"outofstock","12":"shipping-taxable","13":"purchasable","14":"product-type-simple"},"_links":{"self":[{"href":"https:\/\/agenciausphot.com\/uze\/wp-json\/wp\/v2\/product\/4755","targetHints":{"allow":["GET"]}}],"collection":[{"href":"https:\/\/agenciausphot.com\/uze\/wp-json\/wp\/v2\/product"}],"about":[{"href":"https:\/\/agenciausphot.com\/uze\/wp-json\/wp\/v2\/types\/product"}],"replies":[{"embeddable":true,"href":"https:\/\/agenciausphot.com\/uze\/wp-json\/wp\/v2\/comments?post=4755"}],"version-history":[{"count":1,"href":"https:\/\/agenciausphot.com\/uze\/wp-json\/wp\/v2\/product\/4755\/revisions"}],"predecessor-version":[{"id":5878,"href":"https:\/\/agenciausphot.com\/uze\/wp-json\/wp\/v2\/product\/4755\/revisions\/5878"}],"wp:featuredmedia":[{"embeddable":true,"href":"https:\/\/agenciausphot.com\/uze\/wp-json\/wp\/v2\/media\/4754"}],"wp:attachment":[{"href":"https:\/\/agenciausphot.com\/uze\/wp-json\/wp\/v2\/media?parent=4755"}],"wp:term":[{"taxonomy":"brand","embeddable":true,"href":"https:\/\/agenciausphot.com\/uze\/wp-json\/wp\/v2\/etheme_brands?post=4755"},{"taxonomy":"product_brand","embeddable":true,"href":"https:\/\/agenciausphot.com\/uze\/wp-json\/wp\/v2\/product_brand?post=4755"},{"taxonomy":"product_cat","embeddable":true,"href":"https:\/\/agenciausphot.com\/uze\/wp-json\/wp\/v2\/product_cat?post=4755"},{"taxonomy":"product_tag","embeddable":true,"href":"https:\/\/agenciausphot.com\/uze\/wp-json\/wp\/v2\/product_tag?post=4755"}],"curies":[{"name":"wp","href":"https:\/\/api.w.org\/{rel}","templated":true}]}}