{"id":4745,"date":"2025-10-29T13:02:50","date_gmt":"2025-10-29T13:02:50","guid":{"rendered":"https:\/\/agenciausphot.com\/uze\/produto\/brinco-coracao-amacado\/"},"modified":"2025-12-05T04:41:35","modified_gmt":"2025-12-05T04:41:35","slug":"brinco-coracao-amacado","status":"publish","type":"product","link":"https:\/\/agenciausphot.com\/uze\/produto\/brinco-coracao-amacado\/","title":{"rendered":"Brinco cora\u00e7\u00e3o ama\u00e7ado"},"content":{"rendered":"<p data-start=\"50\" data-end=\"265\"><strong data-start=\"50\" data-end=\"90\">Brinco Cora\u00e7\u00e3o Amassado em Prata 925<\/strong><br data-start=\"90\" data-end=\"93\"><br \/>\nDelicado e aut\u00eantico, este brinco em formato de cora\u00e7\u00e3o amassado traz um design moderno e cheio de estilo. Produzido em <strong data-start=\"213\" data-end=\"235\">Prata 925 leg\u00edtima<\/strong> com <strong data-start=\"240\" data-end=\"262\">garantia vital\u00edcia<\/strong>.<\/p>\n","protected":false},"excerpt":{"rendered":"<p>Brinco Cora\u00e7\u00e3o Amassado em Prata 925 Delicado e aut\u00eantico, este brinco em formato de cora\u00e7\u00e3o amassado traz um design moderno e cheio de estilo. Produzido&#8230;<\/p>\n","protected":false},"featured_media":4744,"comment_status":"open","ping_status":"closed","template":"","meta":[],"etheme_brands":[],"product_brand":[],"product_cat":[117,97],"product_tag":[133],"class_list":{"0":"post-4745","1":"product","2":"type-product","3":"status-publish","4":"has-post-thumbnail","6":"product_cat-categoriabrincosbrinco-feminino","7":"product_cat-categoriabrincos","8":"product_tag-uze-pratas","10":"first","11":"outofstock","12":"shipping-taxable","13":"purchasable","14":"product-type-simple"},"_links":{"self":[{"href":"https:\/\/agenciausphot.com\/uze\/wp-json\/wp\/v2\/product\/4745","targetHints":{"allow":["GET"]}}],"collection":[{"href":"https:\/\/agenciausphot.com\/uze\/wp-json\/wp\/v2\/product"}],"about":[{"href":"https:\/\/agenciausphot.com\/uze\/wp-json\/wp\/v2\/types\/product"}],"replies":[{"embeddable":true,"href":"https:\/\/agenciausphot.com\/uze\/wp-json\/wp\/v2\/comments?post=4745"}],"version-history":[{"count":1,"href":"https:\/\/agenciausphot.com\/uze\/wp-json\/wp\/v2\/product\/4745\/revisions"}],"predecessor-version":[{"id":5873,"href":"https:\/\/agenciausphot.com\/uze\/wp-json\/wp\/v2\/product\/4745\/revisions\/5873"}],"wp:featuredmedia":[{"embeddable":true,"href":"https:\/\/agenciausphot.com\/uze\/wp-json\/wp\/v2\/media\/4744"}],"wp:attachment":[{"href":"https:\/\/agenciausphot.com\/uze\/wp-json\/wp\/v2\/media?parent=4745"}],"wp:term":[{"taxonomy":"brand","embeddable":true,"href":"https:\/\/agenciausphot.com\/uze\/wp-json\/wp\/v2\/etheme_brands?post=4745"},{"taxonomy":"product_brand","embeddable":true,"href":"https:\/\/agenciausphot.com\/uze\/wp-json\/wp\/v2\/product_brand?post=4745"},{"taxonomy":"product_cat","embeddable":true,"href":"https:\/\/agenciausphot.com\/uze\/wp-json\/wp\/v2\/product_cat?post=4745"},{"taxonomy":"product_tag","embeddable":true,"href":"https:\/\/agenciausphot.com\/uze\/wp-json\/wp\/v2\/product_tag?post=4745"}],"curies":[{"name":"wp","href":"https:\/\/api.w.org\/{rel}","templated":true}]}}