{"id":4741,"date":"2025-10-29T13:02:47","date_gmt":"2025-10-29T13:02:47","guid":{"rendered":"https:\/\/agenciausphot.com\/uze\/produto\/trio-de-argola-coracoes-cravejada\/"},"modified":"2025-12-23T05:33:50","modified_gmt":"2025-12-23T05:33:50","slug":"trio-de-argola-coracoes-cravejada","status":"publish","type":"product","link":"https:\/\/agenciausphot.com\/uze\/produto\/trio-de-argola-coracoes-cravejada\/","title":{"rendered":"Trio de argola cora\u00e7\u00f5es cravejada"},"content":{"rendered":"<p data-start=\"50\" data-end=\"321\"><strong data-start=\"50\" data-end=\"101\">Trio de Argolas Cora\u00e7\u00f5es Cravejada em Prata 925<\/strong><br data-start=\"101\" data-end=\"104\"><br \/>\nRom\u00e2ntico e sofisticado, este trio de argolas \u00e9 adornado com delicados cora\u00e7\u00f5es cravejados em zirc\u00f4nias, garantindo brilho e eleg\u00e2ncia em cada detalhe. Produzido em <strong data-start=\"269\" data-end=\"291\">Prata 925 leg\u00edtima<\/strong> com <strong data-start=\"296\" data-end=\"318\">garantia vital\u00edcia<\/strong>.<\/p>\n","protected":false},"excerpt":{"rendered":"<p>Trio de Argolas Cora\u00e7\u00f5es Cravejada em Prata 925 Rom\u00e2ntico e sofisticado, este trio de argolas \u00e9 adornado com delicados cora\u00e7\u00f5es cravejados em zirc\u00f4nias, garantindo brilho&#8230;<\/p>\n","protected":false},"featured_media":4740,"comment_status":"open","ping_status":"closed","template":"","meta":[],"etheme_brands":[],"product_brand":[],"product_cat":[117,97],"product_tag":[133],"class_list":{"0":"post-4741","1":"product","2":"type-product","3":"status-publish","4":"has-post-thumbnail","6":"product_cat-categoriabrincosbrinco-feminino","7":"product_cat-categoriabrincos","8":"product_tag-uze-pratas","10":"first","11":"instock","12":"shipping-taxable","13":"purchasable","14":"product-type-simple"},"_links":{"self":[{"href":"https:\/\/agenciausphot.com\/uze\/wp-json\/wp\/v2\/product\/4741","targetHints":{"allow":["GET"]}}],"collection":[{"href":"https:\/\/agenciausphot.com\/uze\/wp-json\/wp\/v2\/product"}],"about":[{"href":"https:\/\/agenciausphot.com\/uze\/wp-json\/wp\/v2\/types\/product"}],"replies":[{"embeddable":true,"href":"https:\/\/agenciausphot.com\/uze\/wp-json\/wp\/v2\/comments?post=4741"}],"version-history":[{"count":1,"href":"https:\/\/agenciausphot.com\/uze\/wp-json\/wp\/v2\/product\/4741\/revisions"}],"predecessor-version":[{"id":5871,"href":"https:\/\/agenciausphot.com\/uze\/wp-json\/wp\/v2\/product\/4741\/revisions\/5871"}],"wp:featuredmedia":[{"embeddable":true,"href":"https:\/\/agenciausphot.com\/uze\/wp-json\/wp\/v2\/media\/4740"}],"wp:attachment":[{"href":"https:\/\/agenciausphot.com\/uze\/wp-json\/wp\/v2\/media?parent=4741"}],"wp:term":[{"taxonomy":"brand","embeddable":true,"href":"https:\/\/agenciausphot.com\/uze\/wp-json\/wp\/v2\/etheme_brands?post=4741"},{"taxonomy":"product_brand","embeddable":true,"href":"https:\/\/agenciausphot.com\/uze\/wp-json\/wp\/v2\/product_brand?post=4741"},{"taxonomy":"product_cat","embeddable":true,"href":"https:\/\/agenciausphot.com\/uze\/wp-json\/wp\/v2\/product_cat?post=4741"},{"taxonomy":"product_tag","embeddable":true,"href":"https:\/\/agenciausphot.com\/uze\/wp-json\/wp\/v2\/product_tag?post=4741"}],"curies":[{"name":"wp","href":"https:\/\/api.w.org\/{rel}","templated":true}]}}