{"id":4737,"date":"2025-10-29T13:02:44","date_gmt":"2025-10-29T13:02:44","guid":{"rendered":"https:\/\/agenciausphot.com\/uze\/produto\/trio-de-brincos-argola-lisa\/"},"modified":"2025-11-04T20:34:51","modified_gmt":"2025-11-04T20:34:51","slug":"trio-de-brincos-argola-lisa","status":"publish","type":"product","link":"https:\/\/agenciausphot.com\/uze\/produto\/trio-de-brincos-argola-lisa\/","title":{"rendered":"Trio de brincos argola lisa"},"content":{"rendered":"<p data-start=\"50\" data-end=\"282\"><strong data-start=\"50\" data-end=\"94\">Trio de Brincos Argola Lisa em Prata 925<\/strong><br data-start=\"94\" data-end=\"97\"><br \/>\nCl\u00e1ssico e vers\u00e1til, este trio de argolas lisas em diferentes tamanhos \u00e9 ideal para compor looks modernos e atemporais. Produzido em <strong data-start=\"230\" data-end=\"252\">Prata 925 leg\u00edtima<\/strong> com <strong data-start=\"257\" data-end=\"279\">garantia vital\u00edcia<\/strong>.<\/p>\n","protected":false},"excerpt":{"rendered":"<p>Trio de Brincos Argola Lisa em Prata 925 Cl\u00e1ssico e vers\u00e1til, este trio de argolas lisas em diferentes tamanhos \u00e9 ideal para compor looks modernos&#8230;<\/p>\n","protected":false},"featured_media":4736,"comment_status":"open","ping_status":"closed","template":"","meta":[],"etheme_brands":[],"product_brand":[],"product_cat":[117,97],"product_tag":[133],"class_list":{"0":"post-4737","1":"product","2":"type-product","3":"status-publish","4":"has-post-thumbnail","6":"product_cat-categoriabrincosbrinco-feminino","7":"product_cat-categoriabrincos","8":"product_tag-uze-pratas","10":"first","11":"instock","12":"shipping-taxable","13":"purchasable","14":"product-type-simple"},"_links":{"self":[{"href":"https:\/\/agenciausphot.com\/uze\/wp-json\/wp\/v2\/product\/4737","targetHints":{"allow":["GET"]}}],"collection":[{"href":"https:\/\/agenciausphot.com\/uze\/wp-json\/wp\/v2\/product"}],"about":[{"href":"https:\/\/agenciausphot.com\/uze\/wp-json\/wp\/v2\/types\/product"}],"replies":[{"embeddable":true,"href":"https:\/\/agenciausphot.com\/uze\/wp-json\/wp\/v2\/comments?post=4737"}],"version-history":[{"count":1,"href":"https:\/\/agenciausphot.com\/uze\/wp-json\/wp\/v2\/product\/4737\/revisions"}],"predecessor-version":[{"id":5869,"href":"https:\/\/agenciausphot.com\/uze\/wp-json\/wp\/v2\/product\/4737\/revisions\/5869"}],"wp:featuredmedia":[{"embeddable":true,"href":"https:\/\/agenciausphot.com\/uze\/wp-json\/wp\/v2\/media\/4736"}],"wp:attachment":[{"href":"https:\/\/agenciausphot.com\/uze\/wp-json\/wp\/v2\/media?parent=4737"}],"wp:term":[{"taxonomy":"brand","embeddable":true,"href":"https:\/\/agenciausphot.com\/uze\/wp-json\/wp\/v2\/etheme_brands?post=4737"},{"taxonomy":"product_brand","embeddable":true,"href":"https:\/\/agenciausphot.com\/uze\/wp-json\/wp\/v2\/product_brand?post=4737"},{"taxonomy":"product_cat","embeddable":true,"href":"https:\/\/agenciausphot.com\/uze\/wp-json\/wp\/v2\/product_cat?post=4737"},{"taxonomy":"product_tag","embeddable":true,"href":"https:\/\/agenciausphot.com\/uze\/wp-json\/wp\/v2\/product_tag?post=4737"}],"curies":[{"name":"wp","href":"https:\/\/api.w.org\/{rel}","templated":true}]}}