{"id":4735,"date":"2025-10-29T13:02:43","date_gmt":"2025-10-29T13:02:43","guid":{"rendered":"https:\/\/agenciausphot.com\/uze\/produto\/trio-de-brinco-argola-fina\/"},"modified":"2025-11-04T20:34:50","modified_gmt":"2025-11-04T20:34:50","slug":"trio-de-brinco-argola-fina","status":"publish","type":"product","link":"https:\/\/agenciausphot.com\/uze\/produto\/trio-de-brinco-argola-fina\/","title":{"rendered":"Trio de brinco argola fina"},"content":{"rendered":"<p data-start=\"50\" data-end=\"283\"><strong data-start=\"50\" data-end=\"94\">Trio de Brincos Argola Fina em Prata 925<\/strong><br data-start=\"94\" data-end=\"97\"><br \/>\nVers\u00e1til e delicado, este trio de argolas finas em diferentes tamanhos \u00e9 perfeito para combina\u00e7\u00f5es modernas e elegantes. Produzido em <strong data-start=\"231\" data-end=\"253\">Prata 925 leg\u00edtima<\/strong> com <strong data-start=\"258\" data-end=\"280\">garantia vital\u00edcia<\/strong>.<\/p>\n","protected":false},"excerpt":{"rendered":"<p>Trio de Brincos Argola Fina em Prata 925 Vers\u00e1til e delicado, este trio de argolas finas em diferentes tamanhos \u00e9 perfeito para combina\u00e7\u00f5es modernas e&#8230;<\/p>\n","protected":false},"featured_media":4734,"comment_status":"open","ping_status":"closed","template":"","meta":[],"etheme_brands":[],"product_brand":[],"product_cat":[117,97],"product_tag":[133],"class_list":{"0":"post-4735","1":"product","2":"type-product","3":"status-publish","4":"has-post-thumbnail","6":"product_cat-categoriabrincosbrinco-feminino","7":"product_cat-categoriabrincos","8":"product_tag-uze-pratas","10":"first","11":"instock","12":"shipping-taxable","13":"purchasable","14":"product-type-simple"},"_links":{"self":[{"href":"https:\/\/agenciausphot.com\/uze\/wp-json\/wp\/v2\/product\/4735","targetHints":{"allow":["GET"]}}],"collection":[{"href":"https:\/\/agenciausphot.com\/uze\/wp-json\/wp\/v2\/product"}],"about":[{"href":"https:\/\/agenciausphot.com\/uze\/wp-json\/wp\/v2\/types\/product"}],"replies":[{"embeddable":true,"href":"https:\/\/agenciausphot.com\/uze\/wp-json\/wp\/v2\/comments?post=4735"}],"version-history":[{"count":1,"href":"https:\/\/agenciausphot.com\/uze\/wp-json\/wp\/v2\/product\/4735\/revisions"}],"predecessor-version":[{"id":5868,"href":"https:\/\/agenciausphot.com\/uze\/wp-json\/wp\/v2\/product\/4735\/revisions\/5868"}],"wp:featuredmedia":[{"embeddable":true,"href":"https:\/\/agenciausphot.com\/uze\/wp-json\/wp\/v2\/media\/4734"}],"wp:attachment":[{"href":"https:\/\/agenciausphot.com\/uze\/wp-json\/wp\/v2\/media?parent=4735"}],"wp:term":[{"taxonomy":"brand","embeddable":true,"href":"https:\/\/agenciausphot.com\/uze\/wp-json\/wp\/v2\/etheme_brands?post=4735"},{"taxonomy":"product_brand","embeddable":true,"href":"https:\/\/agenciausphot.com\/uze\/wp-json\/wp\/v2\/product_brand?post=4735"},{"taxonomy":"product_cat","embeddable":true,"href":"https:\/\/agenciausphot.com\/uze\/wp-json\/wp\/v2\/product_cat?post=4735"},{"taxonomy":"product_tag","embeddable":true,"href":"https:\/\/agenciausphot.com\/uze\/wp-json\/wp\/v2\/product_tag?post=4735"}],"curies":[{"name":"wp","href":"https:\/\/api.w.org\/{rel}","templated":true}]}}