{"id":4727,"date":"2025-10-29T13:02:37","date_gmt":"2025-10-29T13:02:37","guid":{"rendered":"https:\/\/agenciausphot.com\/uze\/produto\/brinco-argola-cravejada\/"},"modified":"2025-11-18T14:05:58","modified_gmt":"2025-11-18T14:05:58","slug":"brinco-argola-cravejada","status":"publish","type":"product","link":"https:\/\/agenciausphot.com\/uze\/produto\/brinco-argola-cravejada\/","title":{"rendered":"Brinco argola cravejada"},"content":{"rendered":"<p data-start=\"50\" data-end=\"280\"><strong data-start=\"50\" data-end=\"90\">Brinco Argola Cravejada em Prata 925<\/strong><br data-start=\"90\" data-end=\"93\"><br \/>\nCl\u00e1ssico e sofisticado, este brinco argola \u00e9 cravejado com zirc\u00f4nias que garantem brilho e eleg\u00e2ncia em qualquer ocasi\u00e3o. Produzido em <strong data-start=\"228\" data-end=\"250\">Prata 925 leg\u00edtima<\/strong> com <strong data-start=\"255\" data-end=\"277\">garantia vital\u00edcia<\/strong>.<\/p>\n","protected":false},"excerpt":{"rendered":"<p>Brinco Argola Cravejada em Prata 925 Cl\u00e1ssico e sofisticado, este brinco argola \u00e9 cravejado com zirc\u00f4nias que garantem brilho e eleg\u00e2ncia em qualquer ocasi\u00e3o. Produzido&#8230;<\/p>\n","protected":false},"featured_media":4726,"comment_status":"open","ping_status":"closed","template":"","meta":[],"etheme_brands":[],"product_brand":[],"product_cat":[117,97],"product_tag":[133],"class_list":{"0":"post-4727","1":"product","2":"type-product","3":"status-publish","4":"has-post-thumbnail","6":"product_cat-categoriabrincosbrinco-feminino","7":"product_cat-categoriabrincos","8":"product_tag-uze-pratas","10":"first","11":"outofstock","12":"shipping-taxable","13":"purchasable","14":"product-type-simple"},"_links":{"self":[{"href":"https:\/\/agenciausphot.com\/uze\/wp-json\/wp\/v2\/product\/4727","targetHints":{"allow":["GET"]}}],"collection":[{"href":"https:\/\/agenciausphot.com\/uze\/wp-json\/wp\/v2\/product"}],"about":[{"href":"https:\/\/agenciausphot.com\/uze\/wp-json\/wp\/v2\/types\/product"}],"replies":[{"embeddable":true,"href":"https:\/\/agenciausphot.com\/uze\/wp-json\/wp\/v2\/comments?post=4727"}],"version-history":[{"count":1,"href":"https:\/\/agenciausphot.com\/uze\/wp-json\/wp\/v2\/product\/4727\/revisions"}],"predecessor-version":[{"id":5864,"href":"https:\/\/agenciausphot.com\/uze\/wp-json\/wp\/v2\/product\/4727\/revisions\/5864"}],"wp:featuredmedia":[{"embeddable":true,"href":"https:\/\/agenciausphot.com\/uze\/wp-json\/wp\/v2\/media\/4726"}],"wp:attachment":[{"href":"https:\/\/agenciausphot.com\/uze\/wp-json\/wp\/v2\/media?parent=4727"}],"wp:term":[{"taxonomy":"brand","embeddable":true,"href":"https:\/\/agenciausphot.com\/uze\/wp-json\/wp\/v2\/etheme_brands?post=4727"},{"taxonomy":"product_brand","embeddable":true,"href":"https:\/\/agenciausphot.com\/uze\/wp-json\/wp\/v2\/product_brand?post=4727"},{"taxonomy":"product_cat","embeddable":true,"href":"https:\/\/agenciausphot.com\/uze\/wp-json\/wp\/v2\/product_cat?post=4727"},{"taxonomy":"product_tag","embeddable":true,"href":"https:\/\/agenciausphot.com\/uze\/wp-json\/wp\/v2\/product_tag?post=4727"}],"curies":[{"name":"wp","href":"https:\/\/api.w.org\/{rel}","templated":true}]}}